{"id":135,"date":"2024-08-01T21:07:05","date_gmt":"2024-08-01T21:07:05","guid":{"rendered":"https:\/\/www.prefabricadoscolombia.com\/?page_id=135"},"modified":"2025-04-02T22:42:07","modified_gmt":"2025-04-02T22:42:07","slug":"adoquin","status":"publish","type":"page","link":"https:\/\/www.prefabricadoscolombia.com\/?page_id=135","title":{"rendered":"Adoqu\u00edn"},"content":{"rendered":"\t\t<div data-elementor-type=\"wp-page\" data-elementor-id=\"135\" class=\"elementor elementor-135\">\n\t\t\t\t<div class=\"elementor-element elementor-element-eb0ceae e-grid e-con-boxed e-con e-parent\" data-id=\"eb0ceae\" data-element_type=\"container\" data-e-type=\"container\" data-settings=\"{&quot;background_background&quot;:&quot;classic&quot;}\">\n\t\t\t\t\t<div class=\"e-con-inner\">\n\t\t\t\t<div class=\"elementor-element elementor-element-57f7041 elementor-widget elementor-widget-image\" data-id=\"57f7041\" data-element_type=\"widget\" data-e-type=\"widget\" data-widget_type=\"image.default\">\n\t\t\t\t<div class=\"elementor-widget-container\">\n\t\t\t\t\t\t\t\t\t\t\t\t<figure class=\"wp-caption\">\n\t\t\t\t\t\t\t\t\t\t\t<a href=\"https:\/\/www.prefabricadoscolombia.com\/?page_id=1841\">\n\t\t\t\t\t\t\t<img fetchpriority=\"high\" decoding=\"async\" width=\"800\" height=\"534\" src=\"https:\/\/www.prefabricadoscolombia.com\/wp-content\/uploads\/2024\/08\/Adoquin-Peatonal-10-20-4-1024x683.jpg\" class=\"attachment-large size-large wp-image-392\" alt=\"\" srcset=\"https:\/\/www.prefabricadoscolombia.com\/wp-content\/uploads\/2024\/08\/Adoquin-Peatonal-10-20-4-1024x683.jpg 1024w, https:\/\/www.prefabricadoscolombia.com\/wp-content\/uploads\/2024\/08\/Adoquin-Peatonal-10-20-4-300x200.jpg 300w, https:\/\/www.prefabricadoscolombia.com\/wp-content\/uploads\/2024\/08\/Adoquin-Peatonal-10-20-4-768x512.jpg 768w, https:\/\/www.prefabricadoscolombia.com\/wp-content\/uploads\/2024\/08\/Adoquin-Peatonal-10-20-4-1536x1024.jpg 1536w, https:\/\/www.prefabricadoscolombia.com\/wp-content\/uploads\/2024\/08\/Adoquin-Peatonal-10-20-4-2048x1365.jpg 2048w\" sizes=\"(max-width: 800px) 100vw, 800px\" \/>\t\t\t\t\t\t\t\t<\/a>\n\t\t\t\t\t\t\t\t\t\t\t<figcaption class=\"widget-image-caption wp-caption-text\">Adoqu\u00edn Peatonal 10-20-4<\/figcaption>\n\t\t\t\t\t\t\t\t\t\t<\/figure>\n\t\t\t\t\t\t\t\t\t<\/div>\n\t\t\t\t<\/div>\n\t\t\t\t<div class=\"elementor-element elementor-element-df98336 elementor-widget elementor-widget-image\" data-id=\"df98336\" data-element_type=\"widget\" data-e-type=\"widget\" data-widget_type=\"image.default\">\n\t\t\t\t<div class=\"elementor-widget-container\">\n\t\t\t\t\t\t\t\t\t\t\t\t<figure class=\"wp-caption\">\n\t\t\t\t\t\t\t\t\t\t\t<a href=\"https:\/\/www.prefabricadoscolombia.com\/?page_id=1913\">\n\t\t\t\t\t\t\t<img decoding=\"async\" width=\"800\" height=\"534\" src=\"https:\/\/www.prefabricadoscolombia.com\/wp-content\/uploads\/2024\/08\/Adoquin-Peatonal-10-20-06-1024x683.jpg\" class=\"attachment-large size-large wp-image-393\" alt=\"\" srcset=\"https:\/\/www.prefabricadoscolombia.com\/wp-content\/uploads\/2024\/08\/Adoquin-Peatonal-10-20-06-1024x683.jpg 1024w, https:\/\/www.prefabricadoscolombia.com\/wp-content\/uploads\/2024\/08\/Adoquin-Peatonal-10-20-06-300x200.jpg 300w, https:\/\/www.prefabricadoscolombia.com\/wp-content\/uploads\/2024\/08\/Adoquin-Peatonal-10-20-06-768x512.jpg 768w, https:\/\/www.prefabricadoscolombia.com\/wp-content\/uploads\/2024\/08\/Adoquin-Peatonal-10-20-06-1536x1024.jpg 1536w, https:\/\/www.prefabricadoscolombia.com\/wp-content\/uploads\/2024\/08\/Adoquin-Peatonal-10-20-06-2048x1365.jpg 2048w\" sizes=\"(max-width: 800px) 100vw, 800px\" \/>\t\t\t\t\t\t\t\t<\/a>\n\t\t\t\t\t\t\t\t\t\t\t<figcaption class=\"widget-image-caption wp-caption-text\">Adoqu\u00edn Peatonal 10-20-06<\/figcaption>\n\t\t\t\t\t\t\t\t\t\t<\/figure>\n\t\t\t\t\t\t\t\t\t<\/div>\n\t\t\t\t<\/div>\n\t\t\t\t<div class=\"elementor-element elementor-element-be82ef4 elementor-widget elementor-widget-image\" data-id=\"be82ef4\" data-element_type=\"widget\" data-e-type=\"widget\" data-widget_type=\"image.default\">\n\t\t\t\t<div class=\"elementor-widget-container\">\n\t\t\t\t\t\t\t\t\t\t\t\t<figure class=\"wp-caption\">\n\t\t\t\t\t\t\t\t\t\t\t<a href=\"https:\/\/www.prefabricadoscolombia.com\/?page_id=1934\">\n\t\t\t\t\t\t\t<img decoding=\"async\" width=\"800\" height=\"534\" src=\"https:\/\/www.prefabricadoscolombia.com\/wp-content\/uploads\/2024\/08\/Adoquin-Vehicular-10-20-08-1024x683.jpg\" class=\"attachment-large size-large wp-image-394\" alt=\"\" srcset=\"https:\/\/www.prefabricadoscolombia.com\/wp-content\/uploads\/2024\/08\/Adoquin-Vehicular-10-20-08-1024x683.jpg 1024w, https:\/\/www.prefabricadoscolombia.com\/wp-content\/uploads\/2024\/08\/Adoquin-Vehicular-10-20-08-300x200.jpg 300w, https:\/\/www.prefabricadoscolombia.com\/wp-content\/uploads\/2024\/08\/Adoquin-Vehicular-10-20-08-768x512.jpg 768w, https:\/\/www.prefabricadoscolombia.com\/wp-content\/uploads\/2024\/08\/Adoquin-Vehicular-10-20-08-1536x1024.jpg 1536w, https:\/\/www.prefabricadoscolombia.com\/wp-content\/uploads\/2024\/08\/Adoquin-Vehicular-10-20-08-2048x1365.jpg 2048w\" sizes=\"(max-width: 800px) 100vw, 800px\" \/>\t\t\t\t\t\t\t\t<\/a>\n\t\t\t\t\t\t\t\t\t\t\t<figcaption class=\"widget-image-caption wp-caption-text\">Adoqu\u00edn vehicular 10-20-08<\/figcaption>\n\t\t\t\t\t\t\t\t\t\t<\/figure>\n\t\t\t\t\t\t\t\t\t<\/div>\n\t\t\t\t<\/div>\n\t\t\t\t<div class=\"elementor-element elementor-element-3116d9d elementor-widget elementor-widget-image\" data-id=\"3116d9d\" data-element_type=\"widget\" data-e-type=\"widget\" data-widget_type=\"image.default\">\n\t\t\t\t<div class=\"elementor-widget-container\">\n\t\t\t\t\t\t\t\t\t\t\t\t<figure class=\"wp-caption\">\n\t\t\t\t\t\t\t\t\t\t\t<a href=\"https:\/\/www.prefabricadoscolombia.com\/?page_id=2185\">\n\t\t\t\t\t\t\t<img loading=\"lazy\" decoding=\"async\" width=\"800\" height=\"443\" src=\"https:\/\/www.prefabricadoscolombia.com\/wp-content\/uploads\/2025\/03\/60-40-08-Vehicular.png\" class=\"attachment-large size-large wp-image-1964\" alt=\"\" srcset=\"https:\/\/www.prefabricadoscolombia.com\/wp-content\/uploads\/2025\/03\/60-40-08-Vehicular.png 806w, https:\/\/www.prefabricadoscolombia.com\/wp-content\/uploads\/2025\/03\/60-40-08-Vehicular-300x166.png 300w, https:\/\/www.prefabricadoscolombia.com\/wp-content\/uploads\/2025\/03\/60-40-08-Vehicular-768x425.png 768w\" sizes=\"(max-width: 800px) 100vw, 800px\" \/>\t\t\t\t\t\t\t\t<\/a>\n\t\t\t\t\t\t\t\t\t\t\t<figcaption class=\"widget-image-caption wp-caption-text\">Gramoqu\u00edn Veh\u00edcular <\/figcaption>\n\t\t\t\t\t\t\t\t\t\t<\/figure>\n\t\t\t\t\t\t\t\t\t<\/div>\n\t\t\t\t<\/div>\n\t\t\t\t<div class=\"elementor-element elementor-element-f565f88 elementor-widget elementor-widget-image\" data-id=\"f565f88\" data-element_type=\"widget\" data-e-type=\"widget\" data-widget_type=\"image.default\">\n\t\t\t\t<div class=\"elementor-widget-container\">\n\t\t\t\t\t\t\t\t\t\t\t\t<figure class=\"wp-caption\">\n\t\t\t\t\t\t\t\t\t\t\t<a href=\"https:\/\/www.prefabricadoscolombia.com\/?page_id=2212\">\n\t\t\t\t\t\t\t<img loading=\"lazy\" decoding=\"async\" width=\"800\" height=\"450\" src=\"https:\/\/www.prefabricadoscolombia.com\/wp-content\/uploads\/2024\/08\/Adoquin-Ecologico-49-29-8-Vehicular-y-peatonal-1024x576.jpg\" class=\"attachment-large size-large wp-image-395\" alt=\"\" srcset=\"https:\/\/www.prefabricadoscolombia.com\/wp-content\/uploads\/2024\/08\/Adoquin-Ecologico-49-29-8-Vehicular-y-peatonal-1024x576.jpg 1024w, https:\/\/www.prefabricadoscolombia.com\/wp-content\/uploads\/2024\/08\/Adoquin-Ecologico-49-29-8-Vehicular-y-peatonal-768x432.jpg 768w\" sizes=\"(max-width: 800px) 100vw, 800px\" \/>\t\t\t\t\t\t\t\t<\/a>\n\t\t\t\t\t\t\t\t\t\t\t<figcaption class=\"widget-image-caption wp-caption-text\">Adoqu\u00edn Ecol\u00f3gico<\/figcaption>\n\t\t\t\t\t\t\t\t\t\t<\/figure>\n\t\t\t\t\t\t\t\t\t<\/div>\n\t\t\t\t<\/div>\n\t\t\t\t<div class=\"elementor-element elementor-element-789f757 elementor-widget elementor-widget-image\" data-id=\"789f757\" data-element_type=\"widget\" data-e-type=\"widget\" data-widget_type=\"image.default\">\n\t\t\t\t<div class=\"elementor-widget-container\">\n\t\t\t\t\t\t\t\t\t\t\t\t<figure class=\"wp-caption\">\n\t\t\t\t\t\t\t\t\t\t\t<a href=\"https:\/\/www.prefabricadoscolombia.com\/?page_id=2233\">\n\t\t\t\t\t\t\t<img loading=\"lazy\" decoding=\"async\" width=\"800\" height=\"600\" src=\"https:\/\/www.prefabricadoscolombia.com\/wp-content\/uploads\/2024\/08\/CAM01400-1024x768.jpg\" class=\"attachment-large size-large wp-image-404\" alt=\"\" srcset=\"https:\/\/www.prefabricadoscolombia.com\/wp-content\/uploads\/2024\/08\/CAM01400-1024x768.jpg 1024w, https:\/\/www.prefabricadoscolombia.com\/wp-content\/uploads\/2024\/08\/CAM01400-300x225.jpg 300w, https:\/\/www.prefabricadoscolombia.com\/wp-content\/uploads\/2024\/08\/CAM01400-768x576.jpg 768w, https:\/\/www.prefabricadoscolombia.com\/wp-content\/uploads\/2024\/08\/CAM01400-1536x1152.jpg 1536w, https:\/\/www.prefabricadoscolombia.com\/wp-content\/uploads\/2024\/08\/CAM01400.jpg 2048w\" sizes=\"(max-width: 800px) 100vw, 800px\" \/>\t\t\t\t\t\t\t\t<\/a>\n\t\t\t\t\t\t\t\t\t\t\t<figcaption class=\"widget-image-caption wp-caption-text\">Adoqu\u00edn Ecol\u00f3gico Gramoqu\u00edn<\/figcaption>\n\t\t\t\t\t\t\t\t\t\t<\/figure>\n\t\t\t\t\t\t\t\t\t<\/div>\n\t\t\t\t<\/div>\n\t\t\t\t<div class=\"elementor-element elementor-element-4e9b71c elementor-widget elementor-widget-image\" data-id=\"4e9b71c\" data-element_type=\"widget\" data-e-type=\"widget\" data-widget_type=\"image.default\">\n\t\t\t\t<div class=\"elementor-widget-container\">\n\t\t\t\t\t\t\t\t\t\t\t\t<figure class=\"wp-caption\">\n\t\t\t\t\t\t\t\t\t\t\t<a href=\"https:\/\/www.prefabricadoscolombia.com\/?page_id=1913\">\n\t\t\t\t\t\t\t<img loading=\"lazy\" decoding=\"async\" width=\"768\" height=\"536\" src=\"https:\/\/www.prefabricadoscolombia.com\/wp-content\/uploads\/2025\/03\/IMG-20180726-WA0010-e1743200223783-768x536.jpg\" class=\"attachment-medium_large size-medium_large wp-image-1948\" alt=\"\" srcset=\"https:\/\/www.prefabricadoscolombia.com\/wp-content\/uploads\/2025\/03\/IMG-20180726-WA0010-e1743200223783-768x536.jpg 768w, https:\/\/www.prefabricadoscolombia.com\/wp-content\/uploads\/2025\/03\/IMG-20180726-WA0010-e1743200223783-300x209.jpg 300w, https:\/\/www.prefabricadoscolombia.com\/wp-content\/uploads\/2025\/03\/IMG-20180726-WA0010-e1743200223783.jpg 837w\" sizes=\"(max-width: 768px) 100vw, 768px\" \/>\t\t\t\t\t\t\t\t<\/a>\n\t\t\t\t\t\t\t\t\t\t\t<figcaption class=\"widget-image-caption wp-caption-text\">ADOQU\u00cdN PEATONAL<\/figcaption>\n\t\t\t\t\t\t\t\t\t\t<\/figure>\n\t\t\t\t\t\t\t\t\t<\/div>\n\t\t\t\t<\/div>\n\t\t\t\t<div class=\"elementor-element elementor-element-69f5f33 elementor-widget elementor-widget-image\" data-id=\"69f5f33\" data-element_type=\"widget\" data-e-type=\"widget\" data-widget_type=\"image.default\">\n\t\t\t\t<div class=\"elementor-widget-container\">\n\t\t\t\t\t\t\t\t\t\t\t\t<figure class=\"wp-caption\">\n\t\t\t\t\t\t\t\t\t\t\t<a href=\"https:\/\/www.prefabricadoscolombia.com\/?page_id=2245\">\n\t\t\t\t\t\t\t<img loading=\"lazy\" decoding=\"async\" width=\"337\" height=\"321\" src=\"https:\/\/www.prefabricadoscolombia.com\/wp-content\/uploads\/2024\/08\/Adoquin-Peatonal-Vehicular-Exagonal-1-e1723230870392.jpg\" class=\"attachment-large size-large wp-image-400\" alt=\"\" srcset=\"https:\/\/www.prefabricadoscolombia.com\/wp-content\/uploads\/2024\/08\/Adoquin-Peatonal-Vehicular-Exagonal-1-e1723230870392.jpg 337w, https:\/\/www.prefabricadoscolombia.com\/wp-content\/uploads\/2024\/08\/Adoquin-Peatonal-Vehicular-Exagonal-1-e1723230870392-300x286.jpg 300w\" sizes=\"(max-width: 337px) 100vw, 337px\" \/>\t\t\t\t\t\t\t\t<\/a>\n\t\t\t\t\t\t\t\t\t\t\t<figcaption class=\"widget-image-caption wp-caption-text\">Adoqu\u00edn hexagonal<\/figcaption>\n\t\t\t\t\t\t\t\t\t\t<\/figure>\n\t\t\t\t\t\t\t\t\t<\/div>\n\t\t\t\t<\/div>\n\t\t\t\t<div class=\"elementor-element elementor-element-0d040ce elementor-widget elementor-widget-image\" data-id=\"0d040ce\" data-element_type=\"widget\" data-e-type=\"widget\" data-widget_type=\"image.default\">\n\t\t\t\t<div class=\"elementor-widget-container\">\n\t\t\t\t\t\t\t\t\t\t\t\t<figure class=\"wp-caption\">\n\t\t\t\t\t\t\t\t\t\t\t<a href=\"https:\/\/www.prefabricadoscolombia.com\/wp-content\/uploads\/2024\/08\/Diseno-vikingo-en-colores-e1725297699243.jpg\" data-elementor-open-lightbox=\"yes\" data-elementor-lightbox-title=\"Adoqu\u00edn vikingo en colores\" data-e-action-hash=\"#elementor-action%3Aaction%3Dlightbox%26settings%3DeyJpZCI6NDAyLCJ1cmwiOiJodHRwczpcL1wvd3d3LnByZWZhYnJpY2Fkb3Njb2xvbWJpYS5jb21cL3dwLWNvbnRlbnRcL3VwbG9hZHNcLzIwMjRcLzA4XC9EaXNlbm8tdmlraW5nby1lbi1jb2xvcmVzLWUxNzI1Mjk3Njk5MjQzLmpwZyJ9\">\n\t\t\t\t\t\t\t<img loading=\"lazy\" decoding=\"async\" width=\"300\" height=\"296\" src=\"https:\/\/www.prefabricadoscolombia.com\/wp-content\/uploads\/2024\/08\/Diseno-vikingo-en-colores-e1725297699243-300x296.jpg\" class=\"attachment-medium size-medium wp-image-402\" alt=\"\" srcset=\"https:\/\/www.prefabricadoscolombia.com\/wp-content\/uploads\/2024\/08\/Diseno-vikingo-en-colores-e1725297699243-300x296.jpg 300w, https:\/\/www.prefabricadoscolombia.com\/wp-content\/uploads\/2024\/08\/Diseno-vikingo-en-colores-e1725297699243.jpg 714w\" sizes=\"(max-width: 300px) 100vw, 300px\" \/>\t\t\t\t\t\t\t\t<\/a>\n\t\t\t\t\t\t\t\t\t\t\t<figcaption class=\"widget-image-caption wp-caption-text\">Adoqu\u00edn vikingo en colores<\/figcaption>\n\t\t\t\t\t\t\t\t\t\t<\/figure>\n\t\t\t\t\t\t\t\t\t<\/div>\n\t\t\t\t<\/div>\n\t\t\t\t\t<\/div>\n\t\t\t\t<\/div>\n\t\t\t\t<\/div>\n\t\t","protected":false},"excerpt":{"rendered":"<p>Adoqu\u00edn Peatonal 10-20-4 Adoqu\u00edn Peatonal 10-20-06 Adoqu\u00edn vehicular 10-20-08 Gramoqu\u00edn Veh\u00edcular Adoqu\u00edn Ecol\u00f3gico Adoqu\u00edn Ecol\u00f3gico Gramoqu\u00edn ADOQU\u00cdN PEATONAL Adoqu\u00edn hexagonal Adoqu\u00edn vikingo en colores<\/p>\n","protected":false},"author":1,"featured_media":0,"parent":0,"menu_order":0,"comment_status":"closed","ping_status":"closed","template":"elementor_theme","meta":{"footnotes":""},"class_list":["post-135","page","type-page","status-publish","hentry"],"_links":{"self":[{"href":"https:\/\/www.prefabricadoscolombia.com\/index.php?rest_route=\/wp\/v2\/pages\/135","targetHints":{"allow":["GET"]}}],"collection":[{"href":"https:\/\/www.prefabricadoscolombia.com\/index.php?rest_route=\/wp\/v2\/pages"}],"about":[{"href":"https:\/\/www.prefabricadoscolombia.com\/index.php?rest_route=\/wp\/v2\/types\/page"}],"author":[{"embeddable":true,"href":"https:\/\/www.prefabricadoscolombia.com\/index.php?rest_route=\/wp\/v2\/users\/1"}],"replies":[{"embeddable":true,"href":"https:\/\/www.prefabricadoscolombia.com\/index.php?rest_route=%2Fwp%2Fv2%2Fcomments&post=135"}],"version-history":[{"count":100,"href":"https:\/\/www.prefabricadoscolombia.com\/index.php?rest_route=\/wp\/v2\/pages\/135\/revisions"}],"predecessor-version":[{"id":2266,"href":"https:\/\/www.prefabricadoscolombia.com\/index.php?rest_route=\/wp\/v2\/pages\/135\/revisions\/2266"}],"wp:attachment":[{"href":"https:\/\/www.prefabricadoscolombia.com\/index.php?rest_route=%2Fwp%2Fv2%2Fmedia&parent=135"}],"curies":[{"name":"wp","href":"https:\/\/api.w.org\/{rel}","templated":true}]}}