{"id":14,"date":"2024-07-31T16:26:37","date_gmt":"2024-07-31T16:26:37","guid":{"rendered":"https:\/\/www.prefabricadoscolombia.com\/servicios\/"},"modified":"2025-07-03T22:15:52","modified_gmt":"2025-07-03T22:15:52","slug":"servicios","status":"publish","type":"page","link":"https:\/\/www.prefabricadoscolombia.com\/?page_id=14","title":{"rendered":"Productos"},"content":{"rendered":"\t\t<div data-elementor-type=\"wp-page\" data-elementor-id=\"14\" class=\"elementor elementor-14\">\n\t\t\t\t<div class=\"elementor-element elementor-element-ce274af e-con-full e-flex e-con e-parent\" data-id=\"ce274af\" data-element_type=\"container\" data-e-type=\"container\" data-settings=\"{&quot;background_background&quot;:&quot;gradient&quot;}\">\n\t\t\t\t<div class=\"elementor-element elementor-element-2181f80 elementor-widget-divider--view-line elementor-widget elementor-widget-divider\" data-id=\"2181f80\" data-element_type=\"widget\" data-e-type=\"widget\" data-widget_type=\"divider.default\">\n\t\t\t\t<div class=\"elementor-widget-container\">\n\t\t\t\t\t\t\t<div class=\"elementor-divider\">\n\t\t\t<span class=\"elementor-divider-separator\">\n\t\t\t\t\t\t<\/span>\n\t\t<\/div>\n\t\t\t\t\t\t<\/div>\n\t\t\t\t<\/div>\n\t\t<div class=\"elementor-element elementor-element-e059a0d e-con-full e-flex e-con e-child\" data-id=\"e059a0d\" data-element_type=\"container\" data-e-type=\"container\">\n\t\t\t\t<div class=\"elementor-element elementor-element-9427258 elementor-widget elementor-widget-heading\" data-id=\"9427258\" data-element_type=\"widget\" data-e-type=\"widget\" data-widget_type=\"heading.default\">\n\t\t\t\t<div class=\"elementor-widget-container\">\n\t\t\t\t\t<h1 class=\"elementor-heading-title elementor-size-default\">Nuestros Productos<\/h1>\t\t\t\t<\/div>\n\t\t\t\t<\/div>\n\t\t\t\t<div class=\"elementor-element elementor-element-ceda6bd elementor-widget__width-initial elementor-widget-tablet__width-initial elementor-widget elementor-widget-heading\" data-id=\"ceda6bd\" data-element_type=\"widget\" data-e-type=\"widget\" data-widget_type=\"heading.default\">\n\t\t\t\t<div class=\"elementor-widget-container\">\n\t\t\t\t\t<h5 class=\"elementor-heading-title elementor-size-default\">Contamos con gran variedad de prefabricados en concreto<\/h5>\t\t\t\t<\/div>\n\t\t\t\t<\/div>\n\t\t\t\t<\/div>\n\t\t\t\t<\/div>\n\t\t<div class=\"elementor-element elementor-element-72f8ada e-grid e-con-full e-con e-parent\" data-id=\"72f8ada\" data-element_type=\"container\" data-e-type=\"container\">\n\t\t\t\t<div class=\"elementor-element elementor-element-ef5ef8d elementor-widget elementor-widget-image\" data-id=\"ef5ef8d\" data-element_type=\"widget\" data-e-type=\"widget\" data-widget_type=\"image.default\">\n\t\t\t\t<div class=\"elementor-widget-container\">\n\t\t\t\t\t\t\t\t\t\t\t\t<figure class=\"wp-caption\">\n\t\t\t\t\t\t\t\t\t\t\t<a href=\"https:\/\/www.prefabricadoscolombia.com\/?page_id=135\">\n\t\t\t\t\t\t\t<img fetchpriority=\"high\" decoding=\"async\" width=\"800\" height=\"600\" src=\"https:\/\/www.prefabricadoscolombia.com\/wp-content\/uploads\/2024\/08\/Adoquin-1024x768.jpg\" class=\"elementor-animation-grow attachment-large size-large wp-image-285\" alt=\"\" srcset=\"https:\/\/www.prefabricadoscolombia.com\/wp-content\/uploads\/2024\/08\/Adoquin-1024x768.jpg 1024w, https:\/\/www.prefabricadoscolombia.com\/wp-content\/uploads\/2024\/08\/Adoquin-300x225.jpg 300w, https:\/\/www.prefabricadoscolombia.com\/wp-content\/uploads\/2024\/08\/Adoquin-768x576.jpg 768w, https:\/\/www.prefabricadoscolombia.com\/wp-content\/uploads\/2024\/08\/Adoquin.jpg 1200w\" sizes=\"(max-width: 800px) 100vw, 800px\" \/>\t\t\t\t\t\t\t\t<\/a>\n\t\t\t\t\t\t\t\t\t\t\t<figcaption class=\"widget-image-caption wp-caption-text\">ADOQUINES<\/figcaption>\n\t\t\t\t\t\t\t\t\t\t<\/figure>\n\t\t\t\t\t\t\t\t\t<\/div>\n\t\t\t\t<\/div>\n\t\t\t\t<div class=\"elementor-element elementor-element-ce3a9a7 elementor-widget elementor-widget-image\" data-id=\"ce3a9a7\" data-element_type=\"widget\" data-e-type=\"widget\" data-widget_type=\"image.default\">\n\t\t\t\t<div class=\"elementor-widget-container\">\n\t\t\t\t\t\t\t\t\t\t\t\t<figure class=\"wp-caption\">\n\t\t\t\t\t\t\t\t\t\t\t<a href=\"https:\/\/www.prefabricadoscolombia.com\/?page_id=1034\">\n\t\t\t\t\t\t\t<img decoding=\"async\" width=\"800\" height=\"403\" src=\"https:\/\/www.prefabricadoscolombia.com\/wp-content\/uploads\/2024\/08\/Baldosas-33-x-33.png\" class=\"elementor-animation-grow attachment-large size-large wp-image-284\" alt=\"\" srcset=\"https:\/\/www.prefabricadoscolombia.com\/wp-content\/uploads\/2024\/08\/Baldosas-33-x-33.png 940w, https:\/\/www.prefabricadoscolombia.com\/wp-content\/uploads\/2024\/08\/Baldosas-33-x-33-300x151.png 300w, https:\/\/www.prefabricadoscolombia.com\/wp-content\/uploads\/2024\/08\/Baldosas-33-x-33-768x386.png 768w\" sizes=\"(max-width: 800px) 100vw, 800px\" \/>\t\t\t\t\t\t\t\t<\/a>\n\t\t\t\t\t\t\t\t\t\t\t<figcaption class=\"widget-image-caption wp-caption-text\">BALDOSAS<\/figcaption>\n\t\t\t\t\t\t\t\t\t\t<\/figure>\n\t\t\t\t\t\t\t\t\t<\/div>\n\t\t\t\t<\/div>\n\t\t\t\t<div class=\"elementor-element elementor-element-6bd1a5c elementor-widget elementor-widget-image\" data-id=\"6bd1a5c\" data-element_type=\"widget\" data-e-type=\"widget\" data-widget_type=\"image.default\">\n\t\t\t\t<div class=\"elementor-widget-container\">\n\t\t\t\t\t\t\t\t\t\t\t\t<figure class=\"wp-caption\">\n\t\t\t\t\t\t\t\t\t\t\t<a href=\"https:\/\/www.prefabricadoscolombia.com\/?page_id=559\">\n\t\t\t\t\t\t\t<img decoding=\"async\" width=\"790\" height=\"685\" src=\"https:\/\/www.prefabricadoscolombia.com\/wp-content\/uploads\/2024\/08\/WhatsApp-Image-2024-04-01-at-16.31.53.jpeg\" class=\"elementor-animation-grow attachment-large size-large wp-image-311\" alt=\"\" srcset=\"https:\/\/www.prefabricadoscolombia.com\/wp-content\/uploads\/2024\/08\/WhatsApp-Image-2024-04-01-at-16.31.53.jpeg 790w, https:\/\/www.prefabricadoscolombia.com\/wp-content\/uploads\/2024\/08\/WhatsApp-Image-2024-04-01-at-16.31.53-300x260.jpeg 300w, https:\/\/www.prefabricadoscolombia.com\/wp-content\/uploads\/2024\/08\/WhatsApp-Image-2024-04-01-at-16.31.53-768x666.jpeg 768w\" sizes=\"(max-width: 790px) 100vw, 790px\" \/>\t\t\t\t\t\t\t\t<\/a>\n\t\t\t\t\t\t\t\t\t\t\t<figcaption class=\"widget-image-caption wp-caption-text\">BANCAS<\/figcaption>\n\t\t\t\t\t\t\t\t\t\t<\/figure>\n\t\t\t\t\t\t\t\t\t<\/div>\n\t\t\t\t<\/div>\n\t\t\t\t<div class=\"elementor-element elementor-element-cef164c elementor-widget elementor-widget-image\" data-id=\"cef164c\" data-element_type=\"widget\" data-e-type=\"widget\" data-widget_type=\"image.default\">\n\t\t\t\t<div class=\"elementor-widget-container\">\n\t\t\t\t\t\t\t\t\t\t\t\t<figure class=\"wp-caption\">\n\t\t\t\t\t\t\t\t\t\t\t<a href=\"https:\/\/www.prefabricadoscolombia.com\/?page_id=136\">\n\t\t\t\t\t\t\t<img loading=\"lazy\" decoding=\"async\" width=\"800\" height=\"600\" src=\"https:\/\/www.prefabricadoscolombia.com\/wp-content\/uploads\/2024\/08\/CAM00600-1024x768.jpg\" class=\"elementor-animation-grow attachment-large size-large wp-image-320\" alt=\"\" srcset=\"https:\/\/www.prefabricadoscolombia.com\/wp-content\/uploads\/2024\/08\/CAM00600-1024x768.jpg 1024w, https:\/\/www.prefabricadoscolombia.com\/wp-content\/uploads\/2024\/08\/CAM00600-300x225.jpg 300w, https:\/\/www.prefabricadoscolombia.com\/wp-content\/uploads\/2024\/08\/CAM00600-768x576.jpg 768w, https:\/\/www.prefabricadoscolombia.com\/wp-content\/uploads\/2024\/08\/CAM00600-1536x1152.jpg 1536w, https:\/\/www.prefabricadoscolombia.com\/wp-content\/uploads\/2024\/08\/CAM00600.jpg 2048w\" sizes=\"(max-width: 800px) 100vw, 800px\" \/>\t\t\t\t\t\t\t\t<\/a>\n\t\t\t\t\t\t\t\t\t\t\t<figcaption class=\"widget-image-caption wp-caption-text\">BORDILLOS<\/figcaption>\n\t\t\t\t\t\t\t\t\t\t<\/figure>\n\t\t\t\t\t\t\t\t\t<\/div>\n\t\t\t\t<\/div>\n\t\t\t\t<div class=\"elementor-element elementor-element-a1512ca elementor-widget elementor-widget-image\" data-id=\"a1512ca\" data-element_type=\"widget\" data-e-type=\"widget\" data-widget_type=\"image.default\">\n\t\t\t\t<div class=\"elementor-widget-container\">\n\t\t\t\t\t\t\t\t\t\t\t\t<figure class=\"wp-caption\">\n\t\t\t\t\t\t\t\t\t\t\t<a href=\"https:\/\/www.prefabricadoscolombia.com\/?page_id=203\">\n\t\t\t\t\t\t\t<img loading=\"lazy\" decoding=\"async\" width=\"345\" height=\"298\" src=\"https:\/\/www.prefabricadoscolombia.com\/wp-content\/uploads\/2024\/08\/CAnuela-A-125-22.5-40-80-e1723217707216.jpg\" class=\"elementor-animation-grow attachment-large size-large wp-image-313\" alt=\"\" srcset=\"https:\/\/www.prefabricadoscolombia.com\/wp-content\/uploads\/2024\/08\/CAnuela-A-125-22.5-40-80-e1723217707216.jpg 345w, https:\/\/www.prefabricadoscolombia.com\/wp-content\/uploads\/2024\/08\/CAnuela-A-125-22.5-40-80-e1723217707216-300x259.jpg 300w\" sizes=\"(max-width: 345px) 100vw, 345px\" \/>\t\t\t\t\t\t\t\t<\/a>\n\t\t\t\t\t\t\t\t\t\t\t<figcaption class=\"widget-image-caption wp-caption-text\">CA\u00d1UELAS<\/figcaption>\n\t\t\t\t\t\t\t\t\t\t<\/figure>\n\t\t\t\t\t\t\t\t\t<\/div>\n\t\t\t\t<\/div>\n\t\t\t\t<div class=\"elementor-element elementor-element-8d6d2c0 elementor-widget elementor-widget-image\" data-id=\"8d6d2c0\" data-element_type=\"widget\" data-e-type=\"widget\" data-widget_type=\"image.default\">\n\t\t\t\t<div class=\"elementor-widget-container\">\n\t\t\t\t\t\t\t\t\t\t\t\t<figure class=\"wp-caption\">\n\t\t\t\t\t\t\t\t\t\t\t<a href=\"https:\/\/www.prefabricadoscolombia.com\/?page_id=202\">\n\t\t\t\t\t\t\t<img loading=\"lazy\" decoding=\"async\" width=\"340\" height=\"293\" src=\"https:\/\/www.prefabricadoscolombia.com\/wp-content\/uploads\/2024\/08\/Carcamos-3-tamanos-e1723213505163.png\" class=\"elementor-animation-grow attachment-large size-large wp-image-288\" alt=\"\" srcset=\"https:\/\/www.prefabricadoscolombia.com\/wp-content\/uploads\/2024\/08\/Carcamos-3-tamanos-e1723213505163.png 340w, https:\/\/www.prefabricadoscolombia.com\/wp-content\/uploads\/2024\/08\/Carcamos-3-tamanos-e1723213505163-300x259.png 300w\" sizes=\"(max-width: 340px) 100vw, 340px\" \/>\t\t\t\t\t\t\t\t<\/a>\n\t\t\t\t\t\t\t\t\t\t\t<figcaption class=\"widget-image-caption wp-caption-text\">C\u00c1RCAMOS<\/figcaption>\n\t\t\t\t\t\t\t\t\t\t<\/figure>\n\t\t\t\t\t\t\t\t\t<\/div>\n\t\t\t\t<\/div>\n\t\t\t\t<div class=\"elementor-element elementor-element-9b4a1c9 elementor-widget elementor-widget-image\" data-id=\"9b4a1c9\" data-element_type=\"widget\" data-e-type=\"widget\" data-widget_type=\"image.default\">\n\t\t\t\t<div class=\"elementor-widget-container\">\n\t\t\t\t\t\t\t\t\t\t\t\t<figure class=\"wp-caption\">\n\t\t\t\t\t\t\t\t\t\t\t<a href=\"https:\/\/www.prefabricadoscolombia.com\/?page_id=205\">\n\t\t\t\t\t\t\t<img loading=\"lazy\" decoding=\"async\" width=\"345\" height=\"345\" src=\"https:\/\/www.prefabricadoscolombia.com\/wp-content\/uploads\/2024\/08\/Cargues-Acueducto-Trafico-Pesado-e1723218081736.jpg\" class=\"elementor-animation-grow attachment-large size-large wp-image-314\" alt=\"\" srcset=\"https:\/\/www.prefabricadoscolombia.com\/wp-content\/uploads\/2024\/08\/Cargues-Acueducto-Trafico-Pesado-e1723218081736.jpg 345w, https:\/\/www.prefabricadoscolombia.com\/wp-content\/uploads\/2024\/08\/Cargues-Acueducto-Trafico-Pesado-e1723218081736-300x300.jpg 300w, https:\/\/www.prefabricadoscolombia.com\/wp-content\/uploads\/2024\/08\/Cargues-Acueducto-Trafico-Pesado-e1723218081736-150x150.jpg 150w\" sizes=\"(max-width: 345px) 100vw, 345px\" \/>\t\t\t\t\t\t\t\t<\/a>\n\t\t\t\t\t\t\t\t\t\t\t<figcaption class=\"widget-image-caption wp-caption-text\">CARGUE<\/figcaption>\n\t\t\t\t\t\t\t\t\t\t<\/figure>\n\t\t\t\t\t\t\t\t\t<\/div>\n\t\t\t\t<\/div>\n\t\t\t\t<div class=\"elementor-element elementor-element-510e805 elementor-widget elementor-widget-image\" data-id=\"510e805\" data-element_type=\"widget\" data-e-type=\"widget\" data-widget_type=\"image.default\">\n\t\t\t\t<div class=\"elementor-widget-container\">\n\t\t\t\t\t\t\t\t\t\t\t\t<figure class=\"wp-caption\">\n\t\t\t\t\t\t\t\t\t\t\t<a href=\"https:\/\/www.prefabricadoscolombia.com\/?page_id=563\">\n\t\t\t\t\t\t\t<img loading=\"lazy\" decoding=\"async\" width=\"577\" height=\"433\" src=\"https:\/\/www.prefabricadoscolombia.com\/wp-content\/uploads\/2025\/07\/Gargolas-sin-fondo.png\" class=\"elementor-animation-grow attachment-large size-large wp-image-3775\" alt=\"\" srcset=\"https:\/\/www.prefabricadoscolombia.com\/wp-content\/uploads\/2025\/07\/Gargolas-sin-fondo.png 577w, https:\/\/www.prefabricadoscolombia.com\/wp-content\/uploads\/2025\/07\/Gargolas-sin-fondo-300x225.png 300w\" sizes=\"(max-width: 577px) 100vw, 577px\" \/>\t\t\t\t\t\t\t\t<\/a>\n\t\t\t\t\t\t\t\t\t\t\t<figcaption class=\"widget-image-caption wp-caption-text\">GARGOLAS<\/figcaption>\n\t\t\t\t\t\t\t\t\t\t<\/figure>\n\t\t\t\t\t\t\t\t\t<\/div>\n\t\t\t\t<\/div>\n\t\t\t\t<div class=\"elementor-element elementor-element-b21a93b elementor-widget elementor-widget-image\" data-id=\"b21a93b\" data-element_type=\"widget\" data-e-type=\"widget\" data-widget_type=\"image.default\">\n\t\t\t\t<div class=\"elementor-widget-container\">\n\t\t\t\t\t\t\t\t\t\t\t\t<figure class=\"wp-caption\">\n\t\t\t\t\t\t\t\t\t\t\t<a href=\"https:\/\/www.prefabricadoscolombia.com\/?page_id=565\">\n\t\t\t\t\t\t\t<img loading=\"lazy\" decoding=\"async\" width=\"800\" height=\"618\" src=\"https:\/\/www.prefabricadoscolombia.com\/wp-content\/uploads\/2024\/08\/Lavadero-con-poseta-scaled-e1723218188516-1024x791.jpg\" class=\"elementor-animation-grow attachment-large size-large wp-image-325\" alt=\"\" srcset=\"https:\/\/www.prefabricadoscolombia.com\/wp-content\/uploads\/2024\/08\/Lavadero-con-poseta-scaled-e1723218188516-1024x791.jpg 1024w, https:\/\/www.prefabricadoscolombia.com\/wp-content\/uploads\/2024\/08\/Lavadero-con-poseta-scaled-e1723218188516-300x232.jpg 300w, https:\/\/www.prefabricadoscolombia.com\/wp-content\/uploads\/2024\/08\/Lavadero-con-poseta-scaled-e1723218188516-768x593.jpg 768w, https:\/\/www.prefabricadoscolombia.com\/wp-content\/uploads\/2024\/08\/Lavadero-con-poseta-scaled-e1723218188516-1536x1187.jpg 1536w, https:\/\/www.prefabricadoscolombia.com\/wp-content\/uploads\/2024\/08\/Lavadero-con-poseta-scaled-e1723218188516.jpg 1838w\" sizes=\"(max-width: 800px) 100vw, 800px\" \/>\t\t\t\t\t\t\t\t<\/a>\n\t\t\t\t\t\t\t\t\t\t\t<figcaption class=\"widget-image-caption wp-caption-text\">LAVADEROS<\/figcaption>\n\t\t\t\t\t\t\t\t\t\t<\/figure>\n\t\t\t\t\t\t\t\t\t<\/div>\n\t\t\t\t<\/div>\n\t\t\t\t<div class=\"elementor-element elementor-element-ee330ab elementor-widget elementor-widget-image\" data-id=\"ee330ab\" data-element_type=\"widget\" data-e-type=\"widget\" data-widget_type=\"image.default\">\n\t\t\t\t<div class=\"elementor-widget-container\">\n\t\t\t\t\t\t\t\t\t\t\t\t<figure class=\"wp-caption\">\n\t\t\t\t\t\t\t\t\t\t\t<a href=\"https:\/\/www.prefabricadoscolombia.com\/?page_id=201\">\n\t\t\t\t\t\t\t<img loading=\"lazy\" decoding=\"async\" width=\"800\" height=\"600\" src=\"https:\/\/www.prefabricadoscolombia.com\/wp-content\/uploads\/2024\/08\/CAM00515-1024x768.jpg\" class=\"elementor-animation-grow attachment-large size-large wp-image-318\" alt=\"\" srcset=\"https:\/\/www.prefabricadoscolombia.com\/wp-content\/uploads\/2024\/08\/CAM00515-1024x768.jpg 1024w, https:\/\/www.prefabricadoscolombia.com\/wp-content\/uploads\/2024\/08\/CAM00515-300x225.jpg 300w, https:\/\/www.prefabricadoscolombia.com\/wp-content\/uploads\/2024\/08\/CAM00515-768x576.jpg 768w, https:\/\/www.prefabricadoscolombia.com\/wp-content\/uploads\/2024\/08\/CAM00515-1536x1152.jpg 1536w, https:\/\/www.prefabricadoscolombia.com\/wp-content\/uploads\/2024\/08\/CAM00515.jpg 2048w\" sizes=\"(max-width: 800px) 100vw, 800px\" \/>\t\t\t\t\t\t\t\t<\/a>\n\t\t\t\t\t\t\t\t\t\t\t<figcaption class=\"widget-image-caption wp-caption-text\">LOSETAS<\/figcaption>\n\t\t\t\t\t\t\t\t\t\t<\/figure>\n\t\t\t\t\t\t\t\t\t<\/div>\n\t\t\t\t<\/div>\n\t\t\t\t<div class=\"elementor-element elementor-element-cc4f8c0 elementor-widget elementor-widget-image\" data-id=\"cc4f8c0\" data-element_type=\"widget\" data-e-type=\"widget\" data-widget_type=\"image.default\">\n\t\t\t\t<div class=\"elementor-widget-container\">\n\t\t\t\t\t\t\t\t\t\t\t\t<figure class=\"wp-caption\">\n\t\t\t\t\t\t\t\t\t\t\t<a href=\"https:\/\/www.prefabricadoscolombia.com\/?page_id=483\">\n\t\t\t\t\t\t\t<img loading=\"lazy\" decoding=\"async\" width=\"800\" height=\"600\" src=\"https:\/\/www.prefabricadoscolombia.com\/wp-content\/uploads\/2024\/08\/Mat-808080-2-cubierta-Formica-1024x768.jpg\" class=\"elementor-animation-grow attachment-large size-large wp-image-856\" alt=\"\" srcset=\"https:\/\/www.prefabricadoscolombia.com\/wp-content\/uploads\/2024\/08\/Mat-808080-2-cubierta-Formica-1024x768.jpg 1024w, https:\/\/www.prefabricadoscolombia.com\/wp-content\/uploads\/2024\/08\/Mat-808080-2-cubierta-Formica-300x225.jpg 300w, https:\/\/www.prefabricadoscolombia.com\/wp-content\/uploads\/2024\/08\/Mat-808080-2-cubierta-Formica-768x576.jpg 768w, https:\/\/www.prefabricadoscolombia.com\/wp-content\/uploads\/2024\/08\/Mat-808080-2-cubierta-Formica.jpg 1095w\" sizes=\"(max-width: 800px) 100vw, 800px\" \/>\t\t\t\t\t\t\t\t<\/a>\n\t\t\t\t\t\t\t\t\t\t\t<figcaption class=\"widget-image-caption wp-caption-text\">MATERAS<\/figcaption>\n\t\t\t\t\t\t\t\t\t\t<\/figure>\n\t\t\t\t\t\t\t\t\t<\/div>\n\t\t\t\t<\/div>\n\t\t\t\t<div class=\"elementor-element elementor-element-03ce2c8 elementor-widget elementor-widget-image\" data-id=\"03ce2c8\" data-element_type=\"widget\" data-e-type=\"widget\" data-widget_type=\"image.default\">\n\t\t\t\t<div class=\"elementor-widget-container\">\n\t\t\t\t\t\t\t\t\t\t\t\t<figure class=\"wp-caption\">\n\t\t\t\t\t\t\t\t\t\t\t<a href=\"https:\/\/www.prefabricadoscolombia.com\/?page_id=204\">\n\t\t\t\t\t\t\t<img loading=\"lazy\" decoding=\"async\" width=\"400\" height=\"267\" src=\"https:\/\/www.prefabricadoscolombia.com\/wp-content\/uploads\/2024\/08\/POSTE-CURBO-300.jpg\" class=\"elementor-animation-grow attachment-large size-large wp-image-490\" alt=\"\" srcset=\"https:\/\/www.prefabricadoscolombia.com\/wp-content\/uploads\/2024\/08\/POSTE-CURBO-300.jpg 400w, https:\/\/www.prefabricadoscolombia.com\/wp-content\/uploads\/2024\/08\/POSTE-CURBO-300-300x200.jpg 300w\" sizes=\"(max-width: 400px) 100vw, 400px\" \/>\t\t\t\t\t\t\t\t<\/a>\n\t\t\t\t\t\t\t\t\t\t\t<figcaption class=\"widget-image-caption wp-caption-text\">POSTES<\/figcaption>\n\t\t\t\t\t\t\t\t\t\t<\/figure>\n\t\t\t\t\t\t\t\t\t<\/div>\n\t\t\t\t<\/div>\n\t\t\t\t<div class=\"elementor-element elementor-element-9cf02cb elementor-widget elementor-widget-image\" data-id=\"9cf02cb\" data-element_type=\"widget\" data-e-type=\"widget\" data-widget_type=\"image.default\">\n\t\t\t\t<div class=\"elementor-widget-container\">\n\t\t\t\t\t\t\t\t\t\t\t\t<figure class=\"wp-caption\">\n\t\t\t\t\t\t\t\t\t\t\t<a href=\"https:\/\/www.prefabricadoscolombia.com\/?page_id=207\">\n\t\t\t\t\t\t\t<img loading=\"lazy\" decoding=\"async\" width=\"800\" height=\"450\" src=\"https:\/\/www.prefabricadoscolombia.com\/wp-content\/uploads\/2024\/08\/IMG-20161129-WA0002.jpg\" class=\"elementor-animation-grow attachment-large size-large wp-image-170\" alt=\"\" srcset=\"https:\/\/www.prefabricadoscolombia.com\/wp-content\/uploads\/2024\/08\/IMG-20161129-WA0002.jpg 960w, https:\/\/www.prefabricadoscolombia.com\/wp-content\/uploads\/2024\/08\/IMG-20161129-WA0002-300x169.jpg 300w, https:\/\/www.prefabricadoscolombia.com\/wp-content\/uploads\/2024\/08\/IMG-20161129-WA0002-768x432.jpg 768w\" sizes=\"(max-width: 800px) 100vw, 800px\" \/>\t\t\t\t\t\t\t\t<\/a>\n\t\t\t\t\t\t\t\t\t\t\t<figcaption class=\"widget-image-caption wp-caption-text\">REJILLAS<\/figcaption>\n\t\t\t\t\t\t\t\t\t\t<\/figure>\n\t\t\t\t\t\t\t\t\t<\/div>\n\t\t\t\t<\/div>\n\t\t\t\t<div class=\"elementor-element elementor-element-2723a87 elementor-widget elementor-widget-image\" data-id=\"2723a87\" data-element_type=\"widget\" data-e-type=\"widget\" data-widget_type=\"image.default\">\n\t\t\t\t<div class=\"elementor-widget-container\">\n\t\t\t\t\t\t\t\t\t\t\t\t<figure class=\"wp-caption\">\n\t\t\t\t\t\t\t\t\t\t\t<a href=\"https:\/\/www.prefabricadoscolombia.com\/?page_id=561\">\n\t\t\t\t\t\t\t<img loading=\"lazy\" decoding=\"async\" width=\"403\" height=\"381\" src=\"https:\/\/www.prefabricadoscolombia.com\/wp-content\/uploads\/2024\/08\/Caja-Sumidero-Sl-100.png\" class=\"elementor-animation-grow attachment-large size-large wp-image-286\" alt=\"\" srcset=\"https:\/\/www.prefabricadoscolombia.com\/wp-content\/uploads\/2024\/08\/Caja-Sumidero-Sl-100.png 403w, https:\/\/www.prefabricadoscolombia.com\/wp-content\/uploads\/2024\/08\/Caja-Sumidero-Sl-100-300x284.png 300w\" sizes=\"(max-width: 403px) 100vw, 403px\" \/>\t\t\t\t\t\t\t\t<\/a>\n\t\t\t\t\t\t\t\t\t\t\t<figcaption class=\"widget-image-caption wp-caption-text\">SUMIDEROS<\/figcaption>\n\t\t\t\t\t\t\t\t\t\t<\/figure>\n\t\t\t\t\t\t\t\t\t<\/div>\n\t\t\t\t<\/div>\n\t\t\t\t<div class=\"elementor-element elementor-element-f7fb5f7 elementor-widget elementor-widget-image\" data-id=\"f7fb5f7\" data-element_type=\"widget\" data-e-type=\"widget\" data-widget_type=\"image.default\">\n\t\t\t\t<div class=\"elementor-widget-container\">\n\t\t\t\t\t\t\t\t\t\t\t\t<figure class=\"wp-caption\">\n\t\t\t\t\t\t\t\t\t\t\t<a href=\"https:\/\/www.prefabricadoscolombia.com\/?page_id=548\">\n\t\t\t\t\t\t\t<img loading=\"lazy\" decoding=\"async\" width=\"800\" height=\"618\" src=\"https:\/\/www.prefabricadoscolombia.com\/wp-content\/uploads\/2024\/08\/Sardinel-A-10-scaled-e1725976125378-1024x791.jpg\" class=\"elementor-animation-grow attachment-large size-large wp-image-550\" alt=\"\" srcset=\"https:\/\/www.prefabricadoscolombia.com\/wp-content\/uploads\/2024\/08\/Sardinel-A-10-scaled-e1725976125378-1024x791.jpg 1024w, https:\/\/www.prefabricadoscolombia.com\/wp-content\/uploads\/2024\/08\/Sardinel-A-10-scaled-e1725976125378-300x232.jpg 300w, https:\/\/www.prefabricadoscolombia.com\/wp-content\/uploads\/2024\/08\/Sardinel-A-10-scaled-e1725976125378-768x593.jpg 768w, https:\/\/www.prefabricadoscolombia.com\/wp-content\/uploads\/2024\/08\/Sardinel-A-10-scaled-e1725976125378-1536x1186.jpg 1536w, https:\/\/www.prefabricadoscolombia.com\/wp-content\/uploads\/2024\/08\/Sardinel-A-10-scaled-e1725976125378-2048x1581.jpg 2048w\" sizes=\"(max-width: 800px) 100vw, 800px\" \/>\t\t\t\t\t\t\t\t<\/a>\n\t\t\t\t\t\t\t\t\t\t\t<figcaption class=\"widget-image-caption wp-caption-text\">SARDINEL<\/figcaption>\n\t\t\t\t\t\t\t\t\t\t<\/figure>\n\t\t\t\t\t\t\t\t\t<\/div>\n\t\t\t\t<\/div>\n\t\t\t\t<div class=\"elementor-element elementor-element-3c5a3b4 elementor-widget elementor-widget-image\" data-id=\"3c5a3b4\" data-element_type=\"widget\" data-e-type=\"widget\" data-widget_type=\"image.default\">\n\t\t\t\t<div class=\"elementor-widget-container\">\n\t\t\t\t\t\t\t\t\t\t\t\t<figure class=\"wp-caption\">\n\t\t\t\t\t\t\t\t\t\t\t<a href=\"https:\/\/www.prefabricadoscolombia.com\/?page_id=206\">\n\t\t\t\t\t\t\t<img loading=\"lazy\" decoding=\"async\" width=\"800\" height=\"450\" src=\"https:\/\/www.prefabricadoscolombia.com\/wp-content\/uploads\/2024\/08\/Topellantas-40-50-60-1024x576.jpg\" class=\"elementor-animation-grow attachment-large size-large wp-image-323\" alt=\"\" srcset=\"https:\/\/www.prefabricadoscolombia.com\/wp-content\/uploads\/2024\/08\/Topellantas-40-50-60-1024x576.jpg 1024w, https:\/\/www.prefabricadoscolombia.com\/wp-content\/uploads\/2024\/08\/Topellantas-40-50-60-300x169.jpg 300w, https:\/\/www.prefabricadoscolombia.com\/wp-content\/uploads\/2024\/08\/Topellantas-40-50-60-768x432.jpg 768w, https:\/\/www.prefabricadoscolombia.com\/wp-content\/uploads\/2024\/08\/Topellantas-40-50-60.jpg 1090w\" sizes=\"(max-width: 800px) 100vw, 800px\" \/>\t\t\t\t\t\t\t\t<\/a>\n\t\t\t\t\t\t\t\t\t\t\t<figcaption class=\"widget-image-caption wp-caption-text\">TOPELLANTAS<\/figcaption>\n\t\t\t\t\t\t\t\t\t\t<\/figure>\n\t\t\t\t\t\t\t\t\t<\/div>\n\t\t\t\t<\/div>\n\t\t\t\t<\/div>\n\t\t<div class=\"elementor-element elementor-element-ff783fd e-flex e-con-boxed e-con e-parent\" data-id=\"ff783fd\" data-element_type=\"container\" data-e-type=\"container\">\n\t\t\t\t\t<div class=\"e-con-inner\">\n\t\t<div class=\"elementor-element elementor-element-b4a7b1b e-con-full e-flex e-con e-child\" data-id=\"b4a7b1b\" data-element_type=\"container\" data-e-type=\"container\">\n\t\t\t\t<div class=\"elementor-element elementor-element-de98534 elementor-widget elementor-widget-heading\" data-id=\"de98534\" data-element_type=\"widget\" data-e-type=\"widget\" data-widget_type=\"heading.default\">\n\t\t\t\t<div class=\"elementor-widget-container\">\n\t\t\t\t\t<h2 class=\"elementor-heading-title elementor-size-default\">\u00a1No te conformes con menos!<\/h2>\t\t\t\t<\/div>\n\t\t\t\t<\/div>\n\t\t\t\t<div class=\"elementor-element elementor-element-088c4c0 elementor-widget elementor-widget-text-editor\" data-id=\"088c4c0\" data-element_type=\"widget\" data-e-type=\"widget\" data-widget_type=\"text-editor.default\">\n\t\t\t\t<div class=\"elementor-widget-container\">\n\t\t\t\t\t\t\t\t\t<p>Comun\u00edcate con nosotros ahora mismo y nuestro equipo de expertos podr\u00e1n ayudarte a alcanzar tus metas de manera r\u00e1pida y efectiva.<\/p>\t\t\t\t\t\t\t\t<\/div>\n\t\t\t\t<\/div>\n\t\t\t\t<div class=\"elementor-element elementor-element-6ffad1c elementor-align-center elementor-invisible elementor-widget elementor-widget-button\" data-id=\"6ffad1c\" data-element_type=\"widget\" data-e-type=\"widget\" data-settings=\"{&quot;_animation&quot;:&quot;fadeInDown&quot;}\" data-widget_type=\"button.default\">\n\t\t\t\t<div class=\"elementor-widget-container\">\n\t\t\t\t\t\t\t\t\t<div class=\"elementor-button-wrapper\">\n\t\t\t\t\t<a class=\"elementor-button elementor-button-link elementor-size-sm\" href=\"https:\/\/www.prefabricadoscolombia.com\/?page_id=10\">\n\t\t\t\t\t\t<span class=\"elementor-button-content-wrapper\">\n\t\t\t\t\t\t\t\t\t<span class=\"elementor-button-text\">Cont\u00e1ctanos<\/span>\n\t\t\t\t\t<\/span>\n\t\t\t\t\t<\/a>\n\t\t\t\t<\/div>\n\t\t\t\t\t\t\t\t<\/div>\n\t\t\t\t<\/div>\n\t\t\t\t<\/div>\n\t\t\t\t\t<\/div>\n\t\t\t\t<\/div>\n\t\t\t\t<\/div>\n\t\t","protected":false},"excerpt":{"rendered":"<p>Nuestros servicios<\/p>\n","protected":false},"author":1,"featured_media":0,"parent":0,"menu_order":0,"comment_status":"closed","ping_status":"closed","template":"elementor_header_footer","meta":{"footnotes":""},"class_list":["post-14","page","type-page","status-publish","hentry"],"_links":{"self":[{"href":"https:\/\/www.prefabricadoscolombia.com\/index.php?rest_route=\/wp\/v2\/pages\/14","targetHints":{"allow":["GET"]}}],"collection":[{"href":"https:\/\/www.prefabricadoscolombia.com\/index.php?rest_route=\/wp\/v2\/pages"}],"about":[{"href":"https:\/\/www.prefabricadoscolombia.com\/index.php?rest_route=\/wp\/v2\/types\/page"}],"author":[{"embeddable":true,"href":"https:\/\/www.prefabricadoscolombia.com\/index.php?rest_route=\/wp\/v2\/users\/1"}],"replies":[{"embeddable":true,"href":"https:\/\/www.prefabricadoscolombia.com\/index.php?rest_route=%2Fwp%2Fv2%2Fcomments&post=14"}],"version-history":[{"count":182,"href":"https:\/\/www.prefabricadoscolombia.com\/index.php?rest_route=\/wp\/v2\/pages\/14\/revisions"}],"predecessor-version":[{"id":4522,"href":"https:\/\/www.prefabricadoscolombia.com\/index.php?rest_route=\/wp\/v2\/pages\/14\/revisions\/4522"}],"wp:attachment":[{"href":"https:\/\/www.prefabricadoscolombia.com\/index.php?rest_route=%2Fwp%2Fv2%2Fmedia&parent=14"}],"curies":[{"name":"wp","href":"https:\/\/api.w.org\/{rel}","templated":true}]}}