{"id":1913,"date":"2025-03-28T16:55:03","date_gmt":"2025-03-28T16:55:03","guid":{"rendered":"https:\/\/www.prefabricadoscolombia.com\/?page_id=1913"},"modified":"2025-08-19T15:11:58","modified_gmt":"2025-08-19T15:11:58","slug":"adoquin-20106","status":"publish","type":"page","link":"https:\/\/www.prefabricadoscolombia.com\/?page_id=1913","title":{"rendered":"ADOQU\u00cdN 20*10*6"},"content":{"rendered":"\t\t<div data-elementor-type=\"wp-page\" data-elementor-id=\"1913\" class=\"elementor elementor-1913\">\n\t\t\t\t<div class=\"elementor-element elementor-element-f433c18 e-flex e-con-boxed e-con e-parent\" data-id=\"f433c18\" data-element_type=\"container\" data-e-type=\"container\">\n\t\t\t\t\t<div class=\"e-con-inner\">\n\t\t<div class=\"elementor-element elementor-element-0759be5 e-con-full e-flex e-con e-child\" data-id=\"0759be5\" data-element_type=\"container\" data-e-type=\"container\">\n\t\t\t\t<div class=\"elementor-element elementor-element-503d040 elementor-invisible elementor-widget elementor-widget-image\" data-id=\"503d040\" data-element_type=\"widget\" data-e-type=\"widget\" data-settings=\"{&quot;_animation&quot;:&quot;fadeInLeft&quot;}\" data-widget_type=\"image.default\">\n\t\t\t\t<div class=\"elementor-widget-container\">\n\t\t\t\t\t\t\t\t\t\t\t\t\t\t\t\t<a href=\"https:\/\/www.prefabricadoscolombia.com\/?page_id=135\">\n\t\t\t\t\t\t\t<img fetchpriority=\"high\" decoding=\"async\" width=\"553\" height=\"326\" src=\"https:\/\/www.prefabricadoscolombia.com\/wp-content\/uploads\/2025\/03\/Adoquin_Peatonal__10-20-6-e1743541231903.png\" class=\"attachment-large size-large wp-image-1932\" alt=\"\" srcset=\"https:\/\/www.prefabricadoscolombia.com\/wp-content\/uploads\/2025\/03\/Adoquin_Peatonal__10-20-6-e1743541231903.png 553w, https:\/\/www.prefabricadoscolombia.com\/wp-content\/uploads\/2025\/03\/Adoquin_Peatonal__10-20-6-e1743541231903-300x177.png 300w\" sizes=\"(max-width: 553px) 100vw, 553px\" \/>\t\t\t\t\t\t\t\t<\/a>\n\t\t\t\t\t\t\t\t\t\t\t\t\t\t\t<\/div>\n\t\t\t\t<\/div>\n\t\t\t\t<\/div>\n\t\t<div class=\"elementor-element elementor-element-8016401 e-con-full e-flex e-con e-child\" data-id=\"8016401\" data-element_type=\"container\" data-e-type=\"container\">\n\t\t<div class=\"elementor-element elementor-element-2a47432 e-con-full e-flex e-con e-child\" data-id=\"2a47432\" data-element_type=\"container\" data-e-type=\"container\">\n\t\t\t\t<div class=\"elementor-element elementor-element-9423a44 elementor-widget elementor-widget-heading\" data-id=\"9423a44\" data-element_type=\"widget\" data-e-type=\"widget\" data-widget_type=\"heading.default\">\n\t\t\t\t<div class=\"elementor-widget-container\">\n\t\t\t\t\t<h2 class=\"elementor-heading-title elementor-size-default\"><b>DESCRIPCI\u00d3N DEL  PRODUCTO<\/b><\/h2>\t\t\t\t<\/div>\n\t\t\t\t<\/div>\n\t\t\t\t<\/div>\n\t\t<div class=\"elementor-element elementor-element-f6d9c3b e-con-full e-flex e-con e-child\" data-id=\"f6d9c3b\" data-element_type=\"container\" data-e-type=\"container\">\n\t\t\t\t<div class=\"elementor-element elementor-element-4ccc522 elementor-widget elementor-widget-heading\" data-id=\"4ccc522\" data-element_type=\"widget\" data-e-type=\"widget\" data-widget_type=\"heading.default\">\n\t\t\t\t<div class=\"elementor-widget-container\">\n\t\t\t\t\t<h2 class=\"elementor-heading-title elementor-size-default\">Los Ladrillos de Cemento de tr\u00e1fico peatonal se utiliza \nprincipalmente en andenes peatonales, parques, jardines y en otras aplicaciones arquitect\u00f3nicas para uso publico mayormente en exteriores.<\/h2>\t\t\t\t<\/div>\n\t\t\t\t<\/div>\n\t\t\t\t<\/div>\n\t\t<div class=\"elementor-element elementor-element-f94dd44 e-con-full e-flex e-con e-child\" data-id=\"f94dd44\" data-element_type=\"container\" data-e-type=\"container\">\n\t\t\t\t<div class=\"elementor-element elementor-element-c02970c elementor-widget elementor-widget-heading\" data-id=\"c02970c\" data-element_type=\"widget\" data-e-type=\"widget\" data-widget_type=\"heading.default\">\n\t\t\t\t<div class=\"elementor-widget-container\">\n\t\t\t\t\t<h2 class=\"elementor-heading-title elementor-size-default\"><b>INFORMACI\u00d3N DE CARACTER\u00cdSTICAS<\/b><\/h2>\t\t\t\t<\/div>\n\t\t\t\t<\/div>\n\t\t\t\t<\/div>\n\t\t<div class=\"elementor-element elementor-element-1bfca0a e-con-full e-flex e-con e-child\" data-id=\"1bfca0a\" data-element_type=\"container\" data-e-type=\"container\">\n\t\t<div class=\"elementor-element elementor-element-b91192f e-con-full e-flex e-con e-child\" data-id=\"b91192f\" data-element_type=\"container\" data-e-type=\"container\">\n\t\t\t\t<div class=\"elementor-element elementor-element-cfa984f elementor-widget elementor-widget-heading\" data-id=\"cfa984f\" data-element_type=\"widget\" data-e-type=\"widget\" data-widget_type=\"heading.default\">\n\t\t\t\t<div class=\"elementor-widget-container\">\n\t\t\t\t\t<h2 class=\"elementor-heading-title elementor-size-default\"><table><tbody><tr><th>CARACTER\u00cdSTICAS<br>F\u00cdSICAS<\/th><td><p>\u00c1rea Nominal (m^2) 0,02, <br>Peso seco (kg) 2,7 kg<br>Resistencia 45 KGF\/CM2<\/p><\/td><\/tr><\/tbody><\/table><br><table><tbody><tr><th>DIMENSIONES (CM)<\/th><td><p>Largo 20 - Ancho 10 - Alto 6<\/p><\/td><\/tr><\/tbody><\/table><br><table><tbody><tr><th><br><br><br><br><br>COLORES<\/th><td><p>Gris<br>Blanco<br>Amarillo<br>Verde Verde  <br>Salmon <br>Rojo<br>Negro<br>Ocre<br>Terracota<br>Chocolate<\/p><\/td><\/tr><\/tbody><\/table><\/h2>\t\t\t\t<\/div>\n\t\t\t\t<\/div>\n\t\t\t\t<\/div>\n\t\t\t\t<\/div>\n\t\t\t\t<\/div>\n\t\t\t\t\t<\/div>\n\t\t\t\t<\/div>\n\t\t<div class=\"elementor-element elementor-element-5679d45 e-flex e-con-boxed e-con e-parent\" data-id=\"5679d45\" data-element_type=\"container\" data-e-type=\"container\" data-settings=\"{&quot;background_background&quot;:&quot;classic&quot;}\">\n\t\t\t\t\t<div class=\"e-con-inner\">\n\t\t\t\t<div class=\"elementor-element elementor-element-c5ab8d0 elementor-arrows-position-outside elementor-pagination-position-inside elementor-widget elementor-widget-image-carousel\" data-id=\"c5ab8d0\" data-element_type=\"widget\" data-e-type=\"widget\" data-settings=\"{&quot;slides_to_show&quot;:&quot;3&quot;,&quot;image_spacing_custom&quot;:{&quot;unit&quot;:&quot;px&quot;,&quot;size&quot;:0,&quot;sizes&quot;:[]},&quot;autoplay_speed&quot;:50,&quot;speed&quot;:2000,&quot;navigation&quot;:&quot;both&quot;,&quot;autoplay&quot;:&quot;yes&quot;,&quot;pause_on_hover&quot;:&quot;yes&quot;,&quot;pause_on_interaction&quot;:&quot;yes&quot;,&quot;infinite&quot;:&quot;yes&quot;,&quot;image_spacing_custom_tablet&quot;:{&quot;unit&quot;:&quot;px&quot;,&quot;size&quot;:&quot;&quot;,&quot;sizes&quot;:[]},&quot;image_spacing_custom_mobile&quot;:{&quot;unit&quot;:&quot;px&quot;,&quot;size&quot;:&quot;&quot;,&quot;sizes&quot;:[]}}\" data-widget_type=\"image-carousel.default\">\n\t\t\t\t<div class=\"elementor-widget-container\">\n\t\t\t\t\t\t\t<div class=\"elementor-image-carousel-wrapper swiper\" role=\"region\" aria-roledescription=\"carousel\" aria-label=\"Carrusel de im\u00e1genes\" dir=\"ltr\">\n\t\t\t<div class=\"elementor-image-carousel swiper-wrapper\" aria-live=\"off\">\n\t\t\t\t\t\t\t\t<div class=\"swiper-slide\" role=\"group\" aria-roledescription=\"slide\" aria-label=\"1 de 10\"><a data-elementor-open-lightbox=\"yes\" data-elementor-lightbox-slideshow=\"c5ab8d0\" data-elementor-lightbox-title=\"ADOQU\u00cdN PEATONAL\" data-elementor-lightbox-description=\"Adoqu\u00edn Peatonal 20-10-4\" data-e-action-hash=\"#elementor-action%3Aaction%3Dlightbox%26settings%3DeyJpZCI6MTg0OSwidXJsIjoiaHR0cHM6XC9cL3d3dy5wcmVmYWJyaWNhZG9zY29sb21iaWEuY29tXC93cC1jb250ZW50XC91cGxvYWRzXC8yMDI1XC8wM1wvQWRvcXVpbl9QZWF0b25hbF9fMTAtMjAtNC1yZW1vdmViZy1wcmV2aWV3LWUxNzQzNTQxMjExMjQ0LnBuZyIsInNsaWRlc2hvdyI6ImM1YWI4ZDAifQ%3D%3D\" href=\"https:\/\/www.prefabricadoscolombia.com\/wp-content\/uploads\/2025\/03\/Adoquin_Peatonal__10-20-4-removebg-preview-e1743541211244.png\"><figure class=\"swiper-slide-inner\"><img decoding=\"async\" src=\"https:\/\/www.prefabricadoscolombia.com\/wp-content\/uploads\/2025\/03\/Adoquin_Peatonal__10-20-4-removebg-preview-e1743541211244-300x161.png\" alt=\"ADOQU\u00cdN PEATONAL\" class=\"swiper-slide-image\" width=\"300\" height=\"161\" \/><\/figure><\/a><\/div><div class=\"swiper-slide\" role=\"group\" aria-roledescription=\"slide\" aria-label=\"2 de 10\"><a data-elementor-open-lightbox=\"yes\" data-elementor-lightbox-slideshow=\"c5ab8d0\" data-elementor-lightbox-title=\"ADOQU\u00cdN PEATONAL\" data-elementor-lightbox-description=\"Adoqu\u00edn Peatonal 10-20-6\" data-e-action-hash=\"#elementor-action%3Aaction%3Dlightbox%26settings%3DeyJpZCI6MTkzMiwidXJsIjoiaHR0cHM6XC9cL3d3dy5wcmVmYWJyaWNhZG9zY29sb21iaWEuY29tXC93cC1jb250ZW50XC91cGxvYWRzXC8yMDI1XC8wM1wvQWRvcXVpbl9QZWF0b25hbF9fMTAtMjAtNi1lMTc0MzU0MTIzMTkwMy5wbmciLCJzbGlkZXNob3ciOiJjNWFiOGQwIn0%3D\" href=\"https:\/\/www.prefabricadoscolombia.com\/wp-content\/uploads\/2025\/03\/Adoquin_Peatonal__10-20-6-e1743541231903.png\"><figure class=\"swiper-slide-inner\"><img decoding=\"async\" src=\"https:\/\/www.prefabricadoscolombia.com\/wp-content\/uploads\/2025\/03\/Adoquin_Peatonal__10-20-6-e1743541231903-300x177.png\" alt=\"ADOQU\u00cdN PEATONAL\" class=\"swiper-slide-image\" width=\"300\" height=\"177\" \/><\/figure><\/a><\/div><div class=\"swiper-slide\" role=\"group\" aria-roledescription=\"slide\" aria-label=\"3 de 10\"><a data-elementor-open-lightbox=\"yes\" data-elementor-lightbox-slideshow=\"c5ab8d0\" data-elementor-lightbox-title=\"ADOQU\u00cdN VEHICULAR \" data-elementor-lightbox-description=\"Adoqu\u00edn Vehicular\n10-20-08\" data-e-action-hash=\"#elementor-action%3Aaction%3Dlightbox%26settings%3DeyJpZCI6MTkzMywidXJsIjoiaHR0cHM6XC9cL3d3dy5wcmVmYWJyaWNhZG9zY29sb21iaWEuY29tXC93cC1jb250ZW50XC91cGxvYWRzXC8yMDI1XC8wM1wvQWRvcXVpbl9WZWhpY3VsYXJfXzEwLTIwLTA4LWUxNzQzNTQxMjQ5NDkyLnBuZyIsInNsaWRlc2hvdyI6ImM1YWI4ZDAifQ%3D%3D\" href=\"https:\/\/www.prefabricadoscolombia.com\/wp-content\/uploads\/2025\/03\/Adoquin_Vehicular__10-20-08-e1743541249492.png\"><figure class=\"swiper-slide-inner\"><img loading=\"lazy\" decoding=\"async\" src=\"https:\/\/www.prefabricadoscolombia.com\/wp-content\/uploads\/2025\/03\/Adoquin_Vehicular__10-20-08-e1743541249492-300x224.png\" alt=\"ADOQU\u00cdN VEHICULAR\" class=\"swiper-slide-image\" width=\"300\" height=\"224\" \/><\/figure><\/a><\/div><div class=\"swiper-slide\" role=\"group\" aria-roledescription=\"slide\" aria-label=\"4 de 10\"><a data-elementor-open-lightbox=\"yes\" data-elementor-lightbox-slideshow=\"c5ab8d0\" data-elementor-lightbox-title=\"ADOQU\u00cdN PEATONAL DE COLOR\" data-elementor-lightbox-description=\"Adoqu\u00edn DE COLOR 20-10-6\" data-e-action-hash=\"#elementor-action%3Aaction%3Dlightbox%26settings%3DeyJpZCI6MjA5MywidXJsIjoiaHR0cHM6XC9cL3d3dy5wcmVmYWJyaWNhZG9zY29sb21iaWEuY29tXC93cC1jb250ZW50XC91cGxvYWRzXC8yMDI1XC8wNFwvQWRvcXVpbi1kZS1Db2xvcmVzLWUxNzQzNTQxMzAxNTUxLnBuZyIsInNsaWRlc2hvdyI6ImM1YWI4ZDAifQ%3D%3D\" href=\"https:\/\/www.prefabricadoscolombia.com\/wp-content\/uploads\/2025\/04\/Adoquin-de-Colores-e1743541301551.png\"><figure class=\"swiper-slide-inner\"><img loading=\"lazy\" decoding=\"async\" src=\"https:\/\/www.prefabricadoscolombia.com\/wp-content\/uploads\/2025\/04\/Adoquin-de-Colores-e1743541301551-300x154.png\" alt=\"ADOQU\u00cdN PEATONAL DE COLOR\" class=\"swiper-slide-image\" width=\"300\" height=\"154\" \/><\/figure><\/a><\/div><div class=\"swiper-slide\" role=\"group\" aria-roledescription=\"slide\" aria-label=\"5 de 10\"><a data-elementor-open-lightbox=\"yes\" data-elementor-lightbox-slideshow=\"c5ab8d0\" data-elementor-lightbox-title=\"GRAMOQU\u00ccN VEHICULAR \" data-elementor-lightbox-description=\"Gramoquin Vehicula 60-40-08\" data-e-action-hash=\"#elementor-action%3Aaction%3Dlightbox%26settings%3DeyJpZCI6MjA5NSwidXJsIjoiaHR0cHM6XC9cL3d3dy5wcmVmYWJyaWNhZG9zY29sb21iaWEuY29tXC93cC1jb250ZW50XC91cGxvYWRzXC8yMDI1XC8wNFwvNjAtNDAtMDgtVmVoaWN1bGFyLXJlbW92ZWJnLXByZXZpZXctZTE3NDM1NDEzMjgyNTUucG5nIiwic2xpZGVzaG93IjoiYzVhYjhkMCJ9\" href=\"https:\/\/www.prefabricadoscolombia.com\/wp-content\/uploads\/2025\/04\/60-40-08-Vehicular-removebg-preview-e1743541328255.png\"><figure class=\"swiper-slide-inner\"><img loading=\"lazy\" decoding=\"async\" src=\"https:\/\/www.prefabricadoscolombia.com\/wp-content\/uploads\/2025\/04\/60-40-08-Vehicular-removebg-preview-e1743541328255-300x166.png\" alt=\"GRAMOQU\u00ccN VEHICULAR\" class=\"swiper-slide-image\" width=\"300\" height=\"166\" \/><\/figure><\/a><\/div><div class=\"swiper-slide\" role=\"group\" aria-roledescription=\"slide\" aria-label=\"6 de 10\"><a data-elementor-open-lightbox=\"yes\" data-elementor-lightbox-slideshow=\"c5ab8d0\" data-elementor-lightbox-title=\"GRAMOQU\u00ccN PEATONAL\" data-elementor-lightbox-description=\"Gramoquin Peatonal 30*30*6\" data-e-action-hash=\"#elementor-action%3Aaction%3Dlightbox%26settings%3DeyJpZCI6MjA5OCwidXJsIjoiaHR0cHM6XC9cL3d3dy5wcmVmYWJyaWNhZG9zY29sb21iaWEuY29tXC93cC1jb250ZW50XC91cGxvYWRzXC8yMDI1XC8wNFwvZ3JhbW9xdWluLnBuZyIsInNsaWRlc2hvdyI6ImM1YWI4ZDAifQ%3D%3D\" href=\"https:\/\/www.prefabricadoscolombia.com\/wp-content\/uploads\/2025\/04\/gramoquin.png\"><figure class=\"swiper-slide-inner\"><img loading=\"lazy\" decoding=\"async\" src=\"https:\/\/www.prefabricadoscolombia.com\/wp-content\/uploads\/2025\/04\/gramoquin-300x169.png\" alt=\"GRAMOQU\u00ccN PEATONAL\" class=\"swiper-slide-image\" width=\"300\" height=\"169\" \/><\/figure><\/a><\/div><div class=\"swiper-slide\" role=\"group\" aria-roledescription=\"slide\" aria-label=\"7 de 10\"><a data-elementor-open-lightbox=\"yes\" data-elementor-lightbox-slideshow=\"c5ab8d0\" data-elementor-lightbox-title=\"GRAMOQU\u00ccN PEATONAL\" data-elementor-lightbox-description=\"Gramoquin Peatonal 30*30*6\" data-e-action-hash=\"#elementor-action%3Aaction%3Dlightbox%26settings%3DeyJpZCI6MjEwMCwidXJsIjoiaHR0cHM6XC9cL3d3dy5wcmVmYWJyaWNhZG9zY29sb21iaWEuY29tXC93cC1jb250ZW50XC91cGxvYWRzXC8yMDI1XC8wNFwvQWRvcXVpbi1QZWF0b25hbC0zMC0zMC5wbmciLCJzbGlkZXNob3ciOiJjNWFiOGQwIn0%3D\" href=\"https:\/\/www.prefabricadoscolombia.com\/wp-content\/uploads\/2025\/04\/Adoquin-Peatonal-30-30.png\"><figure class=\"swiper-slide-inner\"><img loading=\"lazy\" decoding=\"async\" src=\"https:\/\/www.prefabricadoscolombia.com\/wp-content\/uploads\/2025\/04\/Adoquin-Peatonal-30-30-300x225.png\" alt=\"GRAMOQU\u00ccN PEATONAL\" class=\"swiper-slide-image\" width=\"300\" height=\"225\" \/><\/figure><\/a><\/div><div class=\"swiper-slide\" role=\"group\" aria-roledescription=\"slide\" aria-label=\"8 de 10\"><a data-elementor-open-lightbox=\"yes\" data-elementor-lightbox-slideshow=\"c5ab8d0\" data-elementor-lightbox-title=\"ADOQU\u00cdN ECOL\u00d3GICO HEXAGONAL VEHICULAR\" data-elementor-lightbox-description=\"Adoqu\u00edn Ecol\u00f3gico Hexagonal Vehicular\" data-e-action-hash=\"#elementor-action%3Aaction%3Dlightbox%26settings%3DeyJpZCI6MjA5OSwidXJsIjoiaHR0cHM6XC9cL3d3dy5wcmVmYWJyaWNhZG9zY29sb21iaWEuY29tXC93cC1jb250ZW50XC91cGxvYWRzXC8yMDI1XC8wNFwvQWRvcXVpbi1FY29sb2dpY28tRXhhZ29uYWwtVmVoaWN1bGFyLVBlYXRvbmFsLTEucG5nIiwic2xpZGVzaG93IjoiYzVhYjhkMCJ9\" href=\"https:\/\/www.prefabricadoscolombia.com\/wp-content\/uploads\/2025\/04\/Adoquin-Ecologico-Exagonal-Vehicular-Peatonal-1.png\"><figure class=\"swiper-slide-inner\"><img loading=\"lazy\" decoding=\"async\" src=\"https:\/\/www.prefabricadoscolombia.com\/wp-content\/uploads\/2025\/04\/Adoquin-Ecologico-Exagonal-Vehicular-Peatonal-1-300x168.png\" alt=\"ADOQU\u00cdN ECOL\u00d3GICO HEXAGONAL VEHICULAR\" class=\"swiper-slide-image\" width=\"300\" height=\"168\" \/><\/figure><\/a><\/div><div class=\"swiper-slide\" role=\"group\" aria-roledescription=\"slide\" aria-label=\"9 de 10\"><a data-elementor-open-lightbox=\"yes\" data-elementor-lightbox-slideshow=\"c5ab8d0\" data-elementor-lightbox-title=\"ADOQU\u00cdN VIKINGO DE COLORES\" data-elementor-lightbox-description=\"Adoqu\u00edn Vikingo en colores\" data-e-action-hash=\"#elementor-action%3Aaction%3Dlightbox%26settings%3DeyJpZCI6MjA5NCwidXJsIjoiaHR0cHM6XC9cL3d3dy5wcmVmYWJyaWNhZG9zY29sb21iaWEuY29tXC93cC1jb250ZW50XC91cGxvYWRzXC8yMDI1XC8wNFwvVmlraW5nby1lbi1jb2xvcmVzLnBuZyIsInNsaWRlc2hvdyI6ImM1YWI4ZDAifQ%3D%3D\" href=\"https:\/\/www.prefabricadoscolombia.com\/wp-content\/uploads\/2025\/04\/Vikingo-en-colores.png\"><figure class=\"swiper-slide-inner\"><img loading=\"lazy\" decoding=\"async\" src=\"https:\/\/www.prefabricadoscolombia.com\/wp-content\/uploads\/2025\/04\/Vikingo-en-colores-225x300.png\" alt=\"ADOQU\u00cdN VIKINGO DE COLORES\" class=\"swiper-slide-image\" width=\"225\" height=\"300\" \/><\/figure><\/a><\/div><div class=\"swiper-slide\" role=\"group\" aria-roledescription=\"slide\" aria-label=\"10 de 10\"><a data-elementor-open-lightbox=\"yes\" data-elementor-lightbox-slideshow=\"c5ab8d0\" data-elementor-lightbox-title=\"ADOQU\u00cdN ECOL\u00d3GICO HEXAGONAL PEATONAL VEHICULAR\" data-elementor-lightbox-description=\"Adoqu\u00edn Ecol\u00f3gico Hexagonal Peatonal Vehicular\" data-e-action-hash=\"#elementor-action%3Aaction%3Dlightbox%26settings%3DeyJpZCI6MjA5NywidXJsIjoiaHR0cHM6XC9cL3d3dy5wcmVmYWJyaWNhZG9zY29sb21iaWEuY29tXC93cC1jb250ZW50XC91cGxvYWRzXC8yMDI1XC8wNFwvQWRvcXVpbi1FY29sb2dpY28tRXhhZ29uYWwtVmVoaWN1bGFyLVBlYXRvbmFsLnBuZyIsInNsaWRlc2hvdyI6ImM1YWI4ZDAifQ%3D%3D\" href=\"https:\/\/www.prefabricadoscolombia.com\/wp-content\/uploads\/2025\/04\/Adoquin-Ecologico-Exagonal-Vehicular-Peatonal.png\"><figure class=\"swiper-slide-inner\"><img loading=\"lazy\" decoding=\"async\" src=\"https:\/\/www.prefabricadoscolombia.com\/wp-content\/uploads\/2025\/04\/Adoquin-Ecologico-Exagonal-Vehicular-Peatonal-169x300.png\" alt=\"ADOQU\u00cdN ECOL\u00d3GICO HEXAGONAL PEATONAL VEHICULAR\" class=\"swiper-slide-image\" width=\"169\" height=\"300\" \/><\/figure><\/a><\/div>\t\t\t<\/div>\n\t\t\t\t\t\t\t\t\t\t\t\t<div class=\"elementor-swiper-button elementor-swiper-button-prev\" role=\"button\" tabindex=\"0\">\n\t\t\t\t\t\t<i aria-hidden=\"true\" class=\"eicon-chevron-left\"><\/i>\t\t\t\t\t<\/div>\n\t\t\t\t\t<div class=\"elementor-swiper-button elementor-swiper-button-next\" role=\"button\" tabindex=\"0\">\n\t\t\t\t\t\t<i aria-hidden=\"true\" class=\"eicon-chevron-right\"><\/i>\t\t\t\t\t<\/div>\n\t\t\t\t\n\t\t\t\t\t\t\t\t\t<div class=\"swiper-pagination\"><\/div>\n\t\t\t\t\t\t\t\t\t<\/div>\n\t\t\t\t\t\t<\/div>\n\t\t\t\t<\/div>\n\t\t\t\t\t<\/div>\n\t\t\t\t<\/div>\n\t\t\t\t<\/div>\n\t\t","protected":false},"excerpt":{"rendered":"<p>DESCRIPCI\u00d3N DEL PRODUCTO Los Ladrillos de Cemento de tr\u00e1fico peatonal se utiliza principalmente en andenes peatonales, parques, jardines y en otras aplicaciones arquitect\u00f3nicas para uso publico mayormente en exteriores. INFORMACI\u00d3N DE CARACTER\u00cdSTICAS CARACTER\u00cdSTICASF\u00cdSICAS \u00c1rea Nominal (m^2) 0,02, Peso seco (kg) 2,7 kgResistencia 45 KGF\/CM2 DIMENSIONES (CM) Largo 20 &#8211; Ancho 10 &#8211; Alto 6 COLORES [&hellip;]<\/p>\n","protected":false},"author":1,"featured_media":0,"parent":0,"menu_order":10,"comment_status":"closed","ping_status":"closed","template":"elementor_theme","meta":{"footnotes":""},"class_list":["post-1913","page","type-page","status-publish","hentry"],"_links":{"self":[{"href":"https:\/\/www.prefabricadoscolombia.com\/index.php?rest_route=\/wp\/v2\/pages\/1913","targetHints":{"allow":["GET"]}}],"collection":[{"href":"https:\/\/www.prefabricadoscolombia.com\/index.php?rest_route=\/wp\/v2\/pages"}],"about":[{"href":"https:\/\/www.prefabricadoscolombia.com\/index.php?rest_route=\/wp\/v2\/types\/page"}],"author":[{"embeddable":true,"href":"https:\/\/www.prefabricadoscolombia.com\/index.php?rest_route=\/wp\/v2\/users\/1"}],"replies":[{"embeddable":true,"href":"https:\/\/www.prefabricadoscolombia.com\/index.php?rest_route=%2Fwp%2Fv2%2Fcomments&post=1913"}],"version-history":[{"count":22,"href":"https:\/\/www.prefabricadoscolombia.com\/index.php?rest_route=\/wp\/v2\/pages\/1913\/revisions"}],"predecessor-version":[{"id":3799,"href":"https:\/\/www.prefabricadoscolombia.com\/index.php?rest_route=\/wp\/v2\/pages\/1913\/revisions\/3799"}],"wp:attachment":[{"href":"https:\/\/www.prefabricadoscolombia.com\/index.php?rest_route=%2Fwp%2Fv2%2Fmedia&parent=1913"}],"curies":[{"name":"wp","href":"https:\/\/api.w.org\/{rel}","templated":true}]}}