{"id":201,"date":"2024-08-01T21:07:05","date_gmt":"2024-08-01T21:07:05","guid":{"rendered":"https:\/\/www.prefabricadoscolombia.com\/?page_id=201"},"modified":"2025-05-07T20:11:09","modified_gmt":"2025-05-07T20:11:09","slug":"loseta","status":"publish","type":"page","link":"https:\/\/www.prefabricadoscolombia.com\/?page_id=201","title":{"rendered":"Loseta"},"content":{"rendered":"\t\t<div data-elementor-type=\"wp-page\" data-elementor-id=\"201\" class=\"elementor elementor-201\">\n\t\t\t\t<div class=\"elementor-element elementor-element-42640d2 e-grid e-con-boxed e-con e-parent\" data-id=\"42640d2\" data-element_type=\"container\" data-e-type=\"container\" data-settings=\"{&quot;background_background&quot;:&quot;classic&quot;}\">\n\t\t\t\t\t<div class=\"e-con-inner\">\n\t\t\t\t<div class=\"elementor-element elementor-element-a4ee001 elementor-widget elementor-widget-image\" data-id=\"a4ee001\" data-element_type=\"widget\" data-e-type=\"widget\" data-widget_type=\"image.default\">\n\t\t\t\t<div class=\"elementor-widget-container\">\n\t\t\t\t\t\t\t\t\t\t\t\t<figure class=\"wp-caption\">\n\t\t\t\t\t\t\t\t\t\t\t<a href=\"https:\/\/www.prefabricadoscolombia.com\/?page_id=3185\">\n\t\t\t\t\t\t\t<img fetchpriority=\"high\" decoding=\"async\" width=\"374\" height=\"249\" src=\"https:\/\/www.prefabricadoscolombia.com\/wp-content\/uploads\/2024\/08\/Lisa.png\" class=\"attachment-large size-large wp-image-457\" alt=\"\" srcset=\"https:\/\/www.prefabricadoscolombia.com\/wp-content\/uploads\/2024\/08\/Lisa.png 374w, https:\/\/www.prefabricadoscolombia.com\/wp-content\/uploads\/2024\/08\/Lisa-300x200.png 300w\" sizes=\"(max-width: 374px) 100vw, 374px\" \/>\t\t\t\t\t\t\t\t<\/a>\n\t\t\t\t\t\t\t\t\t\t\t<figcaption class=\"widget-image-caption wp-caption-text\">Loseta Lisa 40*40*6<\/figcaption>\n\t\t\t\t\t\t\t\t\t\t<\/figure>\n\t\t\t\t\t\t\t\t\t<\/div>\n\t\t\t\t<\/div>\n\t\t\t\t<div class=\"elementor-element elementor-element-820053b elementor-widget elementor-widget-image\" data-id=\"820053b\" data-element_type=\"widget\" data-e-type=\"widget\" data-widget_type=\"image.default\">\n\t\t\t\t<div class=\"elementor-widget-container\">\n\t\t\t\t\t\t\t\t\t\t\t\t<figure class=\"wp-caption\">\n\t\t\t\t\t\t\t\t\t\t\t<a href=\"https:\/\/www.prefabricadoscolombia.com\/?page_id=3185\">\n\t\t\t\t\t\t\t<img decoding=\"async\" width=\"768\" height=\"527\" src=\"https:\/\/www.prefabricadoscolombia.com\/wp-content\/uploads\/2025\/03\/Loseta_A-56_Guia-Modificada-e1742594795170-768x527.png\" class=\"attachment-medium_large size-medium_large wp-image-1815\" alt=\"\" srcset=\"https:\/\/www.prefabricadoscolombia.com\/wp-content\/uploads\/2025\/03\/Loseta_A-56_Guia-Modificada-e1742594795170-768x527.png 768w, https:\/\/www.prefabricadoscolombia.com\/wp-content\/uploads\/2025\/03\/Loseta_A-56_Guia-Modificada-e1742594795170-300x206.png 300w, https:\/\/www.prefabricadoscolombia.com\/wp-content\/uploads\/2025\/03\/Loseta_A-56_Guia-Modificada-e1742594795170.png 785w\" sizes=\"(max-width: 768px) 100vw, 768px\" \/>\t\t\t\t\t\t\t\t<\/a>\n\t\t\t\t\t\t\t\t\t\t\t<figcaption class=\"widget-image-caption wp-caption-text\">Loseta Gu\u00eda\n40*40*6\n<\/figcaption>\n\t\t\t\t\t\t\t\t\t\t<\/figure>\n\t\t\t\t\t\t\t\t\t<\/div>\n\t\t\t\t<\/div>\n\t\t\t\t<div class=\"elementor-element elementor-element-30e8d3f elementor-widget elementor-widget-image\" data-id=\"30e8d3f\" data-element_type=\"widget\" data-e-type=\"widget\" data-widget_type=\"image.default\">\n\t\t\t\t<div class=\"elementor-widget-container\">\n\t\t\t\t\t\t\t\t\t\t\t\t<figure class=\"wp-caption\">\n\t\t\t\t\t\t\t\t\t\t\t<a href=\"https:\/\/www.prefabricadoscolombia.com\/?page_id=3185\">\n\t\t\t\t\t\t\t<img decoding=\"async\" width=\"300\" height=\"230\" src=\"https:\/\/www.prefabricadoscolombia.com\/wp-content\/uploads\/2024\/08\/Loseta-cuadratica-40-40-06-e1723752272591-300x230.jpeg\" class=\"attachment-medium size-medium wp-image-454\" alt=\"\" srcset=\"https:\/\/www.prefabricadoscolombia.com\/wp-content\/uploads\/2024\/08\/Loseta-cuadratica-40-40-06-e1723752272591-300x230.jpeg 300w, https:\/\/www.prefabricadoscolombia.com\/wp-content\/uploads\/2024\/08\/Loseta-cuadratica-40-40-06-e1723752272591.jpeg 645w\" sizes=\"(max-width: 300px) 100vw, 300px\" \/>\t\t\t\t\t\t\t\t<\/a>\n\t\t\t\t\t\t\t\t\t\t\t<figcaption class=\"widget-image-caption wp-caption-text\">Loseta cuadr\u00e1tica 40*40*6<\/figcaption>\n\t\t\t\t\t\t\t\t\t\t<\/figure>\n\t\t\t\t\t\t\t\t\t<\/div>\n\t\t\t\t<\/div>\n\t\t\t\t<div class=\"elementor-element elementor-element-202f581 elementor-widget elementor-widget-image\" data-id=\"202f581\" data-element_type=\"widget\" data-e-type=\"widget\" data-widget_type=\"image.default\">\n\t\t\t\t<div class=\"elementor-widget-container\">\n\t\t\t\t\t\t\t\t\t\t\t\t<figure class=\"wp-caption\">\n\t\t\t\t\t\t\t\t\t\t\t<a href=\"https:\/\/www.prefabricadoscolombia.com\/?page_id=3185\">\n\t\t\t\t\t\t\t<img loading=\"lazy\" decoding=\"async\" width=\"355\" height=\"229\" src=\"https:\/\/www.prefabricadoscolombia.com\/wp-content\/uploads\/2024\/08\/Toperol.jpg\" class=\"attachment-large size-large wp-image-458\" alt=\"\" srcset=\"https:\/\/www.prefabricadoscolombia.com\/wp-content\/uploads\/2024\/08\/Toperol.jpg 355w, https:\/\/www.prefabricadoscolombia.com\/wp-content\/uploads\/2024\/08\/Toperol-300x194.jpg 300w\" sizes=\"(max-width: 355px) 100vw, 355px\" \/>\t\t\t\t\t\t\t\t<\/a>\n\t\t\t\t\t\t\t\t\t\t\t<figcaption class=\"widget-image-caption wp-caption-text\">Loseta Toperol 40*40*6<\/figcaption>\n\t\t\t\t\t\t\t\t\t\t<\/figure>\n\t\t\t\t\t\t\t\t\t<\/div>\n\t\t\t\t<\/div>\n\t\t\t\t<div class=\"elementor-element elementor-element-0a57c9c elementor-widget elementor-widget-image\" data-id=\"0a57c9c\" data-element_type=\"widget\" data-e-type=\"widget\" data-widget_type=\"image.default\">\n\t\t\t\t<div class=\"elementor-widget-container\">\n\t\t\t\t\t\t\t\t\t\t\t\t<figure class=\"wp-caption\">\n\t\t\t\t\t\t\t\t\t\t\t<a href=\"https:\/\/www.prefabricadoscolombia.com\/?page_id=3175\">\n\t\t\t\t\t\t\t<img loading=\"lazy\" decoding=\"async\" width=\"768\" height=\"1024\" src=\"https:\/\/www.prefabricadoscolombia.com\/wp-content\/uploads\/2024\/08\/Loseta-2020-768x1024.jpeg\" class=\"attachment-large size-large wp-image-465\" alt=\"\" srcset=\"https:\/\/www.prefabricadoscolombia.com\/wp-content\/uploads\/2024\/08\/Loseta-2020-768x1024.jpeg 768w, https:\/\/www.prefabricadoscolombia.com\/wp-content\/uploads\/2024\/08\/Loseta-2020-225x300.jpeg 225w, https:\/\/www.prefabricadoscolombia.com\/wp-content\/uploads\/2024\/08\/Loseta-2020.jpeg 774w\" sizes=\"(max-width: 768px) 100vw, 768px\" \/>\t\t\t\t\t\t\t\t<\/a>\n\t\t\t\t\t\t\t\t\t\t\t<figcaption class=\"widget-image-caption wp-caption-text\">Loseta Lisa 20*20*06<\/figcaption>\n\t\t\t\t\t\t\t\t\t\t<\/figure>\n\t\t\t\t\t\t\t\t\t<\/div>\n\t\t\t\t<\/div>\n\t\t\t\t<div class=\"elementor-element elementor-element-11e5cd7 elementor-widget elementor-widget-image\" data-id=\"11e5cd7\" data-element_type=\"widget\" data-e-type=\"widget\" data-widget_type=\"image.default\">\n\t\t\t\t<div class=\"elementor-widget-container\">\n\t\t\t\t\t\t\t\t\t\t\t\t<figure class=\"wp-caption\">\n\t\t\t\t\t\t\t\t\t\t\t<a href=\"https:\/\/www.prefabricadoscolombia.com\/?page_id=3175\">\n\t\t\t\t\t\t\t<img loading=\"lazy\" decoding=\"async\" width=\"768\" height=\"1024\" src=\"https:\/\/www.prefabricadoscolombia.com\/wp-content\/uploads\/2024\/08\/Loseta-Guia-2020-768x1024.jpeg\" class=\"attachment-medium_large size-medium_large wp-image-466\" alt=\"\" srcset=\"https:\/\/www.prefabricadoscolombia.com\/wp-content\/uploads\/2024\/08\/Loseta-Guia-2020-768x1024.jpeg 768w, https:\/\/www.prefabricadoscolombia.com\/wp-content\/uploads\/2024\/08\/Loseta-Guia-2020-225x300.jpeg 225w, https:\/\/www.prefabricadoscolombia.com\/wp-content\/uploads\/2024\/08\/Loseta-Guia-2020.jpeg 774w\" sizes=\"(max-width: 768px) 100vw, 768px\" \/>\t\t\t\t\t\t\t\t<\/a>\n\t\t\t\t\t\t\t\t\t\t\t<figcaption class=\"widget-image-caption wp-caption-text\">Loseta Gu\u00eda 20*20*06<\/figcaption>\n\t\t\t\t\t\t\t\t\t\t<\/figure>\n\t\t\t\t\t\t\t\t\t<\/div>\n\t\t\t\t<\/div>\n\t\t\t\t<div class=\"elementor-element elementor-element-ad0896c elementor-widget elementor-widget-image\" data-id=\"ad0896c\" data-element_type=\"widget\" data-e-type=\"widget\" data-widget_type=\"image.default\">\n\t\t\t\t<div class=\"elementor-widget-container\">\n\t\t\t\t\t\t\t\t\t\t\t\t<figure class=\"wp-caption\">\n\t\t\t\t\t\t\t\t\t\t\t<a href=\"https:\/\/www.prefabricadoscolombia.com\/?page_id=3175\">\n\t\t\t\t\t\t\t<img loading=\"lazy\" decoding=\"async\" width=\"702\" height=\"900\" src=\"https:\/\/www.prefabricadoscolombia.com\/wp-content\/uploads\/2025\/03\/Losea_20_20_06.png\" class=\"attachment-large size-large wp-image-1817\" alt=\"\" srcset=\"https:\/\/www.prefabricadoscolombia.com\/wp-content\/uploads\/2025\/03\/Losea_20_20_06.png 702w, https:\/\/www.prefabricadoscolombia.com\/wp-content\/uploads\/2025\/03\/Losea_20_20_06-234x300.png 234w\" sizes=\"(max-width: 702px) 100vw, 702px\" \/>\t\t\t\t\t\t\t\t<\/a>\n\t\t\t\t\t\t\t\t\t\t\t<figcaption class=\"widget-image-caption wp-caption-text\">Loseta Triatica \n20*20*06<\/figcaption>\n\t\t\t\t\t\t\t\t\t\t<\/figure>\n\t\t\t\t\t\t\t\t\t<\/div>\n\t\t\t\t<\/div>\n\t\t\t\t<div class=\"elementor-element elementor-element-f6b82e6 elementor-widget elementor-widget-image\" data-id=\"f6b82e6\" data-element_type=\"widget\" data-e-type=\"widget\" data-widget_type=\"image.default\">\n\t\t\t\t<div class=\"elementor-widget-container\">\n\t\t\t\t\t\t\t\t\t\t\t\t<figure class=\"wp-caption\">\n\t\t\t\t\t\t\t\t\t\t\t<a href=\"https:\/\/www.prefabricadoscolombia.com\/?page_id=3175\">\n\t\t\t\t\t\t\t<img loading=\"lazy\" decoding=\"async\" width=\"768\" height=\"1024\" src=\"https:\/\/www.prefabricadoscolombia.com\/wp-content\/uploads\/2024\/08\/WhatsApp-Image-2021-04-06-at-11.04.49-2-768x1024.jpeg\" class=\"attachment-large size-large wp-image-469\" alt=\"\" srcset=\"https:\/\/www.prefabricadoscolombia.com\/wp-content\/uploads\/2024\/08\/WhatsApp-Image-2021-04-06-at-11.04.49-2-768x1024.jpeg 768w, https:\/\/www.prefabricadoscolombia.com\/wp-content\/uploads\/2024\/08\/WhatsApp-Image-2021-04-06-at-11.04.49-2-225x300.jpeg 225w, https:\/\/www.prefabricadoscolombia.com\/wp-content\/uploads\/2024\/08\/WhatsApp-Image-2021-04-06-at-11.04.49-2.jpeg 774w\" sizes=\"(max-width: 768px) 100vw, 768px\" \/>\t\t\t\t\t\t\t\t<\/a>\n\t\t\t\t\t\t\t\t\t\t\t<figcaption class=\"widget-image-caption wp-caption-text\">Loseta Toperol 20*20*06<\/figcaption>\n\t\t\t\t\t\t\t\t\t\t<\/figure>\n\t\t\t\t\t\t\t\t\t<\/div>\n\t\t\t\t<\/div>\n\t\t\t\t<div class=\"elementor-element elementor-element-54424f4 elementor-widget elementor-widget-image\" data-id=\"54424f4\" data-element_type=\"widget\" data-e-type=\"widget\" data-widget_type=\"image.default\">\n\t\t\t\t<div class=\"elementor-widget-container\">\n\t\t\t\t\t\t\t\t\t\t\t\t<figure class=\"wp-caption\">\n\t\t\t\t\t\t\t\t\t\t\t<a href=\"https:\/\/www.prefabricadoscolombia.com\/wp-content\/uploads\/2024\/08\/Placas-en-concreto-Deck-e1730230485975.jpeg\" data-elementor-open-lightbox=\"yes\" data-elementor-lightbox-title=\"Placas en concreto Deck\" data-e-action-hash=\"#elementor-action%3Aaction%3Dlightbox%26settings%3DeyJpZCI6NDU1LCJ1cmwiOiJodHRwczpcL1wvd3d3LnByZWZhYnJpY2Fkb3Njb2xvbWJpYS5jb21cL3dwLWNvbnRlbnRcL3VwbG9hZHNcLzIwMjRcLzA4XC9QbGFjYXMtZW4tY29uY3JldG8tRGVjay1lMTczMDIzMDQ4NTk3NS5qcGVnIn0%3D\">\n\t\t\t\t\t\t\t<img loading=\"lazy\" decoding=\"async\" width=\"709\" height=\"484\" src=\"https:\/\/www.prefabricadoscolombia.com\/wp-content\/uploads\/2024\/08\/Placas-en-concreto-Deck-e1730230485975.jpeg\" class=\"attachment-large size-large wp-image-455\" alt=\"\" srcset=\"https:\/\/www.prefabricadoscolombia.com\/wp-content\/uploads\/2024\/08\/Placas-en-concreto-Deck-e1730230485975.jpeg 709w, https:\/\/www.prefabricadoscolombia.com\/wp-content\/uploads\/2024\/08\/Placas-en-concreto-Deck-e1730230485975-300x205.jpeg 300w\" sizes=\"(max-width: 709px) 100vw, 709px\" \/>\t\t\t\t\t\t\t\t<\/a>\n\t\t\t\t\t\t\t\t\t\t\t<figcaption class=\"widget-image-caption wp-caption-text\">Placas en concreto Deck<\/figcaption>\n\t\t\t\t\t\t\t\t\t\t<\/figure>\n\t\t\t\t\t\t\t\t\t<\/div>\n\t\t\t\t<\/div>\n\t\t\t\t\t<\/div>\n\t\t\t\t<\/div>\n\t\t\t\t<\/div>\n\t\t","protected":false},"excerpt":{"rendered":"<p>Loseta Lisa 40*40*6 Loseta Gu\u00eda 40*40*6 Loseta cuadr\u00e1tica 40*40*6 Loseta Toperol 40*40*6 Loseta Lisa 20*20*06 Loseta Gu\u00eda 20*20*06 Loseta Triatica 20*20*06 Loseta Toperol 20*20*06 Placas en concreto Deck<\/p>\n","protected":false},"author":1,"featured_media":0,"parent":0,"menu_order":0,"comment_status":"closed","ping_status":"closed","template":"","meta":{"footnotes":""},"class_list":["post-201","page","type-page","status-publish","hentry"],"_links":{"self":[{"href":"https:\/\/www.prefabricadoscolombia.com\/index.php?rest_route=\/wp\/v2\/pages\/201","targetHints":{"allow":["GET"]}}],"collection":[{"href":"https:\/\/www.prefabricadoscolombia.com\/index.php?rest_route=\/wp\/v2\/pages"}],"about":[{"href":"https:\/\/www.prefabricadoscolombia.com\/index.php?rest_route=\/wp\/v2\/types\/page"}],"author":[{"embeddable":true,"href":"https:\/\/www.prefabricadoscolombia.com\/index.php?rest_route=\/wp\/v2\/users\/1"}],"replies":[{"embeddable":true,"href":"https:\/\/www.prefabricadoscolombia.com\/index.php?rest_route=%2Fwp%2Fv2%2Fcomments&post=201"}],"version-history":[{"count":49,"href":"https:\/\/www.prefabricadoscolombia.com\/index.php?rest_route=\/wp\/v2\/pages\/201\/revisions"}],"predecessor-version":[{"id":3245,"href":"https:\/\/www.prefabricadoscolombia.com\/index.php?rest_route=\/wp\/v2\/pages\/201\/revisions\/3245"}],"wp:attachment":[{"href":"https:\/\/www.prefabricadoscolombia.com\/index.php?rest_route=%2Fwp%2Fv2%2Fmedia&parent=201"}],"curies":[{"name":"wp","href":"https:\/\/api.w.org\/{rel}","templated":true}]}}