{"id":202,"date":"2024-08-01T21:07:05","date_gmt":"2024-08-01T21:07:05","guid":{"rendered":"https:\/\/www.prefabricadoscolombia.com\/?page_id=202"},"modified":"2025-08-19T17:12:30","modified_gmt":"2025-08-19T17:12:30","slug":"carcamo","status":"publish","type":"page","link":"https:\/\/www.prefabricadoscolombia.com\/?page_id=202","title":{"rendered":"Carcamo"},"content":{"rendered":"\t\t<div data-elementor-type=\"wp-page\" data-elementor-id=\"202\" class=\"elementor elementor-202\">\n\t\t\t\t<div class=\"elementor-element elementor-element-c0b40de e-grid e-con-boxed e-con e-parent\" data-id=\"c0b40de\" data-element_type=\"container\" data-e-type=\"container\" data-settings=\"{&quot;background_background&quot;:&quot;classic&quot;}\">\n\t\t\t\t\t<div class=\"e-con-inner\">\n\t\t\t\t<div class=\"elementor-element elementor-element-f61fd8d elementor-widget elementor-widget-image\" data-id=\"f61fd8d\" data-element_type=\"widget\" data-e-type=\"widget\" data-widget_type=\"image.default\">\n\t\t\t\t<div class=\"elementor-widget-container\">\n\t\t\t\t\t\t\t\t\t\t\t\t<figure class=\"wp-caption\">\n\t\t\t\t\t\t\t\t\t\t\t<a href=\"https:\/\/www.prefabricadoscolombia.com\/?page_id=2996\">\n\t\t\t\t\t\t\t<img fetchpriority=\"high\" decoding=\"async\" width=\"345\" height=\"613\" src=\"https:\/\/www.prefabricadoscolombia.com\/wp-content\/uploads\/2025\/05\/Carcamo-y-Rejilla-Transito-liviano-Pesado.webp\" class=\"attachment-medium_large size-medium_large wp-image-3016\" alt=\"\" srcset=\"https:\/\/www.prefabricadoscolombia.com\/wp-content\/uploads\/2025\/05\/Carcamo-y-Rejilla-Transito-liviano-Pesado.webp 345w, https:\/\/www.prefabricadoscolombia.com\/wp-content\/uploads\/2025\/05\/Carcamo-y-Rejilla-Transito-liviano-Pesado-169x300.webp 169w\" sizes=\"(max-width: 345px) 100vw, 345px\" \/>\t\t\t\t\t\t\t\t<\/a>\n\t\t\t\t\t\t\t\t\t\t\t<figcaption class=\"widget-image-caption wp-caption-text\">C\u00e1rcamo C-25<\/figcaption>\n\t\t\t\t\t\t\t\t\t\t<\/figure>\n\t\t\t\t\t\t\t\t\t<\/div>\n\t\t\t\t<\/div>\n\t\t\t\t<div class=\"elementor-element elementor-element-2a96781 elementor-widget elementor-widget-image\" data-id=\"2a96781\" data-element_type=\"widget\" data-e-type=\"widget\" data-widget_type=\"image.default\">\n\t\t\t\t<div class=\"elementor-widget-container\">\n\t\t\t\t\t\t\t\t\t\t\t\t<figure class=\"wp-caption\">\n\t\t\t\t\t\t\t\t\t\t\t<a href=\"https:\/\/www.prefabricadoscolombia.com\/?page_id=2991\">\n\t\t\t\t\t\t\t<img decoding=\"async\" width=\"800\" height=\"452\" src=\"https:\/\/www.prefabricadoscolombia.com\/wp-content\/uploads\/2025\/06\/CArcamo-limpio-1024x578.png\" class=\"attachment-large size-large wp-image-3669\" alt=\"\" srcset=\"https:\/\/www.prefabricadoscolombia.com\/wp-content\/uploads\/2025\/06\/CArcamo-limpio-1024x578.png 1024w, https:\/\/www.prefabricadoscolombia.com\/wp-content\/uploads\/2025\/06\/CArcamo-limpio-300x169.png 300w, https:\/\/www.prefabricadoscolombia.com\/wp-content\/uploads\/2025\/06\/CArcamo-limpio-768x433.png 768w, https:\/\/www.prefabricadoscolombia.com\/wp-content\/uploads\/2025\/06\/CArcamo-limpio.webp 1280w\" sizes=\"(max-width: 800px) 100vw, 800px\" \/>\t\t\t\t\t\t\t\t<\/a>\n\t\t\t\t\t\t\t\t\t\t\t<figcaption class=\"widget-image-caption wp-caption-text\">C\u00e1rcamo C-35<\/figcaption>\n\t\t\t\t\t\t\t\t\t\t<\/figure>\n\t\t\t\t\t\t\t\t\t<\/div>\n\t\t\t\t<\/div>\n\t\t\t\t<div class=\"elementor-element elementor-element-d853fd8 elementor-widget elementor-widget-image\" data-id=\"d853fd8\" data-element_type=\"widget\" data-e-type=\"widget\" data-widget_type=\"image.default\">\n\t\t\t\t<div class=\"elementor-widget-container\">\n\t\t\t\t\t\t\t\t\t\t\t\t<figure class=\"wp-caption\">\n\t\t\t\t\t\t\t\t\t\t\t<a href=\"https:\/\/www.prefabricadoscolombia.com\/?page_id=2980\">\n\t\t\t\t\t\t\t<img decoding=\"async\" width=\"270\" height=\"270\" src=\"https:\/\/www.prefabricadoscolombia.com\/wp-content\/uploads\/2024\/08\/1481046594.jpg\" class=\"attachment-large size-large wp-image-437\" alt=\"\" srcset=\"https:\/\/www.prefabricadoscolombia.com\/wp-content\/uploads\/2024\/08\/1481046594.jpg 270w, https:\/\/www.prefabricadoscolombia.com\/wp-content\/uploads\/2024\/08\/1481046594-150x150.jpg 150w\" sizes=\"(max-width: 270px) 100vw, 270px\" \/>\t\t\t\t\t\t\t\t<\/a>\n\t\t\t\t\t\t\t\t\t\t\t<figcaption class=\"widget-image-caption wp-caption-text\">C\u00e1rcamo C-45\n<\/figcaption>\n\t\t\t\t\t\t\t\t\t\t<\/figure>\n\t\t\t\t\t\t\t\t\t<\/div>\n\t\t\t\t<\/div>\n\t\t\t\t<div class=\"elementor-element elementor-element-4822712 elementor-widget elementor-widget-image\" data-id=\"4822712\" data-element_type=\"widget\" data-e-type=\"widget\" data-widget_type=\"image.default\">\n\t\t\t\t<div class=\"elementor-widget-container\">\n\t\t\t\t\t\t\t\t\t\t\t\t<figure class=\"wp-caption\">\n\t\t\t\t\t\t\t\t\t\t\t<a href=\"https:\/\/www.prefabricadoscolombia.com\/?page_id=2964\">\n\t\t\t\t\t\t\t<img loading=\"lazy\" decoding=\"async\" width=\"568\" height=\"573\" src=\"https:\/\/www.prefabricadoscolombia.com\/wp-content\/uploads\/2025\/03\/Carcamo-100-75-70-con-rejilla-tipo-T.jpg\" class=\"attachment-large size-large wp-image-1818\" alt=\"\" srcset=\"https:\/\/www.prefabricadoscolombia.com\/wp-content\/uploads\/2025\/03\/Carcamo-100-75-70-con-rejilla-tipo-T.jpg 568w, https:\/\/www.prefabricadoscolombia.com\/wp-content\/uploads\/2025\/03\/Carcamo-100-75-70-con-rejilla-tipo-T-297x300.jpg 297w, https:\/\/www.prefabricadoscolombia.com\/wp-content\/uploads\/2025\/03\/Carcamo-100-75-70-con-rejilla-tipo-T-150x150.jpg 150w\" sizes=\"(max-width: 568px) 100vw, 568px\" \/>\t\t\t\t\t\t\t\t<\/a>\n\t\t\t\t\t\t\t\t\t\t\t<figcaption class=\"widget-image-caption wp-caption-text\">C\u00e1rcamo Especial C-65<\/figcaption>\n\t\t\t\t\t\t\t\t\t\t<\/figure>\n\t\t\t\t\t\t\t\t\t<\/div>\n\t\t\t\t<\/div>\n\t\t\t\t<div class=\"elementor-element elementor-element-ee5b239 elementor-widget elementor-widget-image\" data-id=\"ee5b239\" data-element_type=\"widget\" data-e-type=\"widget\" data-widget_type=\"image.default\">\n\t\t\t\t<div class=\"elementor-widget-container\">\n\t\t\t\t\t\t\t\t\t\t\t\t<figure class=\"wp-caption\">\n\t\t\t\t\t\t\t\t\t\t\t<a href=\"https:\/\/www.prefabricadoscolombia.com\/?page_id=2912\">\n\t\t\t\t\t\t\t<img loading=\"lazy\" decoding=\"async\" width=\"501\" height=\"465\" src=\"https:\/\/www.prefabricadoscolombia.com\/wp-content\/uploads\/2025\/03\/Carcamo-100-75-70-con-rejilla-tipo-T-1.jpg\" class=\"attachment-large size-large wp-image-1819\" alt=\"\" srcset=\"https:\/\/www.prefabricadoscolombia.com\/wp-content\/uploads\/2025\/03\/Carcamo-100-75-70-con-rejilla-tipo-T-1.jpg 501w, https:\/\/www.prefabricadoscolombia.com\/wp-content\/uploads\/2025\/03\/Carcamo-100-75-70-con-rejilla-tipo-T-1-300x278.jpg 300w\" sizes=\"(max-width: 501px) 100vw, 501px\" \/>\t\t\t\t\t\t\t\t<\/a>\n\t\t\t\t\t\t\t\t\t\t\t<figcaption class=\"widget-image-caption wp-caption-text\">C\u00e1rcamo Especial C-75<\/figcaption>\n\t\t\t\t\t\t\t\t\t\t<\/figure>\n\t\t\t\t\t\t\t\t\t<\/div>\n\t\t\t\t<\/div>\n\t\t\t\t\t<\/div>\n\t\t\t\t<\/div>\n\t\t\t\t<\/div>\n\t\t","protected":false},"excerpt":{"rendered":"<p>C\u00e1rcamo C-25 C\u00e1rcamo C-35 C\u00e1rcamo C-45 C\u00e1rcamo Especial C-65 C\u00e1rcamo Especial C-75<\/p>\n","protected":false},"author":1,"featured_media":0,"parent":0,"menu_order":0,"comment_status":"closed","ping_status":"closed","template":"","meta":{"footnotes":""},"class_list":["post-202","page","type-page","status-publish","hentry"],"_links":{"self":[{"href":"https:\/\/www.prefabricadoscolombia.com\/index.php?rest_route=\/wp\/v2\/pages\/202","targetHints":{"allow":["GET"]}}],"collection":[{"href":"https:\/\/www.prefabricadoscolombia.com\/index.php?rest_route=\/wp\/v2\/pages"}],"about":[{"href":"https:\/\/www.prefabricadoscolombia.com\/index.php?rest_route=\/wp\/v2\/types\/page"}],"author":[{"embeddable":true,"href":"https:\/\/www.prefabricadoscolombia.com\/index.php?rest_route=\/wp\/v2\/users\/1"}],"replies":[{"embeddable":true,"href":"https:\/\/www.prefabricadoscolombia.com\/index.php?rest_route=%2Fwp%2Fv2%2Fcomments&post=202"}],"version-history":[{"count":50,"href":"https:\/\/www.prefabricadoscolombia.com\/index.php?rest_route=\/wp\/v2\/pages\/202\/revisions"}],"predecessor-version":[{"id":3865,"href":"https:\/\/www.prefabricadoscolombia.com\/index.php?rest_route=\/wp\/v2\/pages\/202\/revisions\/3865"}],"wp:attachment":[{"href":"https:\/\/www.prefabricadoscolombia.com\/index.php?rest_route=%2Fwp%2Fv2%2Fmedia&parent=202"}],"curies":[{"name":"wp","href":"https:\/\/api.w.org\/{rel}","templated":true}]}}