{"id":203,"date":"2024-08-01T21:07:05","date_gmt":"2024-08-01T21:07:05","guid":{"rendered":"https:\/\/www.prefabricadoscolombia.com\/?page_id=203"},"modified":"2025-04-30T20:53:21","modified_gmt":"2025-04-30T20:53:21","slug":"canuela","status":"publish","type":"page","link":"https:\/\/www.prefabricadoscolombia.com\/?page_id=203","title":{"rendered":"Ca\u00f1uela"},"content":{"rendered":"\t\t<div data-elementor-type=\"wp-page\" data-elementor-id=\"203\" class=\"elementor elementor-203\">\n\t\t\t\t<div class=\"elementor-element elementor-element-2404781 e-grid e-con-boxed e-con e-parent\" data-id=\"2404781\" data-element_type=\"container\" data-e-type=\"container\" data-settings=\"{&quot;background_background&quot;:&quot;classic&quot;}\">\n\t\t\t\t\t<div class=\"e-con-inner\">\n\t\t\t\t<div class=\"elementor-element elementor-element-a693cd7 elementor-widget elementor-widget-image\" data-id=\"a693cd7\" data-element_type=\"widget\" data-e-type=\"widget\" data-widget_type=\"image.default\">\n\t\t\t\t<div class=\"elementor-widget-container\">\n\t\t\t\t\t\t\t\t\t\t\t\t<figure class=\"wp-caption\">\n\t\t\t\t\t\t\t\t\t\t\t<a href=\"https:\/\/www.prefabricadoscolombia.com\/?page_id=2795\">\n\t\t\t\t\t\t\t<img fetchpriority=\"high\" decoding=\"async\" width=\"623\" height=\"345\" src=\"https:\/\/www.prefabricadoscolombia.com\/wp-content\/uploads\/2024\/08\/A-120-PROFUNDA-X5-e1724268491756.png\" class=\"attachment-large size-large wp-image-422\" alt=\"\" srcset=\"https:\/\/www.prefabricadoscolombia.com\/wp-content\/uploads\/2024\/08\/A-120-PROFUNDA-X5-e1724268491756.png 623w, https:\/\/www.prefabricadoscolombia.com\/wp-content\/uploads\/2024\/08\/A-120-PROFUNDA-X5-e1724268491756-300x166.png 300w\" sizes=\"(max-width: 623px) 100vw, 623px\" \/>\t\t\t\t\t\t\t\t<\/a>\n\t\t\t\t\t\t\t\t\t\t\t<figcaption class=\"widget-image-caption wp-caption-text\">Ca\u00f1uela A-120\n<\/figcaption>\n\t\t\t\t\t\t\t\t\t\t<\/figure>\n\t\t\t\t\t\t\t\t\t<\/div>\n\t\t\t\t<\/div>\n\t\t\t\t<div class=\"elementor-element elementor-element-060126c elementor-widget elementor-widget-image\" data-id=\"060126c\" data-element_type=\"widget\" data-e-type=\"widget\" data-widget_type=\"image.default\">\n\t\t\t\t<div class=\"elementor-widget-container\">\n\t\t\t\t\t\t\t\t\t\t\t\t<figure class=\"wp-caption\">\n\t\t\t\t\t\t\t\t\t\t\t<a href=\"https:\/\/www.prefabricadoscolombia.com\/?page_id=2848\">\n\t\t\t\t\t\t\t<img decoding=\"async\" width=\"800\" height=\"387\" src=\"https:\/\/www.prefabricadoscolombia.com\/wp-content\/uploads\/2025\/04\/A125-40-23-80-1024x495.png\" class=\"attachment-large size-large wp-image-2869\" alt=\"\" srcset=\"https:\/\/www.prefabricadoscolombia.com\/wp-content\/uploads\/2025\/04\/A125-40-23-80-1024x495.png 1024w, https:\/\/www.prefabricadoscolombia.com\/wp-content\/uploads\/2025\/04\/A125-40-23-80-300x145.png 300w, https:\/\/www.prefabricadoscolombia.com\/wp-content\/uploads\/2025\/04\/A125-40-23-80-768x371.png 768w, https:\/\/www.prefabricadoscolombia.com\/wp-content\/uploads\/2025\/04\/A125-40-23-80.png 1214w\" sizes=\"(max-width: 800px) 100vw, 800px\" \/>\t\t\t\t\t\t\t\t<\/a>\n\t\t\t\t\t\t\t\t\t\t\t<figcaption class=\"widget-image-caption wp-caption-text\">Ca\u00f1uela A-125\n<\/figcaption>\n\t\t\t\t\t\t\t\t\t\t<\/figure>\n\t\t\t\t\t\t\t\t\t<\/div>\n\t\t\t\t<\/div>\n\t\t\t\t<div class=\"elementor-element elementor-element-cdfb505 elementor-widget elementor-widget-image\" data-id=\"cdfb505\" data-element_type=\"widget\" data-e-type=\"widget\" data-widget_type=\"image.default\">\n\t\t\t\t<div class=\"elementor-widget-container\">\n\t\t\t\t\t\t\t\t\t\t\t\t<figure class=\"wp-caption\">\n\t\t\t\t\t\t\t\t\t\t\t<a href=\"https:\/\/www.prefabricadoscolombia.com\/?page_id=2883\">\n\t\t\t\t\t\t\t<img decoding=\"async\" width=\"800\" height=\"533\" src=\"https:\/\/www.prefabricadoscolombia.com\/wp-content\/uploads\/2024\/08\/CVA.png\" class=\"attachment-large size-large wp-image-428\" alt=\"\" srcset=\"https:\/\/www.prefabricadoscolombia.com\/wp-content\/uploads\/2024\/08\/CVA.png 900w, https:\/\/www.prefabricadoscolombia.com\/wp-content\/uploads\/2024\/08\/CVA-300x200.png 300w, https:\/\/www.prefabricadoscolombia.com\/wp-content\/uploads\/2024\/08\/CVA-768x512.png 768w\" sizes=\"(max-width: 800px) 100vw, 800px\" \/>\t\t\t\t\t\t\t\t<\/a>\n\t\t\t\t\t\t\t\t\t\t\t<figcaption class=\"widget-image-caption wp-caption-text\">Ca\u00f1uela CVA<\/figcaption>\n\t\t\t\t\t\t\t\t\t\t<\/figure>\n\t\t\t\t\t\t\t\t\t<\/div>\n\t\t\t\t<\/div>\n\t\t\t\t<div class=\"elementor-element elementor-element-a3d7285 elementor-widget elementor-widget-image\" data-id=\"a3d7285\" data-element_type=\"widget\" data-e-type=\"widget\" data-widget_type=\"image.default\">\n\t\t\t\t<div class=\"elementor-widget-container\">\n\t\t\t\t\t\t\t\t\t\t\t\t<figure class=\"wp-caption\">\n\t\t\t\t\t\t\t\t\t\t\t<a href=\"https:\/\/www.prefabricadoscolombia.com\/?page_id=2877\">\n\t\t\t\t\t\t\t<img loading=\"lazy\" decoding=\"async\" width=\"800\" height=\"450\" src=\"https:\/\/www.prefabricadoscolombia.com\/wp-content\/uploads\/2024\/08\/Canuela-Meida-Cana-20-35-80--1024x576.jpg\" class=\"attachment-large size-large wp-image-427\" alt=\"\" srcset=\"https:\/\/www.prefabricadoscolombia.com\/wp-content\/uploads\/2024\/08\/Canuela-Meida-Cana-20-35-80--1024x576.jpg 1024w, https:\/\/www.prefabricadoscolombia.com\/wp-content\/uploads\/2024\/08\/Canuela-Meida-Cana-20-35-80--300x169.jpg 300w, https:\/\/www.prefabricadoscolombia.com\/wp-content\/uploads\/2024\/08\/Canuela-Meida-Cana-20-35-80--768x432.jpg 768w, https:\/\/www.prefabricadoscolombia.com\/wp-content\/uploads\/2024\/08\/Canuela-Meida-Cana-20-35-80-.jpg 1090w\" sizes=\"(max-width: 800px) 100vw, 800px\" \/>\t\t\t\t\t\t\t\t<\/a>\n\t\t\t\t\t\t\t\t\t\t\t<figcaption class=\"widget-image-caption wp-caption-text\">Ca\u00f1uela CTB 30\n<\/figcaption>\n\t\t\t\t\t\t\t\t\t\t<\/figure>\n\t\t\t\t\t\t\t\t\t<\/div>\n\t\t\t\t<\/div>\n\t\t\t\t<div class=\"elementor-element elementor-element-9fabfe2 elementor-widget elementor-widget-image\" data-id=\"9fabfe2\" data-element_type=\"widget\" data-e-type=\"widget\" data-widget_type=\"image.default\">\n\t\t\t\t<div class=\"elementor-widget-container\">\n\t\t\t\t\t\t\t\t\t\t\t\t<figure class=\"wp-caption\">\n\t\t\t\t\t\t\t\t\t\t\t<a href=\"https:\/\/www.prefabricadoscolombia.com\/?page_id=2867\">\n\t\t\t\t\t\t\t<img loading=\"lazy\" decoding=\"async\" width=\"680\" height=\"684\" src=\"https:\/\/www.prefabricadoscolombia.com\/wp-content\/uploads\/2024\/08\/Canuela-80-20-16-x-7-x-5-1-1-e1723476286667.jpg\" class=\"attachment-medium_large size-medium_large wp-image-423\" alt=\"\" srcset=\"https:\/\/www.prefabricadoscolombia.com\/wp-content\/uploads\/2024\/08\/Canuela-80-20-16-x-7-x-5-1-1-e1723476286667.jpg 680w, https:\/\/www.prefabricadoscolombia.com\/wp-content\/uploads\/2024\/08\/Canuela-80-20-16-x-7-x-5-1-1-e1723476286667-298x300.jpg 298w, https:\/\/www.prefabricadoscolombia.com\/wp-content\/uploads\/2024\/08\/Canuela-80-20-16-x-7-x-5-1-1-e1723476286667-150x150.jpg 150w\" sizes=\"(max-width: 680px) 100vw, 680px\" \/>\t\t\t\t\t\t\t\t<\/a>\n\t\t\t\t\t\t\t\t\t\t\t<figcaption class=\"widget-image-caption wp-caption-text\">Ca\u00f1uela CTB 20\n<\/figcaption>\n\t\t\t\t\t\t\t\t\t\t<\/figure>\n\t\t\t\t\t\t\t\t\t<\/div>\n\t\t\t\t<\/div>\n\t\t\t\t\t<\/div>\n\t\t\t\t<\/div>\n\t\t\t\t<\/div>\n\t\t","protected":false},"excerpt":{"rendered":"<p>Ca\u00f1uela A-120 Ca\u00f1uela A-125 Ca\u00f1uela CVA Ca\u00f1uela CTB 30 Ca\u00f1uela CTB 20<\/p>\n","protected":false},"author":1,"featured_media":0,"parent":0,"menu_order":0,"comment_status":"closed","ping_status":"closed","template":"","meta":{"footnotes":""},"class_list":["post-203","page","type-page","status-publish","hentry"],"_links":{"self":[{"href":"https:\/\/www.prefabricadoscolombia.com\/index.php?rest_route=\/wp\/v2\/pages\/203","targetHints":{"allow":["GET"]}}],"collection":[{"href":"https:\/\/www.prefabricadoscolombia.com\/index.php?rest_route=\/wp\/v2\/pages"}],"about":[{"href":"https:\/\/www.prefabricadoscolombia.com\/index.php?rest_route=\/wp\/v2\/types\/page"}],"author":[{"embeddable":true,"href":"https:\/\/www.prefabricadoscolombia.com\/index.php?rest_route=\/wp\/v2\/users\/1"}],"replies":[{"embeddable":true,"href":"https:\/\/www.prefabricadoscolombia.com\/index.php?rest_route=%2Fwp%2Fv2%2Fcomments&post=203"}],"version-history":[{"count":34,"href":"https:\/\/www.prefabricadoscolombia.com\/index.php?rest_route=\/wp\/v2\/pages\/203\/revisions"}],"predecessor-version":[{"id":2910,"href":"https:\/\/www.prefabricadoscolombia.com\/index.php?rest_route=\/wp\/v2\/pages\/203\/revisions\/2910"}],"wp:attachment":[{"href":"https:\/\/www.prefabricadoscolombia.com\/index.php?rest_route=%2Fwp%2Fv2%2Fmedia&parent=203"}],"curies":[{"name":"wp","href":"https:\/\/api.w.org\/{rel}","templated":true}]}}