{"id":2185,"date":"2025-04-02T19:56:58","date_gmt":"2025-04-02T19:56:58","guid":{"rendered":"https:\/\/www.prefabricadoscolombia.com\/?page_id=2185"},"modified":"2025-08-19T15:13:59","modified_gmt":"2025-08-19T15:13:59","slug":"gramoquin-vehicular","status":"publish","type":"page","link":"https:\/\/www.prefabricadoscolombia.com\/?page_id=2185","title":{"rendered":"Gramoqu\u00edn Vehicular"},"content":{"rendered":"\t\t<div data-elementor-type=\"wp-page\" data-elementor-id=\"2185\" class=\"elementor elementor-2185\">\n\t\t\t\t<div class=\"elementor-element elementor-element-1f55864 e-flex e-con-boxed e-con e-parent\" data-id=\"1f55864\" data-element_type=\"container\" data-e-type=\"container\">\n\t\t\t\t\t<div class=\"e-con-inner\">\n\t\t<div class=\"elementor-element elementor-element-105e3ca e-con-full e-flex e-con e-child\" data-id=\"105e3ca\" data-element_type=\"container\" data-e-type=\"container\">\n\t\t\t\t<div class=\"elementor-element elementor-element-adaf07a e-transform elementor-widget elementor-widget-image\" data-id=\"adaf07a\" data-element_type=\"widget\" data-e-type=\"widget\" data-settings=\"{&quot;_transform_rotateZ_effect_hover&quot;:{&quot;unit&quot;:&quot;px&quot;,&quot;size&quot;:&quot;&quot;,&quot;sizes&quot;:[]},&quot;_transform_rotateZ_effect_hover_tablet&quot;:{&quot;unit&quot;:&quot;deg&quot;,&quot;size&quot;:&quot;&quot;,&quot;sizes&quot;:[]},&quot;_transform_rotateZ_effect_hover_mobile&quot;:{&quot;unit&quot;:&quot;deg&quot;,&quot;size&quot;:&quot;&quot;,&quot;sizes&quot;:[]}}\" data-widget_type=\"image.default\">\n\t\t\t\t<div class=\"elementor-widget-container\">\n\t\t\t\t\t\t\t\t\t\t\t\t\t\t\t\t<a href=\"https:\/\/www.prefabricadoscolombia.com\/?page_id=135\">\n\t\t\t\t\t\t\t<img fetchpriority=\"high\" decoding=\"async\" width=\"660\" height=\"368\" src=\"https:\/\/www.prefabricadoscolombia.com\/wp-content\/uploads\/2025\/04\/gramoquin_40-60-8.png\" class=\"attachment-large size-large wp-image-2187\" alt=\"\" srcset=\"https:\/\/www.prefabricadoscolombia.com\/wp-content\/uploads\/2025\/04\/gramoquin_40-60-8.png 660w, https:\/\/www.prefabricadoscolombia.com\/wp-content\/uploads\/2025\/04\/gramoquin_40-60-8-300x167.png 300w\" sizes=\"(max-width: 660px) 100vw, 660px\" \/>\t\t\t\t\t\t\t\t<\/a>\n\t\t\t\t\t\t\t\t\t\t\t\t\t\t\t<\/div>\n\t\t\t\t<\/div>\n\t\t\t\t<\/div>\n\t\t<div class=\"elementor-element elementor-element-f0e727d e-con-full e-flex e-con e-child\" data-id=\"f0e727d\" data-element_type=\"container\" data-e-type=\"container\">\n\t\t<div class=\"elementor-element elementor-element-6a12178 e-con-full e-flex e-con e-child\" data-id=\"6a12178\" data-element_type=\"container\" data-e-type=\"container\">\n\t\t\t\t<div class=\"elementor-element elementor-element-746aa2e elementor-widget elementor-widget-heading\" data-id=\"746aa2e\" data-element_type=\"widget\" data-e-type=\"widget\" data-widget_type=\"heading.default\">\n\t\t\t\t<div class=\"elementor-widget-container\">\n\t\t\t\t\t<h2 class=\"elementor-heading-title elementor-size-default\"><b>DESCRIPCI\u00d3N DEL  PRODUCTO<\/b><\/h2>\t\t\t\t<\/div>\n\t\t\t\t<\/div>\n\t\t\t\t<\/div>\n\t\t<div class=\"elementor-element elementor-element-12563da e-con-full e-flex e-con e-child\" data-id=\"12563da\" data-element_type=\"container\" data-e-type=\"container\">\n\t\t\t\t<div class=\"elementor-element elementor-element-221228c elementor-widget elementor-widget-heading\" data-id=\"221228c\" data-element_type=\"widget\" data-e-type=\"widget\" data-widget_type=\"heading.default\">\n\t\t\t\t<div class=\"elementor-widget-container\">\n\t\t\t\t\t<h2 class=\"elementor-heading-title elementor-size-default\"><span data-huuid=\"2495337780330955355\"><span>Usos<\/span><span> <\/span><\/span><span data-huuid=\"9117884260117926709\"><span>en parqueaderos, senderos, huellas peatonales, huellas vehiculares,  accesos veh\u00ecculares livianos y pesados<\/span><\/span><br>Los Gramoquines ecol\u00f3gicos tipo tr\u00e1fico veh\u00edcular, se utilizan principalmente en v\u00edas transitadas residenciales y centro comerciales como aplicaciones arquitect\u00f3nicas.<\/h2>\t\t\t\t<\/div>\n\t\t\t\t<\/div>\n\t\t\t\t<\/div>\n\t\t<div class=\"elementor-element elementor-element-7864179 e-con-full e-flex e-con e-child\" data-id=\"7864179\" data-element_type=\"container\" data-e-type=\"container\">\n\t\t\t\t<div class=\"elementor-element elementor-element-b541ab2 elementor-widget elementor-widget-heading\" data-id=\"b541ab2\" data-element_type=\"widget\" data-e-type=\"widget\" data-widget_type=\"heading.default\">\n\t\t\t\t<div class=\"elementor-widget-container\">\n\t\t\t\t\t<h2 class=\"elementor-heading-title elementor-size-default\"><b>INFORMACI\u00d3N DE CARACTER\u00cdSTICAS<\/b><\/h2>\t\t\t\t<\/div>\n\t\t\t\t<\/div>\n\t\t\t\t<\/div>\n\t\t<div class=\"elementor-element elementor-element-87fc6a4 e-con-full e-flex e-con e-child\" data-id=\"87fc6a4\" data-element_type=\"container\" data-e-type=\"container\">\n\t\t<div class=\"elementor-element elementor-element-40495bc e-con-full e-flex e-con e-child\" data-id=\"40495bc\" data-element_type=\"container\" data-e-type=\"container\">\n\t\t\t\t<div class=\"elementor-element elementor-element-1147cf0 elementor-widget elementor-widget-heading\" data-id=\"1147cf0\" data-element_type=\"widget\" data-e-type=\"widget\" data-widget_type=\"heading.default\">\n\t\t\t\t<div class=\"elementor-widget-container\">\n\t\t\t\t\t<h2 class=\"elementor-heading-title elementor-size-default\"><table><tbody><tr><th>CARACTER\u00cdSTICAS<br>F\u00cdSICAS<\/th><td><p>\u00c1rea Nominal (ML) 1.6<br>\u00c1rea Nominal (m^2) 4.17 <br>Peso seco (kg) 28 kg<br>Resistencia <span><span>kg\/cm<\/span><\/span><span><span><span><span><span><span><\/span><span><span>2 0.011<\/span><\/span><\/span><\/span><\/span><\/span><\/span><\/p><\/td><\/tr><\/tbody><\/table><br><table><tbody><tr><th>DIMENSIONES (CM)<\/th><td><p>Largo 60 - Ancho 40 - Alto 8<\/p><\/td><\/tr><\/tbody><\/table><br><table><tbody><tr><th><br><br><br><br><br>COLORES<\/th><td><h2>Gris<br>Blanco<br>Amarillo<br>Verde Verde  <br>Salm\u00f3n <br>Rojo<br>Negro<br>Ocre<br>Terracota<br>Chocolate<\/h2><\/td><\/tr><\/tbody><\/table><br><table><tbody><tr><th>Mod\/Rotura\t<br><\/th><td>13 MP de Rotura. <\/td><\/tr><\/tbody><\/table><\/h2>\t\t\t\t<\/div>\n\t\t\t\t<\/div>\n\t\t\t\t<\/div>\n\t\t\t\t<\/div>\n\t\t\t\t<\/div>\n\t\t\t\t\t<\/div>\n\t\t\t\t<\/div>\n\t\t<div class=\"elementor-element elementor-element-753c361 e-grid e-con-boxed e-con e-parent\" data-id=\"753c361\" data-element_type=\"container\" data-e-type=\"container\">\n\t\t\t\t\t<div class=\"e-con-inner\">\n\t\t\t\t<div class=\"elementor-element elementor-element-c343d43 elementor-button-success elementor-align-center elementor-widget elementor-widget-button\" data-id=\"c343d43\" data-element_type=\"widget\" data-e-type=\"widget\" data-widget_type=\"button.default\">\n\t\t\t\t<div class=\"elementor-widget-container\">\n\t\t\t\t\t\t\t\t\t<div class=\"elementor-button-wrapper\">\n\t\t\t\t\t<a class=\"elementor-button elementor-button-link elementor-size-sm elementor-animation-push\" href=\"#\">\n\t\t\t\t\t\t<span class=\"elementor-button-content-wrapper\">\n\t\t\t\t\t\t\t\t\t<span class=\"elementor-button-text\">COTIZACION<\/span>\n\t\t\t\t\t<\/span>\n\t\t\t\t\t<\/a>\n\t\t\t\t<\/div>\n\t\t\t\t\t\t\t\t<\/div>\n\t\t\t\t<\/div>\n\t\t\t\t\t<\/div>\n\t\t\t\t<\/div>\n\t\t<div class=\"elementor-element elementor-element-a4de545 e-flex e-con-boxed e-con e-parent\" data-id=\"a4de545\" data-element_type=\"container\" data-e-type=\"container\" data-settings=\"{&quot;background_background&quot;:&quot;classic&quot;}\">\n\t\t\t\t\t<div class=\"e-con-inner\">\n\t\t\t\t<div class=\"elementor-element elementor-element-321a980 elementor-arrows-position-outside elementor-pagination-position-inside elementor-widget elementor-widget-image-carousel\" data-id=\"321a980\" data-element_type=\"widget\" data-e-type=\"widget\" data-settings=\"{&quot;slides_to_show&quot;:&quot;3&quot;,&quot;image_spacing_custom&quot;:{&quot;unit&quot;:&quot;px&quot;,&quot;size&quot;:0,&quot;sizes&quot;:[]},&quot;autoplay_speed&quot;:50,&quot;speed&quot;:2000,&quot;navigation&quot;:&quot;both&quot;,&quot;autoplay&quot;:&quot;yes&quot;,&quot;pause_on_hover&quot;:&quot;yes&quot;,&quot;pause_on_interaction&quot;:&quot;yes&quot;,&quot;infinite&quot;:&quot;yes&quot;,&quot;image_spacing_custom_tablet&quot;:{&quot;unit&quot;:&quot;px&quot;,&quot;size&quot;:&quot;&quot;,&quot;sizes&quot;:[]},&quot;image_spacing_custom_mobile&quot;:{&quot;unit&quot;:&quot;px&quot;,&quot;size&quot;:&quot;&quot;,&quot;sizes&quot;:[]}}\" data-widget_type=\"image-carousel.default\">\n\t\t\t\t<div class=\"elementor-widget-container\">\n\t\t\t\t\t\t\t<div class=\"elementor-image-carousel-wrapper swiper\" role=\"region\" aria-roledescription=\"carousel\" aria-label=\"Carrusel de im\u00e1genes\" dir=\"ltr\">\n\t\t\t<div class=\"elementor-image-carousel swiper-wrapper\" aria-live=\"off\">\n\t\t\t\t\t\t\t\t<div class=\"swiper-slide\" role=\"group\" aria-roledescription=\"slide\" aria-label=\"1 de 10\"><a data-elementor-open-lightbox=\"yes\" data-elementor-lightbox-slideshow=\"321a980\" data-elementor-lightbox-title=\"ADOQU\u00cdN PEATONAL\" data-elementor-lightbox-description=\"Adoqu\u00edn Peatonal 20-10-4\" data-e-action-hash=\"#elementor-action%3Aaction%3Dlightbox%26settings%3DeyJpZCI6MTg0OSwidXJsIjoiaHR0cHM6XC9cL3d3dy5wcmVmYWJyaWNhZG9zY29sb21iaWEuY29tXC93cC1jb250ZW50XC91cGxvYWRzXC8yMDI1XC8wM1wvQWRvcXVpbl9QZWF0b25hbF9fMTAtMjAtNC1yZW1vdmViZy1wcmV2aWV3LWUxNzQzNTQxMjExMjQ0LnBuZyIsInNsaWRlc2hvdyI6IjMyMWE5ODAifQ%3D%3D\" href=\"https:\/\/www.prefabricadoscolombia.com\/wp-content\/uploads\/2025\/03\/Adoquin_Peatonal__10-20-4-removebg-preview-e1743541211244.png\"><figure class=\"swiper-slide-inner\"><img decoding=\"async\" src=\"https:\/\/www.prefabricadoscolombia.com\/wp-content\/uploads\/2025\/03\/Adoquin_Peatonal__10-20-4-removebg-preview-e1743541211244-300x161.png\" alt=\"ADOQU\u00cdN PEATONAL\" class=\"swiper-slide-image\" width=\"300\" height=\"161\" \/><\/figure><\/a><\/div><div class=\"swiper-slide\" role=\"group\" aria-roledescription=\"slide\" aria-label=\"2 de 10\"><a data-elementor-open-lightbox=\"yes\" data-elementor-lightbox-slideshow=\"321a980\" data-elementor-lightbox-title=\"ADOQU\u00cdN PEATONAL\" data-elementor-lightbox-description=\"Adoqu\u00edn Peatonal 10-20-6\" data-e-action-hash=\"#elementor-action%3Aaction%3Dlightbox%26settings%3DeyJpZCI6MTkzMiwidXJsIjoiaHR0cHM6XC9cL3d3dy5wcmVmYWJyaWNhZG9zY29sb21iaWEuY29tXC93cC1jb250ZW50XC91cGxvYWRzXC8yMDI1XC8wM1wvQWRvcXVpbl9QZWF0b25hbF9fMTAtMjAtNi1lMTc0MzU0MTIzMTkwMy5wbmciLCJzbGlkZXNob3ciOiIzMjFhOTgwIn0%3D\" href=\"https:\/\/www.prefabricadoscolombia.com\/wp-content\/uploads\/2025\/03\/Adoquin_Peatonal__10-20-6-e1743541231903.png\"><figure class=\"swiper-slide-inner\"><img decoding=\"async\" src=\"https:\/\/www.prefabricadoscolombia.com\/wp-content\/uploads\/2025\/03\/Adoquin_Peatonal__10-20-6-e1743541231903-300x177.png\" alt=\"ADOQU\u00cdN PEATONAL\" class=\"swiper-slide-image\" width=\"300\" height=\"177\" \/><\/figure><\/a><\/div><div class=\"swiper-slide\" role=\"group\" aria-roledescription=\"slide\" aria-label=\"3 de 10\"><a data-elementor-open-lightbox=\"yes\" data-elementor-lightbox-slideshow=\"321a980\" data-elementor-lightbox-title=\"ADOQU\u00cdN VEHICULAR \" data-elementor-lightbox-description=\"Adoqu\u00edn Vehicular\n10-20-08\" data-e-action-hash=\"#elementor-action%3Aaction%3Dlightbox%26settings%3DeyJpZCI6MTkzMywidXJsIjoiaHR0cHM6XC9cL3d3dy5wcmVmYWJyaWNhZG9zY29sb21iaWEuY29tXC93cC1jb250ZW50XC91cGxvYWRzXC8yMDI1XC8wM1wvQWRvcXVpbl9WZWhpY3VsYXJfXzEwLTIwLTA4LWUxNzQzNTQxMjQ5NDkyLnBuZyIsInNsaWRlc2hvdyI6IjMyMWE5ODAifQ%3D%3D\" href=\"https:\/\/www.prefabricadoscolombia.com\/wp-content\/uploads\/2025\/03\/Adoquin_Vehicular__10-20-08-e1743541249492.png\"><figure class=\"swiper-slide-inner\"><img loading=\"lazy\" decoding=\"async\" src=\"https:\/\/www.prefabricadoscolombia.com\/wp-content\/uploads\/2025\/03\/Adoquin_Vehicular__10-20-08-e1743541249492-300x224.png\" alt=\"ADOQU\u00cdN VEHICULAR\" class=\"swiper-slide-image\" width=\"300\" height=\"224\" \/><\/figure><\/a><\/div><div class=\"swiper-slide\" role=\"group\" aria-roledescription=\"slide\" aria-label=\"4 de 10\"><a data-elementor-open-lightbox=\"yes\" data-elementor-lightbox-slideshow=\"321a980\" data-elementor-lightbox-title=\"ADOQU\u00cdN PEATONAL DE COLOR\" data-elementor-lightbox-description=\"Adoqu\u00edn DE COLOR 20-10-6\" data-e-action-hash=\"#elementor-action%3Aaction%3Dlightbox%26settings%3DeyJpZCI6MjA5MywidXJsIjoiaHR0cHM6XC9cL3d3dy5wcmVmYWJyaWNhZG9zY29sb21iaWEuY29tXC93cC1jb250ZW50XC91cGxvYWRzXC8yMDI1XC8wNFwvQWRvcXVpbi1kZS1Db2xvcmVzLWUxNzQzNTQxMzAxNTUxLnBuZyIsInNsaWRlc2hvdyI6IjMyMWE5ODAifQ%3D%3D\" href=\"https:\/\/www.prefabricadoscolombia.com\/wp-content\/uploads\/2025\/04\/Adoquin-de-Colores-e1743541301551.png\"><figure class=\"swiper-slide-inner\"><img loading=\"lazy\" decoding=\"async\" src=\"https:\/\/www.prefabricadoscolombia.com\/wp-content\/uploads\/2025\/04\/Adoquin-de-Colores-e1743541301551-300x154.png\" alt=\"ADOQU\u00cdN PEATONAL DE COLOR\" class=\"swiper-slide-image\" width=\"300\" height=\"154\" \/><\/figure><\/a><\/div><div class=\"swiper-slide\" role=\"group\" aria-roledescription=\"slide\" aria-label=\"5 de 10\"><a data-elementor-open-lightbox=\"yes\" data-elementor-lightbox-slideshow=\"321a980\" data-elementor-lightbox-title=\"GRAMOQU\u00ccN VEHICULAR \" data-elementor-lightbox-description=\"Gramoquin Vehicula 60-40-08\" data-e-action-hash=\"#elementor-action%3Aaction%3Dlightbox%26settings%3DeyJpZCI6MjA5NSwidXJsIjoiaHR0cHM6XC9cL3d3dy5wcmVmYWJyaWNhZG9zY29sb21iaWEuY29tXC93cC1jb250ZW50XC91cGxvYWRzXC8yMDI1XC8wNFwvNjAtNDAtMDgtVmVoaWN1bGFyLXJlbW92ZWJnLXByZXZpZXctZTE3NDM1NDEzMjgyNTUucG5nIiwic2xpZGVzaG93IjoiMzIxYTk4MCJ9\" href=\"https:\/\/www.prefabricadoscolombia.com\/wp-content\/uploads\/2025\/04\/60-40-08-Vehicular-removebg-preview-e1743541328255.png\"><figure class=\"swiper-slide-inner\"><img loading=\"lazy\" decoding=\"async\" src=\"https:\/\/www.prefabricadoscolombia.com\/wp-content\/uploads\/2025\/04\/60-40-08-Vehicular-removebg-preview-e1743541328255-300x166.png\" alt=\"GRAMOQU\u00ccN VEHICULAR\" class=\"swiper-slide-image\" width=\"300\" height=\"166\" \/><\/figure><\/a><\/div><div class=\"swiper-slide\" role=\"group\" aria-roledescription=\"slide\" aria-label=\"6 de 10\"><a data-elementor-open-lightbox=\"yes\" data-elementor-lightbox-slideshow=\"321a980\" data-elementor-lightbox-title=\"GRAMOQU\u00ccN PEATONAL\" data-elementor-lightbox-description=\"Gramoquin Peatonal 30*30*6\" data-e-action-hash=\"#elementor-action%3Aaction%3Dlightbox%26settings%3DeyJpZCI6MjA5OCwidXJsIjoiaHR0cHM6XC9cL3d3dy5wcmVmYWJyaWNhZG9zY29sb21iaWEuY29tXC93cC1jb250ZW50XC91cGxvYWRzXC8yMDI1XC8wNFwvZ3JhbW9xdWluLnBuZyIsInNsaWRlc2hvdyI6IjMyMWE5ODAifQ%3D%3D\" href=\"https:\/\/www.prefabricadoscolombia.com\/wp-content\/uploads\/2025\/04\/gramoquin.png\"><figure class=\"swiper-slide-inner\"><img loading=\"lazy\" decoding=\"async\" src=\"https:\/\/www.prefabricadoscolombia.com\/wp-content\/uploads\/2025\/04\/gramoquin-300x169.png\" alt=\"GRAMOQU\u00ccN PEATONAL\" class=\"swiper-slide-image\" width=\"300\" height=\"169\" \/><\/figure><\/a><\/div><div class=\"swiper-slide\" role=\"group\" aria-roledescription=\"slide\" aria-label=\"7 de 10\"><a data-elementor-open-lightbox=\"yes\" data-elementor-lightbox-slideshow=\"321a980\" data-elementor-lightbox-title=\"GRAMOQU\u00ccN PEATONAL\" data-elementor-lightbox-description=\"Gramoquin Peatonal 30*30*6\" data-e-action-hash=\"#elementor-action%3Aaction%3Dlightbox%26settings%3DeyJpZCI6MjEwMCwidXJsIjoiaHR0cHM6XC9cL3d3dy5wcmVmYWJyaWNhZG9zY29sb21iaWEuY29tXC93cC1jb250ZW50XC91cGxvYWRzXC8yMDI1XC8wNFwvQWRvcXVpbi1QZWF0b25hbC0zMC0zMC5wbmciLCJzbGlkZXNob3ciOiIzMjFhOTgwIn0%3D\" href=\"https:\/\/www.prefabricadoscolombia.com\/wp-content\/uploads\/2025\/04\/Adoquin-Peatonal-30-30.png\"><figure class=\"swiper-slide-inner\"><img loading=\"lazy\" decoding=\"async\" src=\"https:\/\/www.prefabricadoscolombia.com\/wp-content\/uploads\/2025\/04\/Adoquin-Peatonal-30-30-300x225.png\" alt=\"GRAMOQU\u00ccN PEATONAL\" class=\"swiper-slide-image\" width=\"300\" height=\"225\" \/><\/figure><\/a><\/div><div class=\"swiper-slide\" role=\"group\" aria-roledescription=\"slide\" aria-label=\"8 de 10\"><a data-elementor-open-lightbox=\"yes\" data-elementor-lightbox-slideshow=\"321a980\" data-elementor-lightbox-title=\"ADOQU\u00cdN ECOL\u00d3GICO HEXAGONAL VEHICULAR\" data-elementor-lightbox-description=\"Adoqu\u00edn Ecol\u00f3gico Hexagonal Vehicular\" data-e-action-hash=\"#elementor-action%3Aaction%3Dlightbox%26settings%3DeyJpZCI6MjA5OSwidXJsIjoiaHR0cHM6XC9cL3d3dy5wcmVmYWJyaWNhZG9zY29sb21iaWEuY29tXC93cC1jb250ZW50XC91cGxvYWRzXC8yMDI1XC8wNFwvQWRvcXVpbi1FY29sb2dpY28tRXhhZ29uYWwtVmVoaWN1bGFyLVBlYXRvbmFsLTEucG5nIiwic2xpZGVzaG93IjoiMzIxYTk4MCJ9\" href=\"https:\/\/www.prefabricadoscolombia.com\/wp-content\/uploads\/2025\/04\/Adoquin-Ecologico-Exagonal-Vehicular-Peatonal-1.png\"><figure class=\"swiper-slide-inner\"><img loading=\"lazy\" decoding=\"async\" src=\"https:\/\/www.prefabricadoscolombia.com\/wp-content\/uploads\/2025\/04\/Adoquin-Ecologico-Exagonal-Vehicular-Peatonal-1-300x168.png\" alt=\"ADOQU\u00cdN ECOL\u00d3GICO HEXAGONAL VEHICULAR\" class=\"swiper-slide-image\" width=\"300\" height=\"168\" \/><\/figure><\/a><\/div><div class=\"swiper-slide\" role=\"group\" aria-roledescription=\"slide\" aria-label=\"9 de 10\"><a data-elementor-open-lightbox=\"yes\" data-elementor-lightbox-slideshow=\"321a980\" data-elementor-lightbox-title=\"ADOQU\u00cdN VIKINGO DE COLORES\" data-elementor-lightbox-description=\"Adoqu\u00edn Vikingo en colores\" data-e-action-hash=\"#elementor-action%3Aaction%3Dlightbox%26settings%3DeyJpZCI6MjA5NCwidXJsIjoiaHR0cHM6XC9cL3d3dy5wcmVmYWJyaWNhZG9zY29sb21iaWEuY29tXC93cC1jb250ZW50XC91cGxvYWRzXC8yMDI1XC8wNFwvVmlraW5nby1lbi1jb2xvcmVzLnBuZyIsInNsaWRlc2hvdyI6IjMyMWE5ODAifQ%3D%3D\" href=\"https:\/\/www.prefabricadoscolombia.com\/wp-content\/uploads\/2025\/04\/Vikingo-en-colores.png\"><figure class=\"swiper-slide-inner\"><img loading=\"lazy\" decoding=\"async\" src=\"https:\/\/www.prefabricadoscolombia.com\/wp-content\/uploads\/2025\/04\/Vikingo-en-colores-225x300.png\" alt=\"ADOQU\u00cdN VIKINGO DE COLORES\" class=\"swiper-slide-image\" width=\"225\" height=\"300\" \/><\/figure><\/a><\/div><div class=\"swiper-slide\" role=\"group\" aria-roledescription=\"slide\" aria-label=\"10 de 10\"><a data-elementor-open-lightbox=\"yes\" data-elementor-lightbox-slideshow=\"321a980\" data-elementor-lightbox-title=\"ADOQU\u00cdN ECOL\u00d3GICO HEXAGONAL PEATONAL VEHICULAR\" data-elementor-lightbox-description=\"Adoqu\u00edn Ecol\u00f3gico Hexagonal Peatonal Vehicular\" data-e-action-hash=\"#elementor-action%3Aaction%3Dlightbox%26settings%3DeyJpZCI6MjA5NywidXJsIjoiaHR0cHM6XC9cL3d3dy5wcmVmYWJyaWNhZG9zY29sb21iaWEuY29tXC93cC1jb250ZW50XC91cGxvYWRzXC8yMDI1XC8wNFwvQWRvcXVpbi1FY29sb2dpY28tRXhhZ29uYWwtVmVoaWN1bGFyLVBlYXRvbmFsLnBuZyIsInNsaWRlc2hvdyI6IjMyMWE5ODAifQ%3D%3D\" href=\"https:\/\/www.prefabricadoscolombia.com\/wp-content\/uploads\/2025\/04\/Adoquin-Ecologico-Exagonal-Vehicular-Peatonal.png\"><figure class=\"swiper-slide-inner\"><img loading=\"lazy\" decoding=\"async\" src=\"https:\/\/www.prefabricadoscolombia.com\/wp-content\/uploads\/2025\/04\/Adoquin-Ecologico-Exagonal-Vehicular-Peatonal-169x300.png\" alt=\"ADOQU\u00cdN ECOL\u00d3GICO HEXAGONAL PEATONAL VEHICULAR\" class=\"swiper-slide-image\" width=\"169\" height=\"300\" \/><\/figure><\/a><\/div>\t\t\t<\/div>\n\t\t\t\t\t\t\t\t\t\t\t\t<div class=\"elementor-swiper-button elementor-swiper-button-prev\" role=\"button\" tabindex=\"0\">\n\t\t\t\t\t\t<i aria-hidden=\"true\" class=\"eicon-chevron-left\"><\/i>\t\t\t\t\t<\/div>\n\t\t\t\t\t<div class=\"elementor-swiper-button elementor-swiper-button-next\" role=\"button\" tabindex=\"0\">\n\t\t\t\t\t\t<i aria-hidden=\"true\" class=\"eicon-chevron-right\"><\/i>\t\t\t\t\t<\/div>\n\t\t\t\t\n\t\t\t\t\t\t\t\t\t<div class=\"swiper-pagination\"><\/div>\n\t\t\t\t\t\t\t\t\t<\/div>\n\t\t\t\t\t\t<\/div>\n\t\t\t\t<\/div>\n\t\t\t\t\t<\/div>\n\t\t\t\t<\/div>\n\t\t\t\t<\/div>\n\t\t","protected":false},"excerpt":{"rendered":"<p>DESCRIPCI\u00d3N DEL PRODUCTO Usos en parqueaderos, senderos, huellas peatonales, huellas vehiculares, accesos veh\u00ecculares livianos y pesadosLos Gramoquines ecol\u00f3gicos tipo tr\u00e1fico veh\u00edcular, se utilizan principalmente en v\u00edas transitadas residenciales y centro comerciales como aplicaciones arquitect\u00f3nicas. INFORMACI\u00d3N DE CARACTER\u00cdSTICAS CARACTER\u00cdSTICASF\u00cdSICAS \u00c1rea Nominal (ML) 1.6\u00c1rea Nominal (m^2) 4.17 Peso seco (kg) 28 kgResistencia kg\/cm2 0.011 DIMENSIONES (CM) Largo [&hellip;]<\/p>\n","protected":false},"author":1,"featured_media":0,"parent":0,"menu_order":0,"comment_status":"closed","ping_status":"closed","template":"","meta":{"footnotes":""},"class_list":["post-2185","page","type-page","status-publish","hentry"],"_links":{"self":[{"href":"https:\/\/www.prefabricadoscolombia.com\/index.php?rest_route=\/wp\/v2\/pages\/2185","targetHints":{"allow":["GET"]}}],"collection":[{"href":"https:\/\/www.prefabricadoscolombia.com\/index.php?rest_route=\/wp\/v2\/pages"}],"about":[{"href":"https:\/\/www.prefabricadoscolombia.com\/index.php?rest_route=\/wp\/v2\/types\/page"}],"author":[{"embeddable":true,"href":"https:\/\/www.prefabricadoscolombia.com\/index.php?rest_route=\/wp\/v2\/users\/1"}],"replies":[{"embeddable":true,"href":"https:\/\/www.prefabricadoscolombia.com\/index.php?rest_route=%2Fwp%2Fv2%2Fcomments&post=2185"}],"version-history":[{"count":31,"href":"https:\/\/www.prefabricadoscolombia.com\/index.php?rest_route=\/wp\/v2\/pages\/2185\/revisions"}],"predecessor-version":[{"id":3802,"href":"https:\/\/www.prefabricadoscolombia.com\/index.php?rest_route=\/wp\/v2\/pages\/2185\/revisions\/3802"}],"wp:attachment":[{"href":"https:\/\/www.prefabricadoscolombia.com\/index.php?rest_route=%2Fwp%2Fv2%2Fmedia&parent=2185"}],"curies":[{"name":"wp","href":"https:\/\/api.w.org\/{rel}","templated":true}]}}