{"id":2406,"date":"2025-04-03T21:48:07","date_gmt":"2025-04-03T21:48:07","guid":{"rendered":"https:\/\/www.prefabricadoscolombia.com\/?page_id=2406"},"modified":"2025-04-04T22:51:22","modified_gmt":"2025-04-04T22:51:22","slug":"banca-en-concreto-m30","status":"publish","type":"page","link":"https:\/\/www.prefabricadoscolombia.com\/?page_id=2406","title":{"rendered":"Banca en Concreto M30"},"content":{"rendered":"\t\t<div data-elementor-type=\"wp-page\" data-elementor-id=\"2406\" class=\"elementor elementor-2406\">\n\t\t\t\t<div class=\"elementor-element elementor-element-2ada835 e-con-full e-flex e-con e-parent\" data-id=\"2ada835\" data-element_type=\"container\" data-e-type=\"container\">\n\t\t<div class=\"elementor-element elementor-element-d1a0225 e-con-full e-grid e-con e-child\" data-id=\"d1a0225\" data-element_type=\"container\" data-e-type=\"container\">\n\t\t\t\t<div class=\"elementor-element elementor-element-442284a elementor-invisible elementor-widget elementor-widget-image\" data-id=\"442284a\" data-element_type=\"widget\" data-e-type=\"widget\" data-settings=\"{&quot;_animation&quot;:&quot;fadeInUp&quot;}\" data-widget_type=\"image.default\">\n\t\t\t\t<div class=\"elementor-widget-container\">\n\t\t\t\t\t\t\t\t\t\t\t\t\t\t\t\t<a href=\"https:\/\/www.prefabricadoscolombia.com\/?page_id=559\">\n\t\t\t\t\t\t\t<img fetchpriority=\"high\" decoding=\"async\" width=\"392\" height=\"272\" src=\"https:\/\/www.prefabricadoscolombia.com\/wp-content\/uploads\/2025\/04\/Banca_M-30_Espaldar_2-removebg-preview-e1743712953695.png\" class=\"attachment-large size-large wp-image-2308\" alt=\"\" srcset=\"https:\/\/www.prefabricadoscolombia.com\/wp-content\/uploads\/2025\/04\/Banca_M-30_Espaldar_2-removebg-preview-e1743712953695.png 392w, https:\/\/www.prefabricadoscolombia.com\/wp-content\/uploads\/2025\/04\/Banca_M-30_Espaldar_2-removebg-preview-e1743712953695-300x208.png 300w\" sizes=\"(max-width: 392px) 100vw, 392px\" \/>\t\t\t\t\t\t\t\t<\/a>\n\t\t\t\t\t\t\t\t\t\t\t\t\t\t\t<\/div>\n\t\t\t\t<\/div>\n\t\t\t\t<div class=\"elementor-element elementor-element-42f2b81 elementor-invisible elementor-widget elementor-widget-image\" data-id=\"42f2b81\" data-element_type=\"widget\" data-e-type=\"widget\" data-settings=\"{&quot;_animation&quot;:&quot;fadeInUp&quot;}\" data-widget_type=\"image.default\">\n\t\t\t\t<div class=\"elementor-widget-container\">\n\t\t\t\t\t\t\t\t\t\t\t\t\t\t\t\t<a href=\"https:\/\/www.prefabricadoscolombia.com\/?page_id=559\">\n\t\t\t\t\t\t\t<img decoding=\"async\" width=\"577\" height=\"433\" src=\"https:\/\/www.prefabricadoscolombia.com\/wp-content\/uploads\/2025\/04\/duo_m-30-removebg-preview.png\" class=\"attachment-large size-large wp-image-2309\" alt=\"\" srcset=\"https:\/\/www.prefabricadoscolombia.com\/wp-content\/uploads\/2025\/04\/duo_m-30-removebg-preview.png 577w, https:\/\/www.prefabricadoscolombia.com\/wp-content\/uploads\/2025\/04\/duo_m-30-removebg-preview-300x225.png 300w\" sizes=\"(max-width: 577px) 100vw, 577px\" \/>\t\t\t\t\t\t\t\t<\/a>\n\t\t\t\t\t\t\t\t\t\t\t\t\t\t\t<\/div>\n\t\t\t\t<\/div>\n\t\t\t\t<\/div>\n\t\t<div class=\"elementor-element elementor-element-2e5dfe7 e-con-full e-flex e-con e-child\" data-id=\"2e5dfe7\" data-element_type=\"container\" data-e-type=\"container\">\n\t\t\t\t<div class=\"elementor-element elementor-element-e7ca279 elementor-widget elementor-widget-heading\" data-id=\"e7ca279\" data-element_type=\"widget\" data-e-type=\"widget\" data-widget_type=\"heading.default\">\n\t\t\t\t<div class=\"elementor-widget-container\">\n\t\t\t\t\t<h2 class=\"elementor-heading-title elementor-size-default\"><b>DESCRIPCI\u00d3N DEL  PRODUCTO<\/b><\/h2>\t\t\t\t<\/div>\n\t\t\t\t<\/div>\n\t\t<div class=\"elementor-element elementor-element-6fc5888 e-con-full e-flex e-con e-child\" data-id=\"6fc5888\" data-element_type=\"container\" data-e-type=\"container\">\n\t\t\t\t<div class=\"elementor-element elementor-element-99c46f3 elementor-widget elementor-widget-heading\" data-id=\"99c46f3\" data-element_type=\"widget\" data-e-type=\"widget\" data-widget_type=\"heading.default\">\n\t\t\t\t<div class=\"elementor-widget-container\">\n\t\t\t\t\t<h2 class=\"elementor-heading-title elementor-size-default\">Elemento de cuatro piezas de alta resistencia y bajo mantenimiento para sentarse y descansar por tiempos prolongados. Uso de exteriores como parques andenes plazas alamedas senderos, espacios recreativos y zonas de descanso.<\/h2>\t\t\t\t<\/div>\n\t\t\t\t<\/div>\n\t\t\t\t<\/div>\n\t\t<div class=\"elementor-element elementor-element-6f24bb3 e-con-full e-flex e-con e-child\" data-id=\"6f24bb3\" data-element_type=\"container\" data-e-type=\"container\">\n\t\t\t\t<div class=\"elementor-element elementor-element-3a332be elementor-widget elementor-widget-heading\" data-id=\"3a332be\" data-element_type=\"widget\" data-e-type=\"widget\" data-widget_type=\"heading.default\">\n\t\t\t\t<div class=\"elementor-widget-container\">\n\t\t\t\t\t<h2 class=\"elementor-heading-title elementor-size-default\"><b>INFORMACI\u00d3N DE CARACTER\u00cdSTICAS<\/b><\/h2>\t\t\t\t<\/div>\n\t\t\t\t<\/div>\n\t\t<div class=\"elementor-element elementor-element-b4f027c e-con-full e-flex e-con e-child\" data-id=\"b4f027c\" data-element_type=\"container\" data-e-type=\"container\">\n\t\t\t\t<div class=\"elementor-element elementor-element-6ca103d elementor-widget elementor-widget-heading\" data-id=\"6ca103d\" data-element_type=\"widget\" data-e-type=\"widget\" data-widget_type=\"heading.default\">\n\t\t\t\t<div class=\"elementor-widget-container\">\n\t\t\t\t\t<h2 class=\"elementor-heading-title elementor-size-default\"><table><tbody><tr><th>CARACTER\u00cdSTICAS<br>F\u00cdSICAS<\/th><td><p>\u00c1rea Nominal (m^L) 0.96, <br>Peso seco (kg) 268 kg<br>Resistencia 0.0217 Kg\/Cm2<\/p><\/td><\/tr><\/tbody><\/table><br><table><tbody><tr><th>DIMENSIONES (CM)<\/th><td><p>Largo 180 - Ancho 50 - Alto 45<\/p><\/td><\/tr><\/tbody><\/table><br><table><tbody><tr><th>COLORES<\/th><td><p>Gris Natural<\/p><\/td><\/tr><\/tbody><\/table><br><h2><table><tbody><tr><th>CONCRETO<\/th><td>3000 PSI Concreto<\/td><\/tr><\/tbody><\/table><\/h2><br><h2><table><tbody><tr><th>ESPALDAR Y PATAS<\/th><td><span data-text=\"Espaldar con malla figurada o expandida.\">Espaldar con malla figurada<\/span><br>2 Patas de soporte<\/td><\/tr><\/tbody><\/table><\/h2><\/h2>\t\t\t\t<\/div>\n\t\t\t\t<\/div>\n\t\t\t\t<\/div>\n\t\t\t\t<\/div>\n\t\t\t\t<\/div>\n\t\t\t\t<\/div>\n\t\t<div class=\"elementor-element elementor-element-309d17c e-flex e-con-boxed e-con e-parent\" data-id=\"309d17c\" data-element_type=\"container\" data-e-type=\"container\">\n\t\t\t\t\t<div class=\"e-con-inner\">\n\t\t\t\t<div class=\"elementor-element elementor-element-4e9e5e3 elementor-button-success elementor-align-center elementor-widget elementor-widget-button\" data-id=\"4e9e5e3\" data-element_type=\"widget\" data-e-type=\"widget\" data-widget_type=\"button.default\">\n\t\t\t\t<div class=\"elementor-widget-container\">\n\t\t\t\t\t\t\t\t\t<div class=\"elementor-button-wrapper\">\n\t\t\t\t\t<a class=\"elementor-button elementor-button-link elementor-size-sm elementor-animation-push\" href=\"#\">\n\t\t\t\t\t\t<span class=\"elementor-button-content-wrapper\">\n\t\t\t\t\t\t\t\t\t<span class=\"elementor-button-text\">COTIZACION<\/span>\n\t\t\t\t\t<\/span>\n\t\t\t\t\t<\/a>\n\t\t\t\t<\/div>\n\t\t\t\t\t\t\t\t<\/div>\n\t\t\t\t<\/div>\n\t\t<div class=\"elementor-element elementor-element-e806ccf e-con-full e-flex e-con e-child\" data-id=\"e806ccf\" data-element_type=\"container\" data-e-type=\"container\">\n\t\t<div class=\"elementor-element elementor-element-77de33e e-con-full e-flex e-con e-child\" data-id=\"77de33e\" data-element_type=\"container\" data-e-type=\"container\">\n\t\t<div class=\"elementor-element elementor-element-14b8430 e-con-full e-flex e-con e-child\" data-id=\"14b8430\" data-element_type=\"container\" data-e-type=\"container\" data-settings=\"{&quot;background_background&quot;:&quot;classic&quot;}\">\n\t\t\t\t<div class=\"elementor-element elementor-element-a087c95 elementor-arrows-position-outside elementor-pagination-position-inside elementor-widget elementor-widget-image-carousel\" data-id=\"a087c95\" data-element_type=\"widget\" data-e-type=\"widget\" data-settings=\"{&quot;slides_to_show&quot;:&quot;3&quot;,&quot;image_spacing_custom&quot;:{&quot;unit&quot;:&quot;px&quot;,&quot;size&quot;:0,&quot;sizes&quot;:[]},&quot;autoplay_speed&quot;:1500,&quot;speed&quot;:200,&quot;navigation&quot;:&quot;both&quot;,&quot;autoplay&quot;:&quot;yes&quot;,&quot;pause_on_hover&quot;:&quot;yes&quot;,&quot;pause_on_interaction&quot;:&quot;yes&quot;,&quot;infinite&quot;:&quot;yes&quot;,&quot;image_spacing_custom_tablet&quot;:{&quot;unit&quot;:&quot;px&quot;,&quot;size&quot;:&quot;&quot;,&quot;sizes&quot;:[]},&quot;image_spacing_custom_mobile&quot;:{&quot;unit&quot;:&quot;px&quot;,&quot;size&quot;:&quot;&quot;,&quot;sizes&quot;:[]}}\" data-widget_type=\"image-carousel.default\">\n\t\t\t\t<div class=\"elementor-widget-container\">\n\t\t\t\t\t\t\t<div class=\"elementor-image-carousel-wrapper swiper\" role=\"region\" aria-roledescription=\"carousel\" aria-label=\"Carrusel de im\u00e1genes\" dir=\"ltr\">\n\t\t\t<div class=\"elementor-image-carousel swiper-wrapper\" aria-live=\"off\">\n\t\t\t\t\t\t\t\t<div class=\"swiper-slide\" role=\"group\" aria-roledescription=\"slide\" aria-label=\"1 de 10\"><a data-elementor-open-lightbox=\"yes\" data-elementor-lightbox-slideshow=\"a087c95\" data-elementor-lightbox-title=\"Banca En Concreto Cris\" data-elementor-lightbox-description=\"Banca En Concreto Cris\" data-e-action-hash=\"#elementor-action%3Aaction%3Dlightbox%26settings%3DeyJpZCI6MjMwMCwidXJsIjoiaHR0cHM6XC9cL3d3dy5wcmVmYWJyaWNhZG9zY29sb21iaWEuY29tXC93cC1jb250ZW50XC91cGxvYWRzXC8yMDI1XC8wNFwvQmFuY2FfQ3Jpcy0xLnBuZyIsInNsaWRlc2hvdyI6ImEwODdjOTUifQ%3D%3D\" href=\"https:\/\/www.prefabricadoscolombia.com\/wp-content\/uploads\/2025\/04\/Banca_Cris-1.png\"><figure class=\"swiper-slide-inner\"><img decoding=\"async\" src=\"https:\/\/www.prefabricadoscolombia.com\/wp-content\/uploads\/2025\/04\/Banca_Cris-1-150x150.png\" alt=\"Banca En Concreto Cris\" class=\"swiper-slide-image\" width=\"150\" height=\"150\" \/><\/figure><\/a><\/div><div class=\"swiper-slide\" role=\"group\" aria-roledescription=\"slide\" aria-label=\"2 de 10\"><a data-elementor-open-lightbox=\"yes\" data-elementor-lightbox-slideshow=\"a087c95\" data-elementor-lightbox-title=\"Banca En Concreto Nico\" data-elementor-lightbox-description=\"Banca En Concreto Nico\" data-e-action-hash=\"#elementor-action%3Aaction%3Dlightbox%26settings%3DeyJpZCI6MjMwMiwidXJsIjoiaHR0cHM6XC9cL3d3dy5wcmVmYWJyaWNhZG9zY29sb21iaWEuY29tXC93cC1jb250ZW50XC91cGxvYWRzXC8yMDI1XC8wNFwvQmFuY2FfTmljbzEtcmVtb3ZlYmctcHJldmlldy5wbmciLCJzbGlkZXNob3ciOiJhMDg3Yzk1In0%3D\" href=\"https:\/\/www.prefabricadoscolombia.com\/wp-content\/uploads\/2025\/04\/Banca_Nico1-removebg-preview.png\"><figure class=\"swiper-slide-inner\"><img loading=\"lazy\" decoding=\"async\" src=\"https:\/\/www.prefabricadoscolombia.com\/wp-content\/uploads\/2025\/04\/Banca_Nico1-removebg-preview-150x150.png\" alt=\"Banca En Concreto Nico\" class=\"swiper-slide-image\" width=\"150\" height=\"150\" \/><\/figure><\/a><\/div><div class=\"swiper-slide\" role=\"group\" aria-roledescription=\"slide\" aria-label=\"3 de 10\"><a data-elementor-open-lightbox=\"yes\" data-elementor-lightbox-slideshow=\"a087c95\" data-elementor-lightbox-title=\"Banca En Concreto Kary\" data-elementor-lightbox-description=\"Banca En Concreto Kary\" data-e-action-hash=\"#elementor-action%3Aaction%3Dlightbox%26settings%3DeyJpZCI6MjMwNCwidXJsIjoiaHR0cHM6XC9cL3d3dy5wcmVmYWJyaWNhZG9zY29sb21iaWEuY29tXC93cC1jb250ZW50XC91cGxvYWRzXC8yMDI1XC8wNFwvV2hhdHNBcHBfSW1hZ2VfMjAyMy0wNC0yOF9hdF8xMS4xNS4zNF9fMV8tcmVtb3ZlYmctcHJldmlldy1lMTc0MzcxMTEwOTY0NS5wbmciLCJzbGlkZXNob3ciOiJhMDg3Yzk1In0%3D\" href=\"https:\/\/www.prefabricadoscolombia.com\/wp-content\/uploads\/2025\/04\/WhatsApp_Image_2023-04-28_at_11.15.34__1_-removebg-preview-e1743711109645.png\"><figure class=\"swiper-slide-inner\"><img loading=\"lazy\" decoding=\"async\" src=\"https:\/\/www.prefabricadoscolombia.com\/wp-content\/uploads\/2025\/04\/WhatsApp_Image_2023-04-28_at_11.15.34__1_-removebg-preview-e1743711109645-150x150.png\" alt=\"Banca En Concreto Kary\" class=\"swiper-slide-image\" width=\"150\" height=\"150\" \/><\/figure><\/a><\/div><div class=\"swiper-slide\" role=\"group\" aria-roledescription=\"slide\" aria-label=\"4 de 10\"><a data-elementor-open-lightbox=\"yes\" data-elementor-lightbox-slideshow=\"a087c95\" data-elementor-lightbox-title=\"Banca En Concreto Shal\" data-elementor-lightbox-description=\"Banca En Concreto Shal\" data-e-action-hash=\"#elementor-action%3Aaction%3Dlightbox%26settings%3DeyJpZCI6MjMwNiwidXJsIjoiaHR0cHM6XC9cL3d3dy5wcmVmYWJyaWNhZG9zY29sb21iaWEuY29tXC93cC1jb250ZW50XC91cGxvYWRzXC8yMDI1XC8wNFwvSU1HLTIwMjQxMDAyLVdBMDAwMy1yZW1vdmViZy1wcmV2aWV3LnBuZyIsInNsaWRlc2hvdyI6ImEwODdjOTUifQ%3D%3D\" href=\"https:\/\/www.prefabricadoscolombia.com\/wp-content\/uploads\/2025\/04\/IMG-20241002-WA0003-removebg-preview.png\"><figure class=\"swiper-slide-inner\"><img loading=\"lazy\" decoding=\"async\" src=\"https:\/\/www.prefabricadoscolombia.com\/wp-content\/uploads\/2025\/04\/IMG-20241002-WA0003-removebg-preview-150x150.png\" alt=\"Banca En Concreto Shal\" class=\"swiper-slide-image\" width=\"150\" height=\"150\" \/><\/figure><\/a><\/div><div class=\"swiper-slide\" role=\"group\" aria-roledescription=\"slide\" aria-label=\"5 de 10\"><a data-elementor-open-lightbox=\"yes\" data-elementor-lightbox-slideshow=\"a087c95\" data-elementor-lightbox-title=\"Banca En Concreto M31\" data-elementor-lightbox-description=\"Banca En Concreto M31\" data-e-action-hash=\"#elementor-action%3Aaction%3Dlightbox%26settings%3DeyJpZCI6MjMwOSwidXJsIjoiaHR0cHM6XC9cL3d3dy5wcmVmYWJyaWNhZG9zY29sb21iaWEuY29tXC93cC1jb250ZW50XC91cGxvYWRzXC8yMDI1XC8wNFwvZHVvX20tMzAtcmVtb3ZlYmctcHJldmlldy5wbmciLCJzbGlkZXNob3ciOiJhMDg3Yzk1In0%3D\" href=\"https:\/\/www.prefabricadoscolombia.com\/wp-content\/uploads\/2025\/04\/duo_m-30-removebg-preview.png\"><figure class=\"swiper-slide-inner\"><img loading=\"lazy\" decoding=\"async\" src=\"https:\/\/www.prefabricadoscolombia.com\/wp-content\/uploads\/2025\/04\/duo_m-30-removebg-preview-150x150.png\" alt=\"Banca En Concreto M31\" class=\"swiper-slide-image\" width=\"150\" height=\"150\" \/><\/figure><\/a><\/div><div class=\"swiper-slide\" role=\"group\" aria-roledescription=\"slide\" aria-label=\"6 de 10\"><a data-elementor-open-lightbox=\"yes\" data-elementor-lightbox-slideshow=\"a087c95\" data-elementor-lightbox-title=\"Banca En Concreto M30\" data-elementor-lightbox-description=\"Banca En Concreto M30\" data-e-action-hash=\"#elementor-action%3Aaction%3Dlightbox%26settings%3DeyJpZCI6MjMxMSwidXJsIjoiaHR0cHM6XC9cL3d3dy5wcmVmYWJyaWNhZG9zY29sb21iaWEuY29tXC93cC1jb250ZW50XC91cGxvYWRzXC8yMDI1XC8wNFwvQmFuY2Etc2luLWZvbmRvLnBuZyIsInNsaWRlc2hvdyI6ImEwODdjOTUifQ%3D%3D\" href=\"https:\/\/www.prefabricadoscolombia.com\/wp-content\/uploads\/2025\/04\/Banca-sin-fondo.png\"><figure class=\"swiper-slide-inner\"><img loading=\"lazy\" decoding=\"async\" src=\"https:\/\/www.prefabricadoscolombia.com\/wp-content\/uploads\/2025\/04\/Banca-sin-fondo-150x150.png\" alt=\"Banca En Concreto M30\" class=\"swiper-slide-image\" width=\"150\" height=\"150\" \/><\/figure><\/a><\/div><div class=\"swiper-slide\" role=\"group\" aria-roledescription=\"slide\" aria-label=\"7 de 10\"><a data-elementor-open-lightbox=\"yes\" data-elementor-lightbox-slideshow=\"a087c95\" data-elementor-lightbox-title=\"Banca En Concreto M-41\" data-elementor-lightbox-description=\"Banca En Concreto M-41\" data-e-action-hash=\"#elementor-action%3Aaction%3Dlightbox%26settings%3DeyJpZCI6MjMxNCwidXJsIjoiaHR0cHM6XC9cL3d3dy5wcmVmYWJyaWNhZG9zY29sb21iaWEuY29tXC93cC1jb250ZW50XC91cGxvYWRzXC8yMDI1XC8wNFwvQmFuY2FfTS00MS1TaW4tZm9uZG8tMi5wbmciLCJzbGlkZXNob3ciOiJhMDg3Yzk1In0%3D\" href=\"https:\/\/www.prefabricadoscolombia.com\/wp-content\/uploads\/2025\/04\/Banca_M-41-Sin-fondo-2.png\"><figure class=\"swiper-slide-inner\"><img loading=\"lazy\" decoding=\"async\" src=\"https:\/\/www.prefabricadoscolombia.com\/wp-content\/uploads\/2025\/04\/Banca_M-41-Sin-fondo-2-150x150.png\" alt=\"Banca En Concreto M-41\" class=\"swiper-slide-image\" width=\"150\" height=\"150\" \/><\/figure><\/a><\/div><div class=\"swiper-slide\" role=\"group\" aria-roledescription=\"slide\" aria-label=\"8 de 10\"><a data-elementor-open-lightbox=\"yes\" data-elementor-lightbox-slideshow=\"a087c95\" data-elementor-lightbox-title=\"Banca En Concreto M-40\" data-elementor-lightbox-description=\"Banca En Concreto M-40\" data-e-action-hash=\"#elementor-action%3Aaction%3Dlightbox%26settings%3DeyJpZCI6MjMxMiwidXJsIjoiaHR0cHM6XC9cL3d3dy5wcmVmYWJyaWNhZG9zY29sb21iaWEuY29tXC93cC1jb250ZW50XC91cGxvYWRzXC8yMDI1XC8wNFwvQmFuY2FfTS00MC1yZW1vdmViZy1wcmV2aWV3LnBuZyIsInNsaWRlc2hvdyI6ImEwODdjOTUifQ%3D%3D\" href=\"https:\/\/www.prefabricadoscolombia.com\/wp-content\/uploads\/2025\/04\/Banca_M-40-removebg-preview.png\"><figure class=\"swiper-slide-inner\"><img loading=\"lazy\" decoding=\"async\" src=\"https:\/\/www.prefabricadoscolombia.com\/wp-content\/uploads\/2025\/04\/Banca_M-40-removebg-preview-150x150.png\" alt=\"Banca En Concreto M-40\" class=\"swiper-slide-image\" width=\"150\" height=\"150\" \/><\/figure><\/a><\/div><div class=\"swiper-slide\" role=\"group\" aria-roledescription=\"slide\" aria-label=\"9 de 10\"><a data-elementor-open-lightbox=\"yes\" data-elementor-lightbox-slideshow=\"a087c95\" data-elementor-lightbox-title=\"Banca En Concreto Cubo\n50*50*50\" data-elementor-lightbox-description=\"Banca En Concreto Cubo\" data-e-action-hash=\"#elementor-action%3Aaction%3Dlightbox%26settings%3DeyJpZCI6MjMwNywidXJsIjoiaHR0cHM6XC9cL3d3dy5wcmVmYWJyaWNhZG9zY29sb21iaWEuY29tXC93cC1jb250ZW50XC91cGxvYWRzXC8yMDI1XC8wNFwvc2lsbGEtY3Viby1hbWJpZW50YWRhLXJlbW92ZWJnLXByZXZpZXcucG5nIiwic2xpZGVzaG93IjoiYTA4N2M5NSJ9\" href=\"https:\/\/www.prefabricadoscolombia.com\/wp-content\/uploads\/2025\/04\/silla-cubo-ambientada-removebg-preview.png\"><figure class=\"swiper-slide-inner\"><img loading=\"lazy\" decoding=\"async\" src=\"https:\/\/www.prefabricadoscolombia.com\/wp-content\/uploads\/2025\/04\/silla-cubo-ambientada-removebg-preview-150x150.png\" alt=\"Banca En Concreto Cubo\n50*50*50\" class=\"swiper-slide-image\" width=\"150\" height=\"150\" \/><\/figure><\/a><\/div><div class=\"swiper-slide\" role=\"group\" aria-roledescription=\"slide\" aria-label=\"10 de 10\"><a data-elementor-open-lightbox=\"yes\" data-elementor-lightbox-slideshow=\"a087c95\" data-elementor-lightbox-title=\"Banca En Concreto M-60\n50*50*50\" data-elementor-lightbox-description=\"Banca En Concreto M-60\" data-e-action-hash=\"#elementor-action%3Aaction%3Dlightbox%26settings%3DeyJpZCI6MjMxNiwidXJsIjoiaHR0cHM6XC9cL3d3dy5wcmVmYWJyaWNhZG9zY29sb21iaWEuY29tXC93cC1jb250ZW50XC91cGxvYWRzXC8yMDI1XC8wNFwvQmFuY2FfTS02MF8tXzUwXzUwXzUwLXJlbW92ZWJnLXByZXZpZXctZTE3NDM4MDc5MDIzNDgucG5nIiwic2xpZGVzaG93IjoiYTA4N2M5NSJ9\" href=\"https:\/\/www.prefabricadoscolombia.com\/wp-content\/uploads\/2025\/04\/Banca_M-60_-_50_50_50-removebg-preview-e1743807902348.png\"><figure class=\"swiper-slide-inner\"><img loading=\"lazy\" decoding=\"async\" src=\"https:\/\/www.prefabricadoscolombia.com\/wp-content\/uploads\/2025\/04\/Banca_M-60_-_50_50_50-removebg-preview-e1743807902348-150x150.png\" alt=\"Banca En Concreto M-60\n50*50*50\" class=\"swiper-slide-image\" width=\"150\" height=\"150\" \/><\/figure><\/a><\/div>\t\t\t<\/div>\n\t\t\t\t\t\t\t\t\t\t\t\t<div class=\"elementor-swiper-button elementor-swiper-button-prev\" role=\"button\" tabindex=\"0\">\n\t\t\t\t\t\t<i aria-hidden=\"true\" class=\"eicon-chevron-left\"><\/i>\t\t\t\t\t<\/div>\n\t\t\t\t\t<div class=\"elementor-swiper-button elementor-swiper-button-next\" role=\"button\" tabindex=\"0\">\n\t\t\t\t\t\t<i aria-hidden=\"true\" class=\"eicon-chevron-right\"><\/i>\t\t\t\t\t<\/div>\n\t\t\t\t\n\t\t\t\t\t\t\t\t\t<div class=\"swiper-pagination\"><\/div>\n\t\t\t\t\t\t\t\t\t<\/div>\n\t\t\t\t\t\t<\/div>\n\t\t\t\t<\/div>\n\t\t\t\t<\/div>\n\t\t\t\t<\/div>\n\t\t\t\t<\/div>\n\t\t\t\t\t<\/div>\n\t\t\t\t<\/div>\n\t\t\t\t<\/div>\n\t\t","protected":false},"excerpt":{"rendered":"<p>DESCRIPCI\u00d3N DEL PRODUCTO Elemento de cuatro piezas de alta resistencia y bajo mantenimiento para sentarse y descansar por tiempos prolongados. Uso de exteriores como parques andenes plazas alamedas senderos, espacios recreativos y zonas de descanso. INFORMACI\u00d3N DE CARACTER\u00cdSTICAS CARACTER\u00cdSTICASF\u00cdSICAS \u00c1rea Nominal (m^L) 0.96, Peso seco (kg) 268 kgResistencia 0.0217 Kg\/Cm2 DIMENSIONES (CM) Largo 180 &#8211; [&hellip;]<\/p>\n","protected":false},"author":1,"featured_media":0,"parent":0,"menu_order":0,"comment_status":"closed","ping_status":"closed","template":"","meta":{"footnotes":""},"class_list":["post-2406","page","type-page","status-publish","hentry"],"_links":{"self":[{"href":"https:\/\/www.prefabricadoscolombia.com\/index.php?rest_route=\/wp\/v2\/pages\/2406","targetHints":{"allow":["GET"]}}],"collection":[{"href":"https:\/\/www.prefabricadoscolombia.com\/index.php?rest_route=\/wp\/v2\/pages"}],"about":[{"href":"https:\/\/www.prefabricadoscolombia.com\/index.php?rest_route=\/wp\/v2\/types\/page"}],"author":[{"embeddable":true,"href":"https:\/\/www.prefabricadoscolombia.com\/index.php?rest_route=\/wp\/v2\/users\/1"}],"replies":[{"embeddable":true,"href":"https:\/\/www.prefabricadoscolombia.com\/index.php?rest_route=%2Fwp%2Fv2%2Fcomments&post=2406"}],"version-history":[{"count":7,"href":"https:\/\/www.prefabricadoscolombia.com\/index.php?rest_route=\/wp\/v2\/pages\/2406\/revisions"}],"predecessor-version":[{"id":2446,"href":"https:\/\/www.prefabricadoscolombia.com\/index.php?rest_route=\/wp\/v2\/pages\/2406\/revisions\/2446"}],"wp:attachment":[{"href":"https:\/\/www.prefabricadoscolombia.com\/index.php?rest_route=%2Fwp%2Fv2%2Fmedia&parent=2406"}],"curies":[{"name":"wp","href":"https:\/\/api.w.org\/{rel}","templated":true}]}}