{"id":2600,"date":"2025-04-23T21:43:58","date_gmt":"2025-04-23T21:43:58","guid":{"rendered":"https:\/\/www.prefabricadoscolombia.com\/?page_id=2600"},"modified":"2025-08-28T20:14:23","modified_gmt":"2025-08-28T20:14:23","slug":"sardinel-a10-805020","status":"publish","type":"page","link":"https:\/\/www.prefabricadoscolombia.com\/?page_id=2600","title":{"rendered":"Sardinel A10 &#8211; 80*50*20"},"content":{"rendered":"\t\t<div data-elementor-type=\"wp-page\" data-elementor-id=\"2600\" class=\"elementor elementor-2600\">\n\t\t\t\t<div class=\"elementor-element elementor-element-eb7a84f e-flex e-con-boxed e-con e-parent\" data-id=\"eb7a84f\" data-element_type=\"container\" data-e-type=\"container\">\n\t\t\t\t\t<div class=\"e-con-inner\">\n\t\t<div class=\"elementor-element elementor-element-dfc7cf6 e-con-full e-grid e-con e-child\" data-id=\"dfc7cf6\" data-element_type=\"container\" data-e-type=\"container\">\n\t\t\t\t<div class=\"elementor-element elementor-element-2352611 elementor-invisible elementor-widget elementor-widget-image\" data-id=\"2352611\" data-element_type=\"widget\" data-e-type=\"widget\" data-settings=\"{&quot;_animation&quot;:&quot;fadeInDown&quot;}\" data-widget_type=\"image.default\">\n\t\t\t\t<div class=\"elementor-widget-container\">\n\t\t\t\t\t\t\t\t\t\t\t\t\t\t\t\t<a href=\"https:\/\/www.prefabricadoscolombia.com\/?page_id=548\">\n\t\t\t\t\t\t\t<img fetchpriority=\"high\" decoding=\"async\" width=\"487\" height=\"373\" src=\"https:\/\/www.prefabricadoscolombia.com\/wp-content\/uploads\/2025\/04\/Sardinel-A10-e1745428978248.png\" class=\"attachment-large size-large wp-image-2604\" alt=\"\" srcset=\"https:\/\/www.prefabricadoscolombia.com\/wp-content\/uploads\/2025\/04\/Sardinel-A10-e1745428978248.png 487w, https:\/\/www.prefabricadoscolombia.com\/wp-content\/uploads\/2025\/04\/Sardinel-A10-e1745428978248-300x230.png 300w\" sizes=\"(max-width: 487px) 100vw, 487px\" \/>\t\t\t\t\t\t\t\t<\/a>\n\t\t\t\t\t\t\t\t\t\t\t\t\t\t\t<\/div>\n\t\t\t\t<\/div>\n\t\t\t\t<div class=\"elementor-element elementor-element-78ae740 elementor-invisible elementor-widget elementor-widget-image\" data-id=\"78ae740\" data-element_type=\"widget\" data-e-type=\"widget\" data-settings=\"{&quot;_animation&quot;:&quot;fadeInUp&quot;}\" data-widget_type=\"image.default\">\n\t\t\t\t<div class=\"elementor-widget-container\">\n\t\t\t\t\t\t\t\t\t\t\t\t\t\t\t\t<a href=\"https:\/\/www.prefabricadoscolombia.com\/?page_id=548\">\n\t\t\t\t\t\t\t<img decoding=\"async\" width=\"268\" height=\"300\" src=\"https:\/\/www.prefabricadoscolombia.com\/wp-content\/uploads\/2025\/04\/Sardinel-A10-Lateral-e1745428885789-268x300.png\" class=\"attachment-medium size-medium wp-image-2603\" alt=\"\" srcset=\"https:\/\/www.prefabricadoscolombia.com\/wp-content\/uploads\/2025\/04\/Sardinel-A10-Lateral-e1745428885789-268x300.png 268w, https:\/\/www.prefabricadoscolombia.com\/wp-content\/uploads\/2025\/04\/Sardinel-A10-Lateral-e1745428885789.png 388w\" sizes=\"(max-width: 268px) 100vw, 268px\" \/>\t\t\t\t\t\t\t\t<\/a>\n\t\t\t\t\t\t\t\t\t\t\t\t\t\t\t<\/div>\n\t\t\t\t<\/div>\n\t\t\t\t<\/div>\n\t\t<div class=\"elementor-element elementor-element-e70d999 e-con-full e-flex e-con e-child\" data-id=\"e70d999\" data-element_type=\"container\" data-e-type=\"container\">\n\t\t<div class=\"elementor-element elementor-element-7376ba5 e-con-full e-flex e-con e-child\" data-id=\"7376ba5\" data-element_type=\"container\" data-e-type=\"container\">\n\t\t\t\t<div class=\"elementor-element elementor-element-4073000 elementor-widget elementor-widget-heading\" data-id=\"4073000\" data-element_type=\"widget\" data-e-type=\"widget\" data-widget_type=\"heading.default\">\n\t\t\t\t<div class=\"elementor-widget-container\">\n\t\t\t\t\t<h2 class=\"elementor-heading-title elementor-size-default\"><b>DESCRIPCI\u00d3N DEL  PRODUCTO<\/b><\/h2>\t\t\t\t<\/div>\n\t\t\t\t<\/div>\n\t\t\t\t<\/div>\n\t\t<div class=\"elementor-element elementor-element-1ef638d e-con-full e-flex e-con e-child\" data-id=\"1ef638d\" data-element_type=\"container\" data-e-type=\"container\">\n\t\t\t\t<div class=\"elementor-element elementor-element-1d99dfe elementor-widget elementor-widget-heading\" data-id=\"1d99dfe\" data-element_type=\"widget\" data-e-type=\"widget\" data-widget_type=\"heading.default\">\n\t\t\t\t<div class=\"elementor-widget-container\">\n\t\t\t\t\t<h2 class=\"elementor-heading-title elementor-size-default\">Uso delimitador del \u00e1rea de and\u00e9n que permite el cambio de nivel respecto a la calzada vehicular.<br><br>Pieza aligerada prefabricada en concreto de 4 Mpa m\u00f3dulo de rotura a 28 d\u00edas con acabado liso. Se instala sobre una capa de mortero de nivelaci\u00f3n, con juntas de 1 cm de espesor en mortero 1:4, sobresaliendo m\u00ednimo 20 cm respecto al nivel de la calzada vehicular.<\/h2>\t\t\t\t<\/div>\n\t\t\t\t<\/div>\n\t\t\t\t<\/div>\n\t\t<div class=\"elementor-element elementor-element-64f0eee e-con-full e-flex e-con e-child\" data-id=\"64f0eee\" data-element_type=\"container\" data-e-type=\"container\">\n\t\t\t\t<div class=\"elementor-element elementor-element-5c0552b elementor-widget elementor-widget-heading\" data-id=\"5c0552b\" data-element_type=\"widget\" data-e-type=\"widget\" data-widget_type=\"heading.default\">\n\t\t\t\t<div class=\"elementor-widget-container\">\n\t\t\t\t\t<h2 class=\"elementor-heading-title elementor-size-default\"><b>INFORMACI\u00d3N DE CARACTER\u00cdSTICAS<\/b><\/h2>\t\t\t\t<\/div>\n\t\t\t\t<\/div>\n\t\t\t\t<\/div>\n\t\t<div class=\"elementor-element elementor-element-8c06e08 e-con-full e-flex e-con e-child\" data-id=\"8c06e08\" data-element_type=\"container\" data-e-type=\"container\">\n\t\t<div class=\"elementor-element elementor-element-c78012a e-con-full e-flex e-con e-child\" data-id=\"c78012a\" data-element_type=\"container\" data-e-type=\"container\">\n\t\t\t\t<div class=\"elementor-element elementor-element-823bff2 elementor-widget elementor-widget-heading\" data-id=\"823bff2\" data-element_type=\"widget\" data-e-type=\"widget\" data-widget_type=\"heading.default\">\n\t\t\t\t<div class=\"elementor-widget-container\">\n\t\t\t\t\t<h2 class=\"elementor-heading-title elementor-size-default\"><table><tbody><tr><th>CARACTER\u00cdSTICAS<br>F\u00cdSICAS<\/th><td><p>\u00c1rea Nominal (M^L) 1.25, <br>Peso seco (kg) 140 kg<br>Resistencia 0.087 Kg\/Cm2<\/p><\/td><\/tr><\/tbody><\/table><br><table><tbody><tr><th><br>DIMENSIONES<\/th><td><p><b>Largo:<\/b> 80 cm<br><b>Ancho:<\/b> 20 cm<br><b>Alto: <\/b>50 cm<\/p><\/td><\/tr><\/tbody><\/table><br><table><tbody><tr><th>COLOR<\/th><td><p>Gris Natural<\/p><\/td><\/tr><\/tbody><\/table><br><table><tbody><tr><th>RESISTENCIA<\/th><td><p>3000 PSI Resistencia<\/p><\/td><\/tr><\/tbody><\/table><br><table><tbody><tr><th>NORMA<\/th><td><p>4109 NTC<\/p><\/td><\/tr><\/tbody><\/table><\/h2>\t\t\t\t<\/div>\n\t\t\t\t<\/div>\n\t\t\t\t<\/div>\n\t\t\t\t<\/div>\n\t\t\t\t<\/div>\n\t\t\t\t\t<\/div>\n\t\t\t\t<\/div>\n\t\t<div class=\"elementor-element elementor-element-1990428 e-grid e-con-boxed e-con e-parent\" data-id=\"1990428\" data-element_type=\"container\" data-e-type=\"container\">\n\t\t\t\t\t<div class=\"e-con-inner\">\n\t\t\t\t<div class=\"elementor-element elementor-element-5784c64 elementor-button-success elementor-align-center elementor-widget elementor-widget-button\" data-id=\"5784c64\" data-element_type=\"widget\" data-e-type=\"widget\" data-widget_type=\"button.default\">\n\t\t\t\t<div class=\"elementor-widget-container\">\n\t\t\t\t\t\t\t\t\t<div class=\"elementor-button-wrapper\">\n\t\t\t\t\t<a class=\"elementor-button elementor-button-link elementor-size-sm elementor-animation-push\" href=\"#\">\n\t\t\t\t\t\t<span class=\"elementor-button-content-wrapper\">\n\t\t\t\t\t\t\t\t\t<span class=\"elementor-button-text\">COTIZACION<\/span>\n\t\t\t\t\t<\/span>\n\t\t\t\t\t<\/a>\n\t\t\t\t<\/div>\n\t\t\t\t\t\t\t\t<\/div>\n\t\t\t\t<\/div>\n\t\t\t\t\t<\/div>\n\t\t\t\t<\/div>\n\t\t<div class=\"elementor-element elementor-element-74b01ed e-flex e-con-boxed e-con e-parent\" data-id=\"74b01ed\" data-element_type=\"container\" data-e-type=\"container\">\n\t\t\t\t\t<div class=\"e-con-inner\">\n\t\t<div class=\"elementor-element elementor-element-233dacf e-con-full e-flex e-con e-child\" data-id=\"233dacf\" data-element_type=\"container\" data-e-type=\"container\" data-settings=\"{&quot;background_background&quot;:&quot;classic&quot;}\">\n\t\t\t\t<div class=\"elementor-element elementor-element-e22683b elementor-arrows-position-outside elementor-pagination-position-inside elementor-widget elementor-widget-image-carousel\" data-id=\"e22683b\" data-element_type=\"widget\" data-e-type=\"widget\" data-settings=\"{&quot;slides_to_show&quot;:&quot;3&quot;,&quot;image_spacing_custom&quot;:{&quot;unit&quot;:&quot;px&quot;,&quot;size&quot;:0,&quot;sizes&quot;:[]},&quot;autoplay_speed&quot;:50,&quot;speed&quot;:2000,&quot;lazyload&quot;:&quot;yes&quot;,&quot;navigation&quot;:&quot;both&quot;,&quot;autoplay&quot;:&quot;yes&quot;,&quot;pause_on_hover&quot;:&quot;yes&quot;,&quot;pause_on_interaction&quot;:&quot;yes&quot;,&quot;infinite&quot;:&quot;yes&quot;,&quot;image_spacing_custom_tablet&quot;:{&quot;unit&quot;:&quot;px&quot;,&quot;size&quot;:&quot;&quot;,&quot;sizes&quot;:[]},&quot;image_spacing_custom_mobile&quot;:{&quot;unit&quot;:&quot;px&quot;,&quot;size&quot;:&quot;&quot;,&quot;sizes&quot;:[]}}\" data-widget_type=\"image-carousel.default\">\n\t\t\t\t<div class=\"elementor-widget-container\">\n\t\t\t\t\t\t\t<div class=\"elementor-image-carousel-wrapper swiper\" role=\"region\" aria-roledescription=\"carousel\" aria-label=\"Carrusel de im\u00e1genes\" dir=\"ltr\">\n\t\t\t<div class=\"elementor-image-carousel swiper-wrapper\" aria-live=\"off\">\n\t\t\t\t\t\t\t\t<div class=\"swiper-slide\" role=\"group\" aria-roledescription=\"slide\" aria-label=\"1 de 9\"><a data-elementor-open-lightbox=\"yes\" data-elementor-lightbox-slideshow=\"e22683b\" data-elementor-lightbox-title=\"Bordillo A81\" data-e-action-hash=\"#elementor-action%3Aaction%3Dlightbox%26settings%3DeyJpZCI6MjYxOSwidXJsIjoiaHR0cHM6XC9cL3d3dy5wcmVmYWJyaWNhZG9zY29sb21iaWEuY29tXC93cC1jb250ZW50XC91cGxvYWRzXC8yMDI1XC8wNFwvU2FyZGluZWxfQTgxUy0xLWUxNzQ1NDQ1NTc2NDkxLnBuZyIsInNsaWRlc2hvdyI6ImUyMjY4M2IifQ%3D%3D\" href=\"https:\/\/www.prefabricadoscolombia.com\/wp-content\/uploads\/2025\/04\/Sardinel_A81S-1-e1745445576491.png\"><figure class=\"swiper-slide-inner\"><img decoding=\"async\" src=\"https:\/\/www.prefabricadoscolombia.com\/wp-content\/uploads\/2025\/04\/Sardinel_A81S-1-e1745445576491-300x210.png\" alt=\"Bordillo A81\" class=\"swiper-slide-image swiper-lazy\" width=\"300\" height=\"210\" \/><div class=\"swiper-lazy-preloader\"><\/div><\/figure><\/a><\/div><div class=\"swiper-slide\" role=\"group\" aria-roledescription=\"slide\" aria-label=\"2 de 9\"><a data-elementor-open-lightbox=\"yes\" data-elementor-lightbox-slideshow=\"e22683b\" data-elementor-lightbox-title=\"Bordillo A80\" data-e-action-hash=\"#elementor-action%3Aaction%3Dlightbox%26settings%3DeyJpZCI6MjYxMywidXJsIjoiaHR0cHM6XC9cL3d3dy5wcmVmYWJyaWNhZG9zY29sb21iaWEuY29tXC93cC1jb250ZW50XC91cGxvYWRzXC8yMDI1XC8wNFwvQm9yZGlsbG8tQS04MVMucG5nIiwic2xpZGVzaG93IjoiZTIyNjgzYiJ9\" href=\"https:\/\/www.prefabricadoscolombia.com\/wp-content\/uploads\/2025\/04\/Bordillo-A-81S.png\"><figure class=\"swiper-slide-inner\"><img loading=\"lazy\" decoding=\"async\" src=\"https:\/\/www.prefabricadoscolombia.com\/wp-content\/uploads\/2025\/04\/Bordillo-A-81S-300x225.png\" alt=\"Bordillo A80\" class=\"swiper-slide-image swiper-lazy\" width=\"300\" height=\"225\" \/><div class=\"swiper-lazy-preloader\"><\/div><\/figure><\/a><\/div><div class=\"swiper-slide\" role=\"group\" aria-roledescription=\"slide\" aria-label=\"3 de 9\"><a data-elementor-open-lightbox=\"yes\" data-elementor-lightbox-slideshow=\"e22683b\" data-elementor-lightbox-title=\"Bordillo Sardinel A81 S\" data-e-action-hash=\"#elementor-action%3Aaction%3Dlightbox%26settings%3DeyJpZCI6MjYxMiwidXJsIjoiaHR0cHM6XC9cL3d3dy5wcmVmYWJyaWNhZG9zY29sb21iaWEuY29tXC93cC1jb250ZW50XC91cGxvYWRzXC8yMDI1XC8wNFwvQm9yZGlsbG8tQTgxUy0xLWUxNzQ1NTA2MTMxNzI1LnBuZyIsInNsaWRlc2hvdyI6ImUyMjY4M2IifQ%3D%3D\" href=\"https:\/\/www.prefabricadoscolombia.com\/wp-content\/uploads\/2025\/04\/Bordillo-A81S-1-e1745506131725.png\"><figure class=\"swiper-slide-inner\"><img loading=\"lazy\" decoding=\"async\" src=\"https:\/\/www.prefabricadoscolombia.com\/wp-content\/uploads\/2025\/04\/Bordillo-A81S-1-300x225.png\" alt=\"Bordillo Sardinel A81 S\" class=\"swiper-slide-image swiper-lazy\" width=\"300\" height=\"225\" \/><div class=\"swiper-lazy-preloader\"><\/div><\/figure><\/a><\/div><div class=\"swiper-slide\" role=\"group\" aria-roledescription=\"slide\" aria-label=\"4 de 9\"><a data-elementor-open-lightbox=\"yes\" data-elementor-lightbox-slideshow=\"e22683b\" data-elementor-lightbox-title=\"Sardinel A10 \n\" data-e-action-hash=\"#elementor-action%3Aaction%3Dlightbox%26settings%3DeyJpZCI6MjYxNCwidXJsIjoiaHR0cHM6XC9cL3d3dy5wcmVmYWJyaWNhZG9zY29sb21iaWEuY29tXC93cC1jb250ZW50XC91cGxvYWRzXC8yMDI1XC8wNFwvU2FyZGluZWwtQTEwLUxhdGVyYWwtMS5wbmciLCJzbGlkZXNob3ciOiJlMjI2ODNiIn0%3D\" href=\"https:\/\/www.prefabricadoscolombia.com\/wp-content\/uploads\/2025\/04\/Sardinel-A10-Lateral-1.png\"><figure class=\"swiper-slide-inner\"><img loading=\"lazy\" decoding=\"async\" src=\"https:\/\/www.prefabricadoscolombia.com\/wp-content\/uploads\/2025\/04\/Sardinel-A10-Lateral-1-225x300.png\" alt=\"Sardinel A10\" class=\"swiper-slide-image swiper-lazy\" width=\"225\" height=\"300\" \/><div class=\"swiper-lazy-preloader\"><\/div><\/figure><\/a><\/div><div class=\"swiper-slide\" role=\"group\" aria-roledescription=\"slide\" aria-label=\"5 de 9\"><a data-elementor-open-lightbox=\"yes\" data-elementor-lightbox-slideshow=\"e22683b\" data-elementor-lightbox-title=\"Sardinel A10 Frontal\" data-e-action-hash=\"#elementor-action%3Aaction%3Dlightbox%26settings%3DeyJpZCI6MjYxNSwidXJsIjoiaHR0cHM6XC9cL3d3dy5wcmVmYWJyaWNhZG9zY29sb21iaWEuY29tXC93cC1jb250ZW50XC91cGxvYWRzXC8yMDI1XC8wNFwvU2FyZGluZWwtQTEwLTEucG5nIiwic2xpZGVzaG93IjoiZTIyNjgzYiJ9\" href=\"https:\/\/www.prefabricadoscolombia.com\/wp-content\/uploads\/2025\/04\/Sardinel-A10-1.png\"><figure class=\"swiper-slide-inner\"><img loading=\"lazy\" decoding=\"async\" src=\"https:\/\/www.prefabricadoscolombia.com\/wp-content\/uploads\/2025\/04\/Sardinel-A10-1-300x225.png\" alt=\"Sardinel A10 Frontal\" class=\"swiper-slide-image swiper-lazy\" width=\"300\" height=\"225\" \/><div class=\"swiper-lazy-preloader\"><\/div><\/figure><\/a><\/div><div class=\"swiper-slide\" role=\"group\" aria-roledescription=\"slide\" aria-label=\"6 de 9\"><a data-elementor-open-lightbox=\"yes\" data-elementor-lightbox-slideshow=\"e22683b\" data-elementor-lightbox-title=\"Sardinel B40\" data-e-action-hash=\"#elementor-action%3Aaction%3Dlightbox%26settings%3DeyJpZCI6MjYxNywidXJsIjoiaHR0cHM6XC9cL3d3dy5wcmVmYWJyaWNhZG9zY29sb21iaWEuY29tXC93cC1jb250ZW50XC91cGxvYWRzXC8yMDI1XC8wNFwvU2FyZGluZWwtQjQwLnBuZyIsInNsaWRlc2hvdyI6ImUyMjY4M2IifQ%3D%3D\" href=\"https:\/\/www.prefabricadoscolombia.com\/wp-content\/uploads\/2025\/04\/Sardinel-B40.png\"><figure class=\"swiper-slide-inner\"><img loading=\"lazy\" decoding=\"async\" src=\"https:\/\/www.prefabricadoscolombia.com\/wp-content\/uploads\/2025\/04\/Sardinel-B40-225x300.png\" alt=\"Sardinel B40\" class=\"swiper-slide-image swiper-lazy\" width=\"225\" height=\"300\" \/><div class=\"swiper-lazy-preloader\"><\/div><\/figure><\/a><\/div><div class=\"swiper-slide\" role=\"group\" aria-roledescription=\"slide\" aria-label=\"7 de 9\"><a data-elementor-open-lightbox=\"yes\" data-elementor-lightbox-slideshow=\"e22683b\" data-elementor-lightbox-title=\"Sardinel B40\" data-e-action-hash=\"#elementor-action%3Aaction%3Dlightbox%26settings%3DeyJpZCI6MjYxOCwidXJsIjoiaHR0cHM6XC9cL3d3dy5wcmVmYWJyaWNhZG9zY29sb21iaWEuY29tXC93cC1jb250ZW50XC91cGxvYWRzXC8yMDI1XC8wNFwvU2FyZGluZWxfQi00MC5wbmciLCJzbGlkZXNob3ciOiJlMjI2ODNiIn0%3D\" href=\"https:\/\/www.prefabricadoscolombia.com\/wp-content\/uploads\/2025\/04\/Sardinel_B-40.png\"><figure class=\"swiper-slide-inner\"><img loading=\"lazy\" decoding=\"async\" src=\"https:\/\/www.prefabricadoscolombia.com\/wp-content\/uploads\/2025\/04\/Sardinel_B-40-225x300.png\" alt=\"Sardinel B40\" class=\"swiper-slide-image swiper-lazy\" width=\"225\" height=\"300\" \/><div class=\"swiper-lazy-preloader\"><\/div><\/figure><\/a><\/div><div class=\"swiper-slide\" role=\"group\" aria-roledescription=\"slide\" aria-label=\"8 de 9\"><a data-elementor-open-lightbox=\"yes\" data-elementor-lightbox-slideshow=\"e22683b\" data-elementor-lightbox-title=\"Sardinel A100 Transici\u00f3n\" data-e-action-hash=\"#elementor-action%3Aaction%3Dlightbox%26settings%3DeyJpZCI6MjY1MCwidXJsIjoiaHR0cHM6XC9cL3d3dy5wcmVmYWJyaWNhZG9zY29sb21iaWEuY29tXC93cC1jb250ZW50XC91cGxvYWRzXC8yMDI1XC8wNFwvU2FyZGluZWwtQTEwMC1UcmFuc2ljaWNvbi1lMTc0NTYwMDgxMzk0MC5wbmciLCJzbGlkZXNob3ciOiJlMjI2ODNiIn0%3D\" href=\"https:\/\/www.prefabricadoscolombia.com\/wp-content\/uploads\/2025\/04\/Sardinel-A100-Transicicon-e1745600813940.png\"><figure class=\"swiper-slide-inner\"><img loading=\"lazy\" decoding=\"async\" src=\"https:\/\/www.prefabricadoscolombia.com\/wp-content\/uploads\/2025\/04\/Sardinel-A100-Transicicon-e1745600813940-300x259.png\" alt=\"Sardinel A100 Transici\u00f3n\" class=\"swiper-slide-image swiper-lazy\" width=\"300\" height=\"259\" \/><div class=\"swiper-lazy-preloader\"><\/div><\/figure><\/a><\/div><div class=\"swiper-slide\" role=\"group\" aria-roledescription=\"slide\" aria-label=\"9 de 9\"><a data-elementor-open-lightbox=\"yes\" data-elementor-lightbox-slideshow=\"e22683b\" data-elementor-lightbox-title=\"Sardinel A100 Transici\u00f3n\" data-e-action-hash=\"#elementor-action%3Aaction%3Dlightbox%26settings%3DeyJpZCI6MjY1MSwidXJsIjoiaHR0cHM6XC9cL3d3dy5wcmVmYWJyaWNhZG9zY29sb21iaWEuY29tXC93cC1jb250ZW50XC91cGxvYWRzXC8yMDI1XC8wNFwvU2FyZGluZWwtQTEwMC1lMTc0NTYwMDgzNzU4MC5wbmciLCJzbGlkZXNob3ciOiJlMjI2ODNiIn0%3D\" href=\"https:\/\/www.prefabricadoscolombia.com\/wp-content\/uploads\/2025\/04\/Sardinel-A100-e1745600837580.png\"><figure class=\"swiper-slide-inner\"><img loading=\"lazy\" decoding=\"async\" src=\"https:\/\/www.prefabricadoscolombia.com\/wp-content\/uploads\/2025\/04\/Sardinel-A100-e1745600837580-300x164.png\" alt=\"Sardinel A100 Transici\u00f3n\" class=\"swiper-slide-image swiper-lazy\" width=\"300\" height=\"164\" \/><div class=\"swiper-lazy-preloader\"><\/div><\/figure><\/a><\/div>\t\t\t<\/div>\n\t\t\t\t\t\t\t\t\t\t\t\t<div class=\"elementor-swiper-button elementor-swiper-button-prev\" role=\"button\" tabindex=\"0\">\n\t\t\t\t\t\t<i aria-hidden=\"true\" class=\"eicon-chevron-left\"><\/i>\t\t\t\t\t<\/div>\n\t\t\t\t\t<div class=\"elementor-swiper-button elementor-swiper-button-next\" role=\"button\" tabindex=\"0\">\n\t\t\t\t\t\t<i aria-hidden=\"true\" class=\"eicon-chevron-right\"><\/i>\t\t\t\t\t<\/div>\n\t\t\t\t\n\t\t\t\t\t\t\t\t\t<div class=\"swiper-pagination\"><\/div>\n\t\t\t\t\t\t\t\t\t<\/div>\n\t\t\t\t\t\t<\/div>\n\t\t\t\t<\/div>\n\t\t\t\t<\/div>\n\t\t\t\t\t<\/div>\n\t\t\t\t<\/div>\n\t\t\t\t<\/div>\n\t\t","protected":false},"excerpt":{"rendered":"<p>DESCRIPCI\u00d3N DEL PRODUCTO Uso delimitador del \u00e1rea de and\u00e9n que permite el cambio de nivel respecto a la calzada vehicular. Pieza aligerada prefabricada en concreto de 4 Mpa m\u00f3dulo de rotura a 28 d\u00edas con acabado liso. Se instala sobre una capa de mortero de nivelaci\u00f3n, con juntas de 1 cm de espesor en mortero [&hellip;]<\/p>\n","protected":false},"author":1,"featured_media":0,"parent":0,"menu_order":0,"comment_status":"closed","ping_status":"closed","template":"","meta":{"footnotes":""},"class_list":["post-2600","page","type-page","status-publish","hentry"],"_links":{"self":[{"href":"https:\/\/www.prefabricadoscolombia.com\/index.php?rest_route=\/wp\/v2\/pages\/2600","targetHints":{"allow":["GET"]}}],"collection":[{"href":"https:\/\/www.prefabricadoscolombia.com\/index.php?rest_route=\/wp\/v2\/pages"}],"about":[{"href":"https:\/\/www.prefabricadoscolombia.com\/index.php?rest_route=\/wp\/v2\/types\/page"}],"author":[{"embeddable":true,"href":"https:\/\/www.prefabricadoscolombia.com\/index.php?rest_route=\/wp\/v2\/users\/1"}],"replies":[{"embeddable":true,"href":"https:\/\/www.prefabricadoscolombia.com\/index.php?rest_route=%2Fwp%2Fv2%2Fcomments&post=2600"}],"version-history":[{"count":25,"href":"https:\/\/www.prefabricadoscolombia.com\/index.php?rest_route=\/wp\/v2\/pages\/2600\/revisions"}],"predecessor-version":[{"id":3890,"href":"https:\/\/www.prefabricadoscolombia.com\/index.php?rest_route=\/wp\/v2\/pages\/2600\/revisions\/3890"}],"wp:attachment":[{"href":"https:\/\/www.prefabricadoscolombia.com\/index.php?rest_route=%2Fwp%2Fv2%2Fmedia&parent=2600"}],"curies":[{"name":"wp","href":"https:\/\/api.w.org\/{rel}","templated":true}]}}