{"id":2848,"date":"2025-04-29T22:39:03","date_gmt":"2025-04-29T22:39:03","guid":{"rendered":"https:\/\/www.prefabricadoscolombia.com\/?page_id=2848"},"modified":"2025-06-03T21:08:45","modified_gmt":"2025-06-03T21:08:45","slug":"canuela-a125","status":"publish","type":"page","link":"https:\/\/www.prefabricadoscolombia.com\/?page_id=2848","title":{"rendered":"Ca\u00f1uela A125 &#8211; 80*40*22.5"},"content":{"rendered":"\t\t<div data-elementor-type=\"wp-page\" data-elementor-id=\"2848\" class=\"elementor elementor-2848\">\n\t\t\t\t<div class=\"elementor-element elementor-element-3c57616 e-flex e-con-boxed e-con e-parent\" data-id=\"3c57616\" data-element_type=\"container\" data-e-type=\"container\">\n\t\t\t\t\t<div class=\"e-con-inner\">\n\t\t<div class=\"elementor-element elementor-element-2f2bb51 e-con-full e-flex e-con e-child\" data-id=\"2f2bb51\" data-element_type=\"container\" data-e-type=\"container\">\n\t\t<div class=\"elementor-element elementor-element-1cdbc4d e-con-full e-flex e-con e-child\" data-id=\"1cdbc4d\" data-element_type=\"container\" data-e-type=\"container\">\n\t\t<div class=\"elementor-element elementor-element-680f049 e-con-full e-grid e-con e-child\" data-id=\"680f049\" data-element_type=\"container\" data-e-type=\"container\">\n\t\t\t\t<div class=\"elementor-element elementor-element-eef1aa8 elementor-invisible elementor-widget elementor-widget-image\" data-id=\"eef1aa8\" data-element_type=\"widget\" data-e-type=\"widget\" data-settings=\"{&quot;_animation&quot;:&quot;fadeInDown&quot;}\" data-widget_type=\"image.default\">\n\t\t\t\t<div class=\"elementor-widget-container\">\n\t\t\t\t\t\t\t\t\t\t\t\t\t\t\t\t<a href=\"https:\/\/www.prefabricadoscolombia.com\/?page_id=203\">\n\t\t\t\t\t\t\t<img fetchpriority=\"high\" decoding=\"async\" width=\"719\" height=\"347\" src=\"https:\/\/www.prefabricadoscolombia.com\/wp-content\/uploads\/2025\/04\/A125-40_23_80-1.png\" class=\"attachment-large size-large wp-image-2821\" alt=\"\" srcset=\"https:\/\/www.prefabricadoscolombia.com\/wp-content\/uploads\/2025\/04\/A125-40_23_80-1.png 719w, https:\/\/www.prefabricadoscolombia.com\/wp-content\/uploads\/2025\/04\/A125-40_23_80-1-300x145.png 300w\" sizes=\"(max-width: 719px) 100vw, 719px\" \/>\t\t\t\t\t\t\t\t<\/a>\n\t\t\t\t\t\t\t\t\t\t\t\t\t\t\t<\/div>\n\t\t\t\t<\/div>\n\t\t\t\t<div class=\"elementor-element elementor-element-4120191 elementor-invisible elementor-widget elementor-widget-image\" data-id=\"4120191\" data-element_type=\"widget\" data-e-type=\"widget\" data-settings=\"{&quot;_animation&quot;:&quot;fadeInUp&quot;}\" data-widget_type=\"image.default\">\n\t\t\t\t<div class=\"elementor-widget-container\">\n\t\t\t\t\t\t\t\t\t\t\t\t\t\t\t\t<a href=\"https:\/\/www.prefabricadoscolombia.com\/?page_id=203\">\n\t\t\t\t\t\t\t<img decoding=\"async\" width=\"300\" height=\"162\" src=\"https:\/\/www.prefabricadoscolombia.com\/wp-content\/uploads\/2025\/04\/A125-300x162.png\" class=\"attachment-medium size-medium wp-image-2850\" alt=\"\" srcset=\"https:\/\/www.prefabricadoscolombia.com\/wp-content\/uploads\/2025\/04\/A125-300x162.png 300w, https:\/\/www.prefabricadoscolombia.com\/wp-content\/uploads\/2025\/04\/A125.png 613w\" sizes=\"(max-width: 300px) 100vw, 300px\" \/>\t\t\t\t\t\t\t\t<\/a>\n\t\t\t\t\t\t\t\t\t\t\t\t\t\t\t<\/div>\n\t\t\t\t<\/div>\n\t\t\t\t<\/div>\n\t\t<div class=\"elementor-element elementor-element-8a15725 e-con-full e-flex e-con e-child\" data-id=\"8a15725\" data-element_type=\"container\" data-e-type=\"container\">\n\t\t<div class=\"elementor-element elementor-element-9801656 e-con-full e-flex e-con e-child\" data-id=\"9801656\" data-element_type=\"container\" data-e-type=\"container\">\n\t\t\t\t<div class=\"elementor-element elementor-element-e3591fe elementor-widget elementor-widget-heading\" data-id=\"e3591fe\" data-element_type=\"widget\" data-e-type=\"widget\" data-widget_type=\"heading.default\">\n\t\t\t\t<div class=\"elementor-widget-container\">\n\t\t\t\t\t<h2 class=\"elementor-heading-title elementor-size-default\"><b>DESCRIPCI\u00d3N DEL  PRODUCTO<\/b><\/h2>\t\t\t\t<\/div>\n\t\t\t\t<\/div>\n\t\t\t\t<\/div>\n\t\t<div class=\"elementor-element elementor-element-1661afb e-con-full e-flex e-con e-child\" data-id=\"1661afb\" data-element_type=\"container\" data-e-type=\"container\">\n\t\t\t\t<div class=\"elementor-element elementor-element-18396cc elementor-widget elementor-widget-heading\" data-id=\"18396cc\" data-element_type=\"widget\" data-e-type=\"widget\" data-widget_type=\"heading.default\">\n\t\t\t\t<div class=\"elementor-widget-container\">\n\t\t\t\t\t<h2 class=\"elementor-heading-title elementor-size-default\">Dise\u00f1ada para facilitar la conducci\u00f3n de aguas de forma precisa y confiable adosada al sardinel prefabricado, en la calzada vehicular, conduciendo las escorrent\u00edas que se presentan sobre la superficie adyacente<\/h2>\t\t\t\t<\/div>\n\t\t\t\t<\/div>\n\t\t\t\t<\/div>\n\t\t<div class=\"elementor-element elementor-element-fa1732e e-con-full e-flex e-con e-child\" data-id=\"fa1732e\" data-element_type=\"container\" data-e-type=\"container\">\n\t\t\t\t<div class=\"elementor-element elementor-element-8224123 elementor-widget elementor-widget-heading\" data-id=\"8224123\" data-element_type=\"widget\" data-e-type=\"widget\" data-widget_type=\"heading.default\">\n\t\t\t\t<div class=\"elementor-widget-container\">\n\t\t\t\t\t<h2 class=\"elementor-heading-title elementor-size-default\"><b>INFORMACI\u00d3N DE CARACTER\u00cdSTICAS<\/b><\/h2>\t\t\t\t<\/div>\n\t\t\t\t<\/div>\n\t\t\t\t<\/div>\n\t\t<div class=\"elementor-element elementor-element-17f4e19 e-con-full e-flex e-con e-child\" data-id=\"17f4e19\" data-element_type=\"container\" data-e-type=\"container\">\n\t\t<div class=\"elementor-element elementor-element-a80c627 e-con-full e-flex e-con e-child\" data-id=\"a80c627\" data-element_type=\"container\" data-e-type=\"container\">\n\t\t\t\t<div class=\"elementor-element elementor-element-54cb063 elementor-widget elementor-widget-heading\" data-id=\"54cb063\" data-element_type=\"widget\" data-e-type=\"widget\" data-widget_type=\"heading.default\">\n\t\t\t\t<div class=\"elementor-widget-container\">\n\t\t\t\t\t<h2 class=\"elementor-heading-title elementor-size-default\"><table><tbody><tr><th>CARACTER\u00cdSTICAS<br>F\u00cdSICAS<\/th><td><p>\u00c1rea Nominal (M^L) 1.25 <br>Peso seco (kg) 150 kg<br>Resistencia 0.0387 Kg\/Cm2<\/p><\/td><\/tr><\/tbody><\/table><br><table><tbody><tr><th><br>DIMENSIONES<\/th><td><p><b>Largo:<\/b> 80 cm<br><b>Ancho:<\/b> 40 cm<br><b>Alto: <\/b>22.5 cm<\/p><\/td><\/tr><\/tbody><\/table><br><table><tbody><tr><th>COLOR<\/th><td><p>Gris Natural<\/p><\/td><\/tr><\/tbody><\/table><br><table><tbody><tr><th>RESISTENCIA<\/th><td><p>3000 PSI Resistencia<\/p><\/td><\/tr><\/tbody><\/table><br><table><tbody><tr><th>NORMA<\/th><td><p>4109 NTC<\/p><\/td><\/tr><\/tbody><\/table><\/h2>\t\t\t\t<\/div>\n\t\t\t\t<\/div>\n\t\t\t\t<\/div>\n\t\t\t\t<\/div>\n\t\t\t\t<\/div>\n\t\t\t\t<\/div>\n\t\t\t\t<\/div>\n\t\t\t\t\t<\/div>\n\t\t\t\t<\/div>\n\t\t<div class=\"elementor-element elementor-element-6fabc50 e-flex e-con-boxed e-con e-parent\" data-id=\"6fabc50\" data-element_type=\"container\" data-e-type=\"container\">\n\t\t\t\t\t<div class=\"e-con-inner\">\n\t\t<div class=\"elementor-element elementor-element-fef1fd4 e-con-full e-flex e-con e-child\" data-id=\"fef1fd4\" data-element_type=\"container\" data-e-type=\"container\">\n\t\t\t\t<div class=\"elementor-element elementor-element-c92713d elementor-button-success elementor-align-center elementor-widget elementor-widget-button\" data-id=\"c92713d\" data-element_type=\"widget\" data-e-type=\"widget\" data-widget_type=\"button.default\">\n\t\t\t\t<div class=\"elementor-widget-container\">\n\t\t\t\t\t\t\t\t\t<div class=\"elementor-button-wrapper\">\n\t\t\t\t\t<a class=\"elementor-button elementor-button-link elementor-size-sm elementor-animation-push\" href=\"#\">\n\t\t\t\t\t\t<span class=\"elementor-button-content-wrapper\">\n\t\t\t\t\t\t\t\t\t<span class=\"elementor-button-text\">COTIZACION<\/span>\n\t\t\t\t\t<\/span>\n\t\t\t\t\t<\/a>\n\t\t\t\t<\/div>\n\t\t\t\t\t\t\t\t<\/div>\n\t\t\t\t<\/div>\n\t\t<div class=\"elementor-element elementor-element-4c28143 e-con-full e-flex e-con e-child\" data-id=\"4c28143\" data-element_type=\"container\" data-e-type=\"container\" data-settings=\"{&quot;background_background&quot;:&quot;classic&quot;}\">\n\t\t\t\t<div class=\"elementor-element elementor-element-f2b5618 elementor-arrows-position-outside elementor-pagination-position-inside elementor-widget elementor-widget-image-carousel\" data-id=\"f2b5618\" data-element_type=\"widget\" data-e-type=\"widget\" data-settings=\"{&quot;slides_to_show&quot;:&quot;3&quot;,&quot;image_spacing_custom&quot;:{&quot;unit&quot;:&quot;px&quot;,&quot;size&quot;:0,&quot;sizes&quot;:[]},&quot;autoplay_speed&quot;:50,&quot;speed&quot;:2000,&quot;lazyload&quot;:&quot;yes&quot;,&quot;navigation&quot;:&quot;both&quot;,&quot;autoplay&quot;:&quot;yes&quot;,&quot;pause_on_hover&quot;:&quot;yes&quot;,&quot;pause_on_interaction&quot;:&quot;yes&quot;,&quot;infinite&quot;:&quot;yes&quot;,&quot;image_spacing_custom_tablet&quot;:{&quot;unit&quot;:&quot;px&quot;,&quot;size&quot;:&quot;&quot;,&quot;sizes&quot;:[]},&quot;image_spacing_custom_mobile&quot;:{&quot;unit&quot;:&quot;px&quot;,&quot;size&quot;:&quot;&quot;,&quot;sizes&quot;:[]}}\" data-widget_type=\"image-carousel.default\">\n\t\t\t\t<div class=\"elementor-widget-container\">\n\t\t\t\t\t\t\t<div class=\"elementor-image-carousel-wrapper swiper\" role=\"region\" aria-roledescription=\"carousel\" aria-label=\"Carrusel de im\u00e1genes\" dir=\"ltr\">\n\t\t\t<div class=\"elementor-image-carousel swiper-wrapper\" aria-live=\"off\">\n\t\t\t\t\t\t\t\t<div class=\"swiper-slide\" role=\"group\" aria-roledescription=\"slide\" aria-label=\"1 de 9\"><a data-elementor-open-lightbox=\"yes\" data-elementor-lightbox-slideshow=\"f2b5618\" data-elementor-lightbox-title=\"Ca\u00f1uela A125\" data-e-action-hash=\"#elementor-action%3Aaction%3Dlightbox%26settings%3DeyJpZCI6Mjg1MCwidXJsIjoiaHR0cHM6XC9cL3d3dy5wcmVmYWJyaWNhZG9zY29sb21iaWEuY29tXC93cC1jb250ZW50XC91cGxvYWRzXC8yMDI1XC8wNFwvQTEyNS5wbmciLCJzbGlkZXNob3ciOiJmMmI1NjE4In0%3D\" href=\"https:\/\/www.prefabricadoscolombia.com\/wp-content\/uploads\/2025\/04\/A125.png\"><figure class=\"swiper-slide-inner\"><img decoding=\"async\" src=\"https:\/\/www.prefabricadoscolombia.com\/wp-content\/uploads\/2025\/04\/A125-150x150.png\" alt=\"Ca\u00f1uela A125\" class=\"swiper-slide-image swiper-lazy\" width=\"150\" height=\"150\" \/><div class=\"swiper-lazy-preloader\"><\/div><\/figure><\/a><\/div><div class=\"swiper-slide\" role=\"group\" aria-roledescription=\"slide\" aria-label=\"2 de 9\"><a data-elementor-open-lightbox=\"yes\" data-elementor-lightbox-slideshow=\"f2b5618\" data-elementor-lightbox-title=\"Ca\u00f1uela A120\" data-e-action-hash=\"#elementor-action%3Aaction%3Dlightbox%26settings%3DeyJpZCI6MjgyOCwidXJsIjoiaHR0cHM6XC9cL3d3dy5wcmVmYWJyaWNhZG9zY29sb21iaWEuY29tXC93cC1jb250ZW50XC91cGxvYWRzXC8yMDI1XC8wNFwvQ2FudWVsYV9BLTEyNS1yZW1vdmViZy1wcmV2aWV3LTIucG5nIiwic2xpZGVzaG93IjoiZjJiNTYxOCJ9\" href=\"https:\/\/www.prefabricadoscolombia.com\/wp-content\/uploads\/2025\/04\/Canuela_A-125-removebg-preview-2.png\"><figure class=\"swiper-slide-inner\"><img loading=\"lazy\" decoding=\"async\" src=\"https:\/\/www.prefabricadoscolombia.com\/wp-content\/uploads\/2025\/04\/Canuela_A-125-removebg-preview-2-150x150.png\" alt=\"Ca\u00f1uela A120\" class=\"swiper-slide-image swiper-lazy\" width=\"150\" height=\"150\" \/><div class=\"swiper-lazy-preloader\"><\/div><\/figure><\/a><\/div><div class=\"swiper-slide\" role=\"group\" aria-roledescription=\"slide\" aria-label=\"3 de 9\"><a data-elementor-open-lightbox=\"yes\" data-elementor-lightbox-slideshow=\"f2b5618\" data-elementor-lightbox-title=\"Ca\u00f1uela A125\n22.5_40_80\" data-e-action-hash=\"#elementor-action%3Aaction%3Dlightbox%26settings%3DeyJpZCI6MjgyNSwidXJsIjoiaHR0cHM6XC9cL3d3dy5wcmVmYWJyaWNhZG9zY29sb21iaWEuY29tXC93cC1jb250ZW50XC91cGxvYWRzXC8yMDI1XC8wNFwvQ2FudWVsYV9BLTEyNV9fXzIyLjVfNDBfODAtMS1lMTc0NjAzMzA5MDQ3NS5wbmciLCJzbGlkZXNob3ciOiJmMmI1NjE4In0%3D\" href=\"https:\/\/www.prefabricadoscolombia.com\/wp-content\/uploads\/2025\/04\/Canuela_A-125___22.5_40_80-1-e1746033090475.png\"><figure class=\"swiper-slide-inner\"><img loading=\"lazy\" decoding=\"async\" src=\"https:\/\/www.prefabricadoscolombia.com\/wp-content\/uploads\/2025\/04\/Canuela_A-125___22.5_40_80-1-e1746033090475-150x150.png\" alt=\"Ca\u00f1uela A125\n22.5_40_80\" class=\"swiper-slide-image swiper-lazy\" width=\"150\" height=\"150\" \/><div class=\"swiper-lazy-preloader\"><\/div><\/figure><\/a><\/div><div class=\"swiper-slide\" role=\"group\" aria-roledescription=\"slide\" aria-label=\"4 de 9\"><a data-elementor-open-lightbox=\"yes\" data-elementor-lightbox-slideshow=\"f2b5618\" data-elementor-lightbox-title=\"Ca\u00f1uela CTB 30\" data-e-action-hash=\"#elementor-action%3Aaction%3Dlightbox%26settings%3DeyJpZCI6MjgyNCwidXJsIjoiaHR0cHM6XC9cL3d3dy5wcmVmYWJyaWNhZG9zY29sb21iaWEuY29tXC93cC1jb250ZW50XC91cGxvYWRzXC8yMDI1XC8wNFwvQ2FudWVsYS1TQzQtMS5wbmciLCJzbGlkZXNob3ciOiJmMmI1NjE4In0%3D\" href=\"https:\/\/www.prefabricadoscolombia.com\/wp-content\/uploads\/2025\/04\/Canuela-SC4-1.png\"><figure class=\"swiper-slide-inner\"><img loading=\"lazy\" decoding=\"async\" src=\"https:\/\/www.prefabricadoscolombia.com\/wp-content\/uploads\/2025\/04\/Canuela-SC4-1-150x150.png\" alt=\"Ca\u00f1uela CTB 30\" class=\"swiper-slide-image swiper-lazy\" width=\"150\" height=\"150\" \/><div class=\"swiper-lazy-preloader\"><\/div><\/figure><\/a><\/div><div class=\"swiper-slide\" role=\"group\" aria-roledescription=\"slide\" aria-label=\"5 de 9\"><a data-elementor-open-lightbox=\"yes\" data-elementor-lightbox-slideshow=\"f2b5618\" data-elementor-lightbox-title=\"Ca\u00f1uela CTB20\" data-e-action-hash=\"#elementor-action%3Aaction%3Dlightbox%26settings%3DeyJpZCI6MjgyMywidXJsIjoiaHR0cHM6XC9cL3d3dy5wcmVmYWJyaWNhZG9zY29sb21iaWEuY29tXC93cC1jb250ZW50XC91cGxvYWRzXC8yMDI1XC8wNFwvQ2FudWVsYS1TQy1SZWRvbmRhLTEtZTE3NDYwMzI4MTU4MDEucG5nIiwic2xpZGVzaG93IjoiZjJiNTYxOCJ9\" href=\"https:\/\/www.prefabricadoscolombia.com\/wp-content\/uploads\/2025\/04\/Canuela-SC-Redonda-1-e1746032815801.png\"><figure class=\"swiper-slide-inner\"><img loading=\"lazy\" decoding=\"async\" src=\"https:\/\/www.prefabricadoscolombia.com\/wp-content\/uploads\/2025\/04\/Canuela-SC-Redonda-1-e1746032815801-150x150.png\" alt=\"Ca\u00f1uela CTB20\" class=\"swiper-slide-image swiper-lazy\" width=\"150\" height=\"150\" \/><div class=\"swiper-lazy-preloader\"><\/div><\/figure><\/a><\/div><div class=\"swiper-slide\" role=\"group\" aria-roledescription=\"slide\" aria-label=\"6 de 9\"><a data-elementor-open-lightbox=\"yes\" data-elementor-lightbox-slideshow=\"f2b5618\" data-elementor-lightbox-title=\"Ca\u00f1uela CVA\" data-e-action-hash=\"#elementor-action%3Aaction%3Dlightbox%26settings%3DeyJpZCI6MjgyMiwidXJsIjoiaHR0cHM6XC9cL3d3dy5wcmVmYWJyaWNhZG9zY29sb21iaWEuY29tXC93cC1jb250ZW50XC91cGxvYWRzXC8yMDI1XC8wNFwvQ2FudWVsYS1DVkEtMS5wbmciLCJzbGlkZXNob3ciOiJmMmI1NjE4In0%3D\" href=\"https:\/\/www.prefabricadoscolombia.com\/wp-content\/uploads\/2025\/04\/Canuela-CVA-1.png\"><figure class=\"swiper-slide-inner\"><img loading=\"lazy\" decoding=\"async\" src=\"https:\/\/www.prefabricadoscolombia.com\/wp-content\/uploads\/2025\/04\/Canuela-CVA-1-150x150.png\" alt=\"Ca\u00f1uela CVA\" class=\"swiper-slide-image swiper-lazy\" width=\"150\" height=\"150\" \/><div class=\"swiper-lazy-preloader\"><\/div><\/figure><\/a><\/div><div class=\"swiper-slide\" role=\"group\" aria-roledescription=\"slide\" aria-label=\"7 de 9\"><a data-elementor-open-lightbox=\"yes\" data-elementor-lightbox-slideshow=\"f2b5618\" data-elementor-lightbox-title=\"Ca\u00f1uela A125\" data-e-action-hash=\"#elementor-action%3Aaction%3Dlightbox%26settings%3DeyJpZCI6MjgyMSwidXJsIjoiaHR0cHM6XC9cL3d3dy5wcmVmYWJyaWNhZG9zY29sb21iaWEuY29tXC93cC1jb250ZW50XC91cGxvYWRzXC8yMDI1XC8wNFwvQTEyNS00MF8yM184MC0xLnBuZyIsInNsaWRlc2hvdyI6ImYyYjU2MTgifQ%3D%3D\" href=\"https:\/\/www.prefabricadoscolombia.com\/wp-content\/uploads\/2025\/04\/A125-40_23_80-1.png\"><figure class=\"swiper-slide-inner\"><img loading=\"lazy\" decoding=\"async\" src=\"https:\/\/www.prefabricadoscolombia.com\/wp-content\/uploads\/2025\/04\/A125-40_23_80-1-150x150.png\" alt=\"Ca\u00f1uela A125\" class=\"swiper-slide-image swiper-lazy\" width=\"150\" height=\"150\" \/><div class=\"swiper-lazy-preloader\"><\/div><\/figure><\/a><\/div><div class=\"swiper-slide\" role=\"group\" aria-roledescription=\"slide\" aria-label=\"8 de 9\"><a data-elementor-open-lightbox=\"yes\" data-elementor-lightbox-slideshow=\"f2b5618\" data-elementor-lightbox-title=\"Ca\u00f1uela A120\" data-e-action-hash=\"#elementor-action%3Aaction%3Dlightbox%26settings%3DeyJpZCI6MjgxOSwidXJsIjoiaHR0cHM6XC9cL3d3dy5wcmVmYWJyaWNhZG9zY29sb21iaWEuY29tXC93cC1jb250ZW50XC91cGxvYWRzXC8yMDI1XC8wNFwvQS0xMjAtUFJPRlVOREEtMS5wbmciLCJzbGlkZXNob3ciOiJmMmI1NjE4In0%3D\" href=\"https:\/\/www.prefabricadoscolombia.com\/wp-content\/uploads\/2025\/04\/A-120-PROFUNDA-1.png\"><figure class=\"swiper-slide-inner\"><img loading=\"lazy\" decoding=\"async\" src=\"https:\/\/www.prefabricadoscolombia.com\/wp-content\/uploads\/2025\/04\/A-120-PROFUNDA-1-150x150.png\" alt=\"Ca\u00f1uela A120\" class=\"swiper-slide-image swiper-lazy\" width=\"150\" height=\"150\" \/><div class=\"swiper-lazy-preloader\"><\/div><\/figure><\/a><\/div><div class=\"swiper-slide\" role=\"group\" aria-roledescription=\"slide\" aria-label=\"9 de 9\"><a data-elementor-open-lightbox=\"yes\" data-elementor-lightbox-slideshow=\"f2b5618\" data-elementor-lightbox-title=\"Ca\u00f1uela A120\" data-e-action-hash=\"#elementor-action%3Aaction%3Dlightbox%26settings%3DeyJpZCI6MjgwNiwidXJsIjoiaHR0cHM6XC9cL3d3dy5wcmVmYWJyaWNhZG9zY29sb21iaWEuY29tXC93cC1jb250ZW50XC91cGxvYWRzXC8yMDI1XC8wNFwvQS0xMjAucG5nIiwic2xpZGVzaG93IjoiZjJiNTYxOCJ9\" href=\"https:\/\/www.prefabricadoscolombia.com\/wp-content\/uploads\/2025\/04\/A-120.png\"><figure class=\"swiper-slide-inner\"><img loading=\"lazy\" decoding=\"async\" src=\"https:\/\/www.prefabricadoscolombia.com\/wp-content\/uploads\/2025\/04\/A-120-150x150.png\" alt=\"Ca\u00f1uela A120\" class=\"swiper-slide-image swiper-lazy\" width=\"150\" height=\"150\" \/><div class=\"swiper-lazy-preloader\"><\/div><\/figure><\/a><\/div>\t\t\t<\/div>\n\t\t\t\t\t\t\t\t\t\t\t\t<div class=\"elementor-swiper-button elementor-swiper-button-prev\" role=\"button\" tabindex=\"0\">\n\t\t\t\t\t\t<i aria-hidden=\"true\" class=\"eicon-chevron-left\"><\/i>\t\t\t\t\t<\/div>\n\t\t\t\t\t<div class=\"elementor-swiper-button elementor-swiper-button-next\" role=\"button\" tabindex=\"0\">\n\t\t\t\t\t\t<i aria-hidden=\"true\" class=\"eicon-chevron-right\"><\/i>\t\t\t\t\t<\/div>\n\t\t\t\t\n\t\t\t\t\t\t\t\t\t<div class=\"swiper-pagination\"><\/div>\n\t\t\t\t\t\t\t\t\t<\/div>\n\t\t\t\t\t\t<\/div>\n\t\t\t\t<\/div>\n\t\t\t\t<\/div>\n\t\t\t\t<\/div>\n\t\t\t\t\t<\/div>\n\t\t\t\t<\/div>\n\t\t\t\t<\/div>\n\t\t","protected":false},"excerpt":{"rendered":"<p>DESCRIPCI\u00d3N DEL PRODUCTO Dise\u00f1ada para facilitar la conducci\u00f3n de aguas de forma precisa y confiable adosada al sardinel prefabricado, en la calzada vehicular, conduciendo las escorrent\u00edas que se presentan sobre la superficie adyacente INFORMACI\u00d3N DE CARACTER\u00cdSTICAS CARACTER\u00cdSTICASF\u00cdSICAS \u00c1rea Nominal (M^L) 1.25 Peso seco (kg) 150 kgResistencia 0.0387 Kg\/Cm2 DIMENSIONES Largo: 80 cmAncho: 40 cmAlto: 22.5 [&hellip;]<\/p>\n","protected":false},"author":1,"featured_media":0,"parent":0,"menu_order":0,"comment_status":"closed","ping_status":"closed","template":"","meta":{"footnotes":""},"class_list":["post-2848","page","type-page","status-publish","hentry"],"_links":{"self":[{"href":"https:\/\/www.prefabricadoscolombia.com\/index.php?rest_route=\/wp\/v2\/pages\/2848","targetHints":{"allow":["GET"]}}],"collection":[{"href":"https:\/\/www.prefabricadoscolombia.com\/index.php?rest_route=\/wp\/v2\/pages"}],"about":[{"href":"https:\/\/www.prefabricadoscolombia.com\/index.php?rest_route=\/wp\/v2\/types\/page"}],"author":[{"embeddable":true,"href":"https:\/\/www.prefabricadoscolombia.com\/index.php?rest_route=\/wp\/v2\/users\/1"}],"replies":[{"embeddable":true,"href":"https:\/\/www.prefabricadoscolombia.com\/index.php?rest_route=%2Fwp%2Fv2%2Fcomments&post=2848"}],"version-history":[{"count":28,"href":"https:\/\/www.prefabricadoscolombia.com\/index.php?rest_route=\/wp\/v2\/pages\/2848\/revisions"}],"predecessor-version":[{"id":3629,"href":"https:\/\/www.prefabricadoscolombia.com\/index.php?rest_route=\/wp\/v2\/pages\/2848\/revisions\/3629"}],"wp:attachment":[{"href":"https:\/\/www.prefabricadoscolombia.com\/index.php?rest_route=%2Fwp%2Fv2%2Fmedia&parent=2848"}],"curies":[{"name":"wp","href":"https:\/\/api.w.org\/{rel}","templated":true}]}}