{"id":2964,"date":"2025-05-02T21:54:39","date_gmt":"2025-05-02T21:54:39","guid":{"rendered":"https:\/\/www.prefabricadoscolombia.com\/?page_id=2964"},"modified":"2025-07-16T20:13:39","modified_gmt":"2025-07-16T20:13:39","slug":"carcamo-c75-6360100","status":"publish","type":"page","link":"https:\/\/www.prefabricadoscolombia.com\/?page_id=2964","title":{"rendered":"C\u00e1rcamo C65 &#8211; 65*60*100"},"content":{"rendered":"\t\t<div data-elementor-type=\"wp-page\" data-elementor-id=\"2964\" class=\"elementor elementor-2964\">\n\t\t\t\t<div class=\"elementor-element elementor-element-91a46b7 e-con-full e-flex e-con e-child\" data-id=\"91a46b7\" data-element_type=\"container\" data-e-type=\"container\">\n\t\t<div class=\"elementor-element elementor-element-e950006 e-con-full e-grid e-con e-child\" data-id=\"e950006\" data-element_type=\"container\" data-e-type=\"container\">\n\t\t\t\t<div class=\"elementor-element elementor-element-8c7a660 elementor-invisible elementor-widget elementor-widget-image\" data-id=\"8c7a660\" data-element_type=\"widget\" data-e-type=\"widget\" data-settings=\"{&quot;_animation&quot;:&quot;fadeInDown&quot;}\" data-widget_type=\"image.default\">\n\t\t\t\t<div class=\"elementor-widget-container\">\n\t\t\t\t\t\t\t\t\t\t\t\t\t\t\t\t<a href=\"https:\/\/www.prefabricadoscolombia.com\/?page_id=202\">\n\t\t\t\t\t\t\t<img fetchpriority=\"high\" decoding=\"async\" width=\"433\" height=\"359\" src=\"https:\/\/www.prefabricadoscolombia.com\/wp-content\/uploads\/2025\/05\/Carcamo-C63-_100-63-60-e1746223147444.webp\" class=\"attachment-large size-large wp-image-2956\" alt=\"\" srcset=\"https:\/\/www.prefabricadoscolombia.com\/wp-content\/uploads\/2025\/05\/Carcamo-C63-_100-63-60-e1746223147444.webp 433w, https:\/\/www.prefabricadoscolombia.com\/wp-content\/uploads\/2025\/05\/Carcamo-C63-_100-63-60-e1746223147444-300x249.webp 300w\" sizes=\"(max-width: 433px) 100vw, 433px\" \/>\t\t\t\t\t\t\t\t<\/a>\n\t\t\t\t\t\t\t\t\t\t\t\t\t\t\t<\/div>\n\t\t\t\t<\/div>\n\t\t\t\t<div class=\"elementor-element elementor-element-569a4df elementor-invisible elementor-widget elementor-widget-image\" data-id=\"569a4df\" data-element_type=\"widget\" data-e-type=\"widget\" data-settings=\"{&quot;_animation&quot;:&quot;fadeInUp&quot;}\" data-widget_type=\"image.default\">\n\t\t\t\t<div class=\"elementor-widget-container\">\n\t\t\t\t\t\t\t\t\t\t\t\t\t\t\t\t<a href=\"https:\/\/www.prefabricadoscolombia.com\/?page_id=202\">\n\t\t\t\t\t\t\t<img decoding=\"async\" width=\"530\" height=\"372\" src=\"https:\/\/www.prefabricadoscolombia.com\/wp-content\/uploads\/2025\/04\/Carcamo-C63-100-63-60-e1746223094783.png\" class=\"attachment-large size-large wp-image-2926\" alt=\"\" srcset=\"https:\/\/www.prefabricadoscolombia.com\/wp-content\/uploads\/2025\/04\/Carcamo-C63-100-63-60-e1746223094783.png 530w, https:\/\/www.prefabricadoscolombia.com\/wp-content\/uploads\/2025\/04\/Carcamo-C63-100-63-60-e1746223094783-300x211.png 300w\" sizes=\"(max-width: 530px) 100vw, 530px\" \/>\t\t\t\t\t\t\t\t<\/a>\n\t\t\t\t\t\t\t\t\t\t\t\t\t\t\t<\/div>\n\t\t\t\t<\/div>\n\t\t\t\t<\/div>\n\t\t<div class=\"elementor-element elementor-element-cd32e84 e-con-full e-flex e-con e-child\" data-id=\"cd32e84\" data-element_type=\"container\" data-e-type=\"container\">\n\t\t<div class=\"elementor-element elementor-element-7592f22 e-con-full e-flex e-con e-child\" data-id=\"7592f22\" data-element_type=\"container\" data-e-type=\"container\">\n\t\t\t\t<div class=\"elementor-element elementor-element-87e3a91 elementor-widget elementor-widget-heading\" data-id=\"87e3a91\" data-element_type=\"widget\" data-e-type=\"widget\" data-widget_type=\"heading.default\">\n\t\t\t\t<div class=\"elementor-widget-container\">\n\t\t\t\t\t<h2 class=\"elementor-heading-title elementor-size-default\"><b>DESCRIPCI\u00d3N DEL  PRODUCTO<\/b><\/h2>\t\t\t\t<\/div>\n\t\t\t\t<\/div>\n\t\t\t\t<\/div>\n\t\t<div class=\"elementor-element elementor-element-e1094b8 e-con-full e-flex e-con e-child\" data-id=\"e1094b8\" data-element_type=\"container\" data-e-type=\"container\">\n\t\t\t\t<div class=\"elementor-element elementor-element-d05b413 elementor-widget elementor-widget-heading\" data-id=\"d05b413\" data-element_type=\"widget\" data-e-type=\"widget\" data-widget_type=\"heading.default\">\n\t\t\t\t<div class=\"elementor-widget-container\">\n\t\t\t\t\t<h2 class=\"elementor-heading-title elementor-size-default\"><div><div><div><div>Pieza aligerada Prefabricada en concreto de 4Mpa <\/div><\/div><\/div><\/div><\/h2>\t\t\t\t<\/div>\n\t\t\t\t<\/div>\n\t\t\t\t<\/div>\n\t\t<div class=\"elementor-element elementor-element-a86e9b4 e-con-full e-flex e-con e-child\" data-id=\"a86e9b4\" data-element_type=\"container\" data-e-type=\"container\">\n\t\t\t\t<div class=\"elementor-element elementor-element-b6651d7 elementor-widget elementor-widget-heading\" data-id=\"b6651d7\" data-element_type=\"widget\" data-e-type=\"widget\" data-widget_type=\"heading.default\">\n\t\t\t\t<div class=\"elementor-widget-container\">\n\t\t\t\t\t<h2 class=\"elementor-heading-title elementor-size-default\"><b>INFORMACI\u00d3N DE CARACTER\u00cdSTICAS<\/b><\/h2>\t\t\t\t<\/div>\n\t\t\t\t<\/div>\n\t\t\t\t<\/div>\n\t\t<div class=\"elementor-element elementor-element-efa31ee e-con-full e-flex e-con e-child\" data-id=\"efa31ee\" data-element_type=\"container\" data-e-type=\"container\">\n\t\t<div class=\"elementor-element elementor-element-dff0843 e-con-full e-flex e-con e-child\" data-id=\"dff0843\" data-element_type=\"container\" data-e-type=\"container\">\n\t\t\t\t<div class=\"elementor-element elementor-element-772b917 elementor-widget elementor-widget-heading\" data-id=\"772b917\" data-element_type=\"widget\" data-e-type=\"widget\" data-widget_type=\"heading.default\">\n\t\t\t\t<div class=\"elementor-widget-container\">\n\t\t\t\t\t<h2 class=\"elementor-heading-title elementor-size-default\"><table><tbody><tr><th>CARACTER\u00cdSTICAS<br>F\u00cdSICAS<\/th><td><p>\u00c1rea Nominal (M^L) <b>1<\/b> <br>Peso seco (kg) <b>400 kg<\/b><br>Resistencia <b>0.066 Kg\/Cm2<\/b><\/p><\/td><\/tr><\/tbody><\/table><br><table><tbody><tr><th><br>DIMENSIONES<\/th><td><p><b>Largo:<\/b> 100 cm<br><b>Ancho:<\/b> 60 cm<br><b>Alto: <\/b>63 cm<\/p><\/td><\/tr><\/tbody><\/table><br><table><tbody><tr><th>COLOR<\/th><td><p>Gris Natural<\/p><\/td><\/tr><\/tbody><\/table><br><table><tbody><tr><th>RESISTENCIA<\/th><td><p>3000 PSI Resistencia<\/p><\/td><\/tr><\/tbody><\/table><br><table><tbody><tr><th>NORMA<\/th><td><p>4109 NTC<\/p><\/td><\/tr><\/tbody><\/table><\/h2>\t\t\t\t<\/div>\n\t\t\t\t<\/div>\n\t\t\t\t<\/div>\n\t\t\t\t<\/div>\n\t\t\t\t<\/div>\n\t\t\t\t<\/div>\n\t\t<div class=\"elementor-element elementor-element-7c7af76 e-flex e-con-boxed e-con e-parent\" data-id=\"7c7af76\" data-element_type=\"container\" data-e-type=\"container\">\n\t\t\t\t\t<div class=\"e-con-inner\">\n\t\t<div class=\"elementor-element elementor-element-8ed3f07 e-con-full e-flex e-con e-child\" data-id=\"8ed3f07\" data-element_type=\"container\" data-e-type=\"container\">\n\t\t<div class=\"elementor-element elementor-element-1a6fa8d e-con-full e-flex e-con e-child\" data-id=\"1a6fa8d\" data-element_type=\"container\" data-e-type=\"container\">\n\t\t\t\t<div class=\"elementor-element elementor-element-5ee5a6a elementor-button-success elementor-align-center elementor-widget elementor-widget-button\" data-id=\"5ee5a6a\" data-element_type=\"widget\" data-e-type=\"widget\" data-widget_type=\"button.default\">\n\t\t\t\t<div class=\"elementor-widget-container\">\n\t\t\t\t\t\t\t\t\t<div class=\"elementor-button-wrapper\">\n\t\t\t\t\t<a class=\"elementor-button elementor-button-link elementor-size-sm elementor-animation-push\" href=\"#\">\n\t\t\t\t\t\t<span class=\"elementor-button-content-wrapper\">\n\t\t\t\t\t\t\t\t\t<span class=\"elementor-button-text\">COTIZACION<\/span>\n\t\t\t\t\t<\/span>\n\t\t\t\t\t<\/a>\n\t\t\t\t<\/div>\n\t\t\t\t\t\t\t\t<\/div>\n\t\t\t\t<\/div>\n\t\t\t\t<\/div>\n\t\t\t\t<\/div>\n\t\t\t\t\t<\/div>\n\t\t\t\t<\/div>\n\t\t<div class=\"elementor-element elementor-element-9a4dcfe e-flex e-con-boxed e-con e-parent\" data-id=\"9a4dcfe\" data-element_type=\"container\" data-e-type=\"container\">\n\t\t\t\t\t<div class=\"e-con-inner\">\n\t\t<div class=\"elementor-element elementor-element-7707912 e-con-full e-flex e-con e-child\" data-id=\"7707912\" data-element_type=\"container\" data-e-type=\"container\" data-settings=\"{&quot;background_background&quot;:&quot;classic&quot;}\">\n\t\t\t\t<div class=\"elementor-element elementor-element-a9f68f5 elementor-arrows-position-outside elementor-pagination-position-inside elementor-widget elementor-widget-image-carousel\" data-id=\"a9f68f5\" data-element_type=\"widget\" data-e-type=\"widget\" data-settings=\"{&quot;slides_to_show&quot;:&quot;3&quot;,&quot;image_spacing_custom&quot;:{&quot;unit&quot;:&quot;px&quot;,&quot;size&quot;:0,&quot;sizes&quot;:[]},&quot;autoplay_speed&quot;:50,&quot;speed&quot;:2000,&quot;lazyload&quot;:&quot;yes&quot;,&quot;navigation&quot;:&quot;both&quot;,&quot;autoplay&quot;:&quot;yes&quot;,&quot;pause_on_hover&quot;:&quot;yes&quot;,&quot;pause_on_interaction&quot;:&quot;yes&quot;,&quot;infinite&quot;:&quot;yes&quot;,&quot;image_spacing_custom_tablet&quot;:{&quot;unit&quot;:&quot;px&quot;,&quot;size&quot;:&quot;&quot;,&quot;sizes&quot;:[]},&quot;image_spacing_custom_mobile&quot;:{&quot;unit&quot;:&quot;px&quot;,&quot;size&quot;:&quot;&quot;,&quot;sizes&quot;:[]}}\" data-widget_type=\"image-carousel.default\">\n\t\t\t\t<div class=\"elementor-widget-container\">\n\t\t\t\t\t\t\t<div class=\"elementor-image-carousel-wrapper swiper\" role=\"region\" aria-roledescription=\"carousel\" aria-label=\"Carrusel de im\u00e1genes\" dir=\"ltr\">\n\t\t\t<div class=\"elementor-image-carousel swiper-wrapper\" aria-live=\"off\">\n\t\t\t\t\t\t\t\t<div class=\"swiper-slide\" role=\"group\" aria-roledescription=\"slide\" aria-label=\"1 de 14\"><a data-elementor-open-lightbox=\"yes\" data-elementor-lightbox-slideshow=\"a9f68f5\" data-elementor-lightbox-title=\"C\u00e1rcamo C25\" data-e-action-hash=\"#elementor-action%3Aaction%3Dlightbox%26settings%3DeyJpZCI6Mjk0NSwidXJsIjoiaHR0cHM6XC9cL3d3dy5wcmVmYWJyaWNhZG9zY29sb21iaWEuY29tXC93cC1jb250ZW50XC91cGxvYWRzXC8yMDI1XC8wNVwvMzE2MjUxMTAwMi1yZW1vdmViZy1wcmV2aWV3LndlYnAiLCJzbGlkZXNob3ciOiJhOWY2OGY1In0%3D\" href=\"https:\/\/www.prefabricadoscolombia.com\/wp-content\/uploads\/2025\/05\/3162511002-removebg-preview.webp\"><figure class=\"swiper-slide-inner\"><img decoding=\"async\" src=\"https:\/\/www.prefabricadoscolombia.com\/wp-content\/uploads\/2025\/05\/3162511002-removebg-preview-150x150.webp\" alt=\"C\u00e1rcamo C25\" class=\"swiper-slide-image swiper-lazy\" width=\"150\" height=\"150\" \/><div class=\"swiper-lazy-preloader\"><\/div><\/figure><\/a><\/div><div class=\"swiper-slide\" role=\"group\" aria-roledescription=\"slide\" aria-label=\"2 de 14\"><a data-elementor-open-lightbox=\"yes\" data-elementor-lightbox-slideshow=\"a9f68f5\" data-elementor-lightbox-title=\"C\u00e1rcamo C25\" data-e-action-hash=\"#elementor-action%3Aaction%3Dlightbox%26settings%3DeyJpZCI6Mjk0NiwidXJsIjoiaHR0cHM6XC9cL3d3dy5wcmVmYWJyaWNhZG9zY29sb21iaWEuY29tXC93cC1jb250ZW50XC91cGxvYWRzXC8yMDI1XC8wNVwvQ2FyY2Ftby1DMjUtMjVfNDBfMTAwLWUxNzQ2MjI0ODkwMzU5LndlYnAiLCJzbGlkZXNob3ciOiJhOWY2OGY1In0%3D\" href=\"https:\/\/www.prefabricadoscolombia.com\/wp-content\/uploads\/2025\/05\/Carcamo-C25-25_40_100-e1746224890359.webp\"><figure class=\"swiper-slide-inner\"><img loading=\"lazy\" decoding=\"async\" src=\"https:\/\/www.prefabricadoscolombia.com\/wp-content\/uploads\/2025\/05\/Carcamo-C25-25_40_100-e1746224890359-150x150.webp\" alt=\"C\u00e1rcamo C25\" class=\"swiper-slide-image swiper-lazy\" width=\"150\" height=\"150\" \/><div class=\"swiper-lazy-preloader\"><\/div><\/figure><\/a><\/div><div class=\"swiper-slide\" role=\"group\" aria-roledescription=\"slide\" aria-label=\"3 de 14\"><a data-elementor-open-lightbox=\"yes\" data-elementor-lightbox-slideshow=\"a9f68f5\" data-elementor-lightbox-title=\"C\u00e1rcamo C25\" data-e-action-hash=\"#elementor-action%3Aaction%3Dlightbox%26settings%3DeyJpZCI6Mjk0NywidXJsIjoiaHR0cHM6XC9cL3d3dy5wcmVmYWJyaWNhZG9zY29sb21iaWEuY29tXC93cC1jb250ZW50XC91cGxvYWRzXC8yMDI1XC8wNVwvQ2FyY2Ftby1DMjUtMjVfNDBfMTAwLTEud2VicCIsInNsaWRlc2hvdyI6ImE5ZjY4ZjUifQ%3D%3D\" href=\"https:\/\/www.prefabricadoscolombia.com\/wp-content\/uploads\/2025\/05\/Carcamo-C25-25_40_100-1.webp\"><figure class=\"swiper-slide-inner\"><img loading=\"lazy\" decoding=\"async\" src=\"https:\/\/www.prefabricadoscolombia.com\/wp-content\/uploads\/2025\/05\/Carcamo-C25-25_40_100-1-150x150.webp\" alt=\"C\u00e1rcamo C25\" class=\"swiper-slide-image swiper-lazy\" width=\"150\" height=\"150\" \/><div class=\"swiper-lazy-preloader\"><\/div><\/figure><\/a><\/div><div class=\"swiper-slide\" role=\"group\" aria-roledescription=\"slide\" aria-label=\"4 de 14\"><a data-elementor-open-lightbox=\"yes\" data-elementor-lightbox-slideshow=\"a9f68f5\" data-elementor-lightbox-title=\"C\u00e1rcamo C35\" data-e-action-hash=\"#elementor-action%3Aaction%3Dlightbox%26settings%3DeyJpZCI6Mjk0OSwidXJsIjoiaHR0cHM6XC9cL3d3dy5wcmVmYWJyaWNhZG9zY29sb21iaWEuY29tXC93cC1jb250ZW50XC91cGxvYWRzXC8yMDI1XC8wNVwvQ2FyY2Ftby1DMzUtMzVfNDBfMTAwLndlYnAiLCJzbGlkZXNob3ciOiJhOWY2OGY1In0%3D\" href=\"https:\/\/www.prefabricadoscolombia.com\/wp-content\/uploads\/2025\/05\/Carcamo-C35-35_40_100.webp\"><figure class=\"swiper-slide-inner\"><img loading=\"lazy\" decoding=\"async\" src=\"https:\/\/www.prefabricadoscolombia.com\/wp-content\/uploads\/2025\/05\/Carcamo-C35-35_40_100-150x150.webp\" alt=\"C\u00e1rcamo C35\" class=\"swiper-slide-image swiper-lazy\" width=\"150\" height=\"150\" \/><div class=\"swiper-lazy-preloader\"><\/div><\/figure><\/a><\/div><div class=\"swiper-slide\" role=\"group\" aria-roledescription=\"slide\" aria-label=\"5 de 14\"><a data-elementor-open-lightbox=\"yes\" data-elementor-lightbox-slideshow=\"a9f68f5\" data-elementor-lightbox-title=\"C\u00e1rcamo C35\" data-e-action-hash=\"#elementor-action%3Aaction%3Dlightbox%26settings%3DeyJpZCI6Mjk1MCwidXJsIjoiaHR0cHM6XC9cL3d3dy5wcmVmYWJyaWNhZG9zY29sb21iaWEuY29tXC93cC1jb250ZW50XC91cGxvYWRzXC8yMDI1XC8wNVwvQ2FyY2Ftby1DMzUtMzUtNDAtMTAwLndlYnAiLCJzbGlkZXNob3ciOiJhOWY2OGY1In0%3D\" href=\"https:\/\/www.prefabricadoscolombia.com\/wp-content\/uploads\/2025\/05\/Carcamo-C35-35-40-100.webp\"><figure class=\"swiper-slide-inner\"><img loading=\"lazy\" decoding=\"async\" src=\"https:\/\/www.prefabricadoscolombia.com\/wp-content\/uploads\/2025\/05\/Carcamo-C35-35-40-100-150x150.webp\" alt=\"C\u00e1rcamo C35\" class=\"swiper-slide-image swiper-lazy\" width=\"150\" height=\"150\" \/><div class=\"swiper-lazy-preloader\"><\/div><\/figure><\/a><\/div><div class=\"swiper-slide\" role=\"group\" aria-roledescription=\"slide\" aria-label=\"6 de 14\"><a data-elementor-open-lightbox=\"yes\" data-elementor-lightbox-slideshow=\"a9f68f5\" data-elementor-lightbox-title=\"C\u00e1rcamo C35\" data-e-action-hash=\"#elementor-action%3Aaction%3Dlightbox%26settings%3DeyJpZCI6Mjk1MiwidXJsIjoiaHR0cHM6XC9cL3d3dy5wcmVmYWJyaWNhZG9zY29sb21iaWEuY29tXC93cC1jb250ZW50XC91cGxvYWRzXC8yMDI1XC8wNVwvQ2FyY2Ftby1DMzUtMzUtNDAtMTAwLTEud2VicCIsInNsaWRlc2hvdyI6ImE5ZjY4ZjUifQ%3D%3D\" href=\"https:\/\/www.prefabricadoscolombia.com\/wp-content\/uploads\/2025\/05\/Carcamo-C35-35-40-100-1.webp\"><figure class=\"swiper-slide-inner\"><img loading=\"lazy\" decoding=\"async\" src=\"https:\/\/www.prefabricadoscolombia.com\/wp-content\/uploads\/2025\/05\/Carcamo-C35-35-40-100-1-150x150.webp\" alt=\"C\u00e1rcamo C35\" class=\"swiper-slide-image swiper-lazy\" width=\"150\" height=\"150\" \/><div class=\"swiper-lazy-preloader\"><\/div><\/figure><\/a><\/div><div class=\"swiper-slide\" role=\"group\" aria-roledescription=\"slide\" aria-label=\"7 de 14\"><a data-elementor-open-lightbox=\"yes\" data-elementor-lightbox-slideshow=\"a9f68f5\" data-elementor-lightbox-title=\"C\u00e1rcamo C45\" data-e-action-hash=\"#elementor-action%3Aaction%3Dlightbox%26settings%3DeyJpZCI6Mjk1MywidXJsIjoiaHR0cHM6XC9cL3d3dy5wcmVmYWJyaWNhZG9zY29sb21iaWEuY29tXC93cC1jb250ZW50XC91cGxvYWRzXC8yMDI1XC8wNVwvQ2FyY2Ftby1DNDUtNDVfNDBfMTAwLndlYnAiLCJzbGlkZXNob3ciOiJhOWY2OGY1In0%3D\" href=\"https:\/\/www.prefabricadoscolombia.com\/wp-content\/uploads\/2025\/05\/Carcamo-C45-45_40_100.webp\"><figure class=\"swiper-slide-inner\"><img loading=\"lazy\" decoding=\"async\" src=\"https:\/\/www.prefabricadoscolombia.com\/wp-content\/uploads\/2025\/05\/Carcamo-C45-45_40_100-150x150.webp\" alt=\"C\u00e1rcamo C45\" class=\"swiper-slide-image swiper-lazy\" width=\"150\" height=\"150\" \/><div class=\"swiper-lazy-preloader\"><\/div><\/figure><\/a><\/div><div class=\"swiper-slide\" role=\"group\" aria-roledescription=\"slide\" aria-label=\"8 de 14\"><a data-elementor-open-lightbox=\"yes\" data-elementor-lightbox-slideshow=\"a9f68f5\" data-elementor-lightbox-title=\"C\u00e1rcamo C45\" data-e-action-hash=\"#elementor-action%3Aaction%3Dlightbox%26settings%3DeyJpZCI6Mjk1NCwidXJsIjoiaHR0cHM6XC9cL3d3dy5wcmVmYWJyaWNhZG9zY29sb21iaWEuY29tXC93cC1jb250ZW50XC91cGxvYWRzXC8yMDI1XC8wNVwvQ2FyY2Ftby1DNDUtNDUtNDAtMTAwLndlYnAiLCJzbGlkZXNob3ciOiJhOWY2OGY1In0%3D\" href=\"https:\/\/www.prefabricadoscolombia.com\/wp-content\/uploads\/2025\/05\/Carcamo-C45-45-40-100.webp\"><figure class=\"swiper-slide-inner\"><img loading=\"lazy\" decoding=\"async\" src=\"https:\/\/www.prefabricadoscolombia.com\/wp-content\/uploads\/2025\/05\/Carcamo-C45-45-40-100-150x150.webp\" alt=\"C\u00e1rcamo C45\" class=\"swiper-slide-image swiper-lazy\" width=\"150\" height=\"150\" \/><div class=\"swiper-lazy-preloader\"><\/div><\/figure><\/a><\/div><div class=\"swiper-slide\" role=\"group\" aria-roledescription=\"slide\" aria-label=\"9 de 14\"><a data-elementor-open-lightbox=\"yes\" data-elementor-lightbox-slideshow=\"a9f68f5\" data-elementor-lightbox-title=\"C\u00e1rcamo C63\" data-e-action-hash=\"#elementor-action%3Aaction%3Dlightbox%26settings%3DeyJpZCI6Mjk1NSwidXJsIjoiaHR0cHM6XC9cL3d3dy5wcmVmYWJyaWNhZG9zY29sb21iaWEuY29tXC93cC1jb250ZW50XC91cGxvYWRzXC8yMDI1XC8wNVwvQ2FyY2Ftby1DNjMtMTAwLTYzLTYwLndlYnAiLCJzbGlkZXNob3ciOiJhOWY2OGY1In0%3D\" href=\"https:\/\/www.prefabricadoscolombia.com\/wp-content\/uploads\/2025\/05\/Carcamo-C63-100-63-60.webp\"><figure class=\"swiper-slide-inner\"><img loading=\"lazy\" decoding=\"async\" src=\"https:\/\/www.prefabricadoscolombia.com\/wp-content\/uploads\/2025\/05\/Carcamo-C63-100-63-60-150x150.webp\" alt=\"C\u00e1rcamo C63\" class=\"swiper-slide-image swiper-lazy\" width=\"150\" height=\"150\" \/><div class=\"swiper-lazy-preloader\"><\/div><\/figure><\/a><\/div><div class=\"swiper-slide\" role=\"group\" aria-roledescription=\"slide\" aria-label=\"10 de 14\"><a data-elementor-open-lightbox=\"yes\" data-elementor-lightbox-slideshow=\"a9f68f5\" data-elementor-lightbox-title=\"C\u00e1rcamo C63\" data-e-action-hash=\"#elementor-action%3Aaction%3Dlightbox%26settings%3DeyJpZCI6Mjk1NiwidXJsIjoiaHR0cHM6XC9cL3d3dy5wcmVmYWJyaWNhZG9zY29sb21iaWEuY29tXC93cC1jb250ZW50XC91cGxvYWRzXC8yMDI1XC8wNVwvQ2FyY2Ftby1DNjMtXzEwMC02My02MC1lMTc0NjIyMzE0NzQ0NC53ZWJwIiwic2xpZGVzaG93IjoiYTlmNjhmNSJ9\" href=\"https:\/\/www.prefabricadoscolombia.com\/wp-content\/uploads\/2025\/05\/Carcamo-C63-_100-63-60-e1746223147444.webp\"><figure class=\"swiper-slide-inner\"><img loading=\"lazy\" decoding=\"async\" src=\"https:\/\/www.prefabricadoscolombia.com\/wp-content\/uploads\/2025\/05\/Carcamo-C63-_100-63-60-e1746223147444-150x150.webp\" alt=\"C\u00e1rcamo C63\" class=\"swiper-slide-image swiper-lazy\" width=\"150\" height=\"150\" \/><div class=\"swiper-lazy-preloader\"><\/div><\/figure><\/a><\/div><div class=\"swiper-slide\" role=\"group\" aria-roledescription=\"slide\" aria-label=\"11 de 14\"><a data-elementor-open-lightbox=\"yes\" data-elementor-lightbox-slideshow=\"a9f68f5\" data-elementor-lightbox-title=\"C\u00e1rcamo C75\" data-e-action-hash=\"#elementor-action%3Aaction%3Dlightbox%26settings%3DeyJpZCI6Mjk1NywidXJsIjoiaHR0cHM6XC9cL3d3dy5wcmVmYWJyaWNhZG9zY29sb21iaWEuY29tXC93cC1jb250ZW50XC91cGxvYWRzXC8yMDI1XC8wNVwvQ2FyY2Ftby1DNzUtMTAwLTc1LTcwLndlYnAiLCJzbGlkZXNob3ciOiJhOWY2OGY1In0%3D\" href=\"https:\/\/www.prefabricadoscolombia.com\/wp-content\/uploads\/2025\/05\/Carcamo-C75-100-75-70.webp\"><figure class=\"swiper-slide-inner\"><img loading=\"lazy\" decoding=\"async\" src=\"https:\/\/www.prefabricadoscolombia.com\/wp-content\/uploads\/2025\/05\/Carcamo-C75-100-75-70-150x150.webp\" alt=\"C\u00e1rcamo C75\" class=\"swiper-slide-image swiper-lazy\" width=\"150\" height=\"150\" \/><div class=\"swiper-lazy-preloader\"><\/div><\/figure><\/a><\/div><div class=\"swiper-slide\" role=\"group\" aria-roledescription=\"slide\" aria-label=\"12 de 14\"><a data-elementor-open-lightbox=\"yes\" data-elementor-lightbox-slideshow=\"a9f68f5\" data-e-action-hash=\"#elementor-action%3Aaction%3Dlightbox%26settings%3DeyJpZCI6Mjk1OCwidXJsIjoiaHR0cHM6XC9cL3d3dy5wcmVmYWJyaWNhZG9zY29sb21iaWEuY29tXC93cC1jb250ZW50XC91cGxvYWRzXC8yMDI1XC8wNVwvQ2FyY2Ftby1DNzUtMTAwLTc1LTcwLTEud2VicCIsInNsaWRlc2hvdyI6ImE5ZjY4ZjUifQ%3D%3D\" href=\"https:\/\/www.prefabricadoscolombia.com\/wp-content\/uploads\/2025\/05\/Carcamo-C75-100-75-70-1.webp\"><figure class=\"swiper-slide-inner\"><img loading=\"lazy\" decoding=\"async\" src=\"https:\/\/www.prefabricadoscolombia.com\/wp-content\/uploads\/2025\/05\/Carcamo-C75-100-75-70-1-150x150.webp\" alt=\"C\u00e1rcamo C75 100-75-70\" class=\"swiper-slide-image swiper-lazy\" width=\"150\" height=\"150\" \/><div class=\"swiper-lazy-preloader\"><\/div><\/figure><\/a><\/div><div class=\"swiper-slide\" role=\"group\" aria-roledescription=\"slide\" aria-label=\"13 de 14\"><a data-elementor-open-lightbox=\"yes\" data-elementor-lightbox-slideshow=\"a9f68f5\" data-e-action-hash=\"#elementor-action%3Aaction%3Dlightbox%26settings%3DeyJpZCI6Mjk1OSwidXJsIjoiaHR0cHM6XC9cL3d3dy5wcmVmYWJyaWNhZG9zY29sb21iaWEuY29tXC93cC1jb250ZW50XC91cGxvYWRzXC8yMDI1XC8wNVwvSU1HXzIwMjExMjExXzEwMDE0My1yZW1vdmViZy1wcmV2aWV3LndlYnAiLCJzbGlkZXNob3ciOiJhOWY2OGY1In0%3D\" href=\"https:\/\/www.prefabricadoscolombia.com\/wp-content\/uploads\/2025\/05\/IMG_20211211_100143-removebg-preview.webp\"><figure class=\"swiper-slide-inner\"><img loading=\"lazy\" decoding=\"async\" src=\"https:\/\/www.prefabricadoscolombia.com\/wp-content\/uploads\/2025\/05\/IMG_20211211_100143-removebg-preview-150x150.webp\" alt=\"C\u00e1rcamo en Concreto\" class=\"swiper-slide-image swiper-lazy\" width=\"150\" height=\"150\" \/><div class=\"swiper-lazy-preloader\"><\/div><\/figure><\/a><\/div><div class=\"swiper-slide\" role=\"group\" aria-roledescription=\"slide\" aria-label=\"14 de 14\"><a data-elementor-open-lightbox=\"yes\" data-elementor-lightbox-slideshow=\"a9f68f5\" data-e-action-hash=\"#elementor-action%3Aaction%3Dlightbox%26settings%3DeyJpZCI6Mjk2MCwidXJsIjoiaHR0cHM6XC9cL3d3dy5wcmVmYWJyaWNhZG9zY29sb21iaWEuY29tXC93cC1jb250ZW50XC91cGxvYWRzXC8yMDI1XC8wNVwvSU1HXzIwMjExMjExXzEwMDE1My1yZW1vdmViZy1wcmV2aWV3LndlYnAiLCJzbGlkZXNob3ciOiJhOWY2OGY1In0%3D\" href=\"https:\/\/www.prefabricadoscolombia.com\/wp-content\/uploads\/2025\/05\/IMG_20211211_100153-removebg-preview.webp\"><figure class=\"swiper-slide-inner\"><img loading=\"lazy\" decoding=\"async\" src=\"https:\/\/www.prefabricadoscolombia.com\/wp-content\/uploads\/2025\/05\/IMG_20211211_100153-removebg-preview-150x150.webp\" alt=\"C\u00e1rcamo en Concreto\" class=\"swiper-slide-image swiper-lazy\" width=\"150\" height=\"150\" \/><div class=\"swiper-lazy-preloader\"><\/div><\/figure><\/a><\/div>\t\t\t<\/div>\n\t\t\t\t\t\t\t\t\t\t\t\t<div class=\"elementor-swiper-button elementor-swiper-button-prev\" role=\"button\" tabindex=\"0\">\n\t\t\t\t\t\t<i aria-hidden=\"true\" class=\"eicon-chevron-left\"><\/i>\t\t\t\t\t<\/div>\n\t\t\t\t\t<div class=\"elementor-swiper-button elementor-swiper-button-next\" role=\"button\" tabindex=\"0\">\n\t\t\t\t\t\t<i aria-hidden=\"true\" class=\"eicon-chevron-right\"><\/i>\t\t\t\t\t<\/div>\n\t\t\t\t\n\t\t\t\t\t\t\t\t\t<div class=\"swiper-pagination\"><\/div>\n\t\t\t\t\t\t\t\t\t<\/div>\n\t\t\t\t\t\t<\/div>\n\t\t\t\t<\/div>\n\t\t\t\t<\/div>\n\t\t\t\t\t<\/div>\n\t\t\t\t<\/div>\n\t\t\t\t<\/div>\n\t\t","protected":false},"excerpt":{"rendered":"<p>DESCRIPCI\u00d3N DEL PRODUCTO Pieza aligerada Prefabricada en concreto de 4Mpa INFORMACI\u00d3N DE CARACTER\u00cdSTICAS CARACTER\u00cdSTICASF\u00cdSICAS \u00c1rea Nominal (M^L) 1 Peso seco (kg) 400 kgResistencia 0.066 Kg\/Cm2 DIMENSIONES Largo: 100 cmAncho: 60 cmAlto: 63 cm COLOR Gris Natural RESISTENCIA 3000 PSI Resistencia NORMA 4109 NTC COTIZACION<\/p>\n","protected":false},"author":1,"featured_media":0,"parent":0,"menu_order":0,"comment_status":"closed","ping_status":"closed","template":"","meta":{"footnotes":""},"class_list":["post-2964","page","type-page","status-publish","hentry"],"_links":{"self":[{"href":"https:\/\/www.prefabricadoscolombia.com\/index.php?rest_route=\/wp\/v2\/pages\/2964","targetHints":{"allow":["GET"]}}],"collection":[{"href":"https:\/\/www.prefabricadoscolombia.com\/index.php?rest_route=\/wp\/v2\/pages"}],"about":[{"href":"https:\/\/www.prefabricadoscolombia.com\/index.php?rest_route=\/wp\/v2\/types\/page"}],"author":[{"embeddable":true,"href":"https:\/\/www.prefabricadoscolombia.com\/index.php?rest_route=\/wp\/v2\/users\/1"}],"replies":[{"embeddable":true,"href":"https:\/\/www.prefabricadoscolombia.com\/index.php?rest_route=%2Fwp%2Fv2%2Fcomments&post=2964"}],"version-history":[{"count":53,"href":"https:\/\/www.prefabricadoscolombia.com\/index.php?rest_route=\/wp\/v2\/pages\/2964\/revisions"}],"predecessor-version":[{"id":3795,"href":"https:\/\/www.prefabricadoscolombia.com\/index.php?rest_route=\/wp\/v2\/pages\/2964\/revisions\/3795"}],"wp:attachment":[{"href":"https:\/\/www.prefabricadoscolombia.com\/index.php?rest_route=%2Fwp%2Fv2%2Fmedia&parent=2964"}],"curies":[{"name":"wp","href":"https:\/\/api.w.org\/{rel}","templated":true}]}}