{"id":3144,"date":"2025-05-05T23:16:42","date_gmt":"2025-05-05T23:16:42","guid":{"rendered":"https:\/\/www.prefabricadoscolombia.com\/?page_id=3144"},"modified":"2025-05-29T21:41:57","modified_gmt":"2025-05-29T21:41:57","slug":"matera-303090","status":"publish","type":"page","link":"https:\/\/www.prefabricadoscolombia.com\/?page_id=3144","title":{"rendered":"Matera 30*30*90"},"content":{"rendered":"\t\t<div data-elementor-type=\"wp-page\" data-elementor-id=\"3144\" class=\"elementor elementor-3144\">\n\t\t\t\t<div class=\"elementor-element elementor-element-9338f39 e-flex e-con-boxed e-con e-parent\" data-id=\"9338f39\" data-element_type=\"container\" data-e-type=\"container\">\n\t\t\t\t\t<div class=\"e-con-inner\">\n\t\t<div class=\"elementor-element elementor-element-1bfa75d e-con-full e-flex e-con e-child\" data-id=\"1bfa75d\" data-element_type=\"container\" data-e-type=\"container\">\n\t\t<div class=\"elementor-element elementor-element-833aec3 e-con-full e-flex e-con e-child\" data-id=\"833aec3\" data-element_type=\"container\" data-e-type=\"container\">\n\t\t<div class=\"elementor-element elementor-element-7f2e19f e-con-full e-grid e-con e-child\" data-id=\"7f2e19f\" data-element_type=\"container\" data-e-type=\"container\">\n\t\t\t\t<div class=\"elementor-element elementor-element-184c205 elementor-invisible elementor-widget elementor-widget-image\" data-id=\"184c205\" data-element_type=\"widget\" data-e-type=\"widget\" data-settings=\"{&quot;_animation&quot;:&quot;fadeInUp&quot;}\" data-widget_type=\"image.default\">\n\t\t\t\t<div class=\"elementor-widget-container\">\n\t\t\t\t\t\t\t\t\t\t\t\t\t\t\t\t<a href=\"https:\/\/www.prefabricadoscolombia.com\/?page_id=483\">\n\t\t\t\t\t\t\t<img fetchpriority=\"high\" decoding=\"async\" width=\"225\" height=\"300\" src=\"https:\/\/www.prefabricadoscolombia.com\/wp-content\/uploads\/2025\/05\/Matera_30_30-90-225x300.webp\" class=\"attachment-medium size-medium wp-image-3123\" alt=\"\" srcset=\"https:\/\/www.prefabricadoscolombia.com\/wp-content\/uploads\/2025\/05\/Matera_30_30-90-225x300.webp 225w, https:\/\/www.prefabricadoscolombia.com\/wp-content\/uploads\/2025\/05\/Matera_30_30-90.webp 433w\" sizes=\"(max-width: 225px) 100vw, 225px\" \/>\t\t\t\t\t\t\t\t<\/a>\n\t\t\t\t\t\t\t\t\t\t\t\t\t\t\t<\/div>\n\t\t\t\t<\/div>\n\t\t\t\t<div class=\"elementor-element elementor-element-d3f20a8 elementor-invisible elementor-widget elementor-widget-image\" data-id=\"d3f20a8\" data-element_type=\"widget\" data-e-type=\"widget\" data-settings=\"{&quot;_animation&quot;:&quot;fadeInDown&quot;}\" data-widget_type=\"image.default\">\n\t\t\t\t<div class=\"elementor-widget-container\">\n\t\t\t\t\t\t\t\t\t\t\t\t<figure class=\"wp-caption\">\n\t\t\t\t\t\t\t\t\t\t\t<a href=\"https:\/\/www.prefabricadoscolombia.com\/?page_id=483\">\n\t\t\t\t\t\t\t<img decoding=\"async\" width=\"300\" height=\"225\" src=\"https:\/\/www.prefabricadoscolombia.com\/wp-content\/uploads\/2025\/05\/Matera_30-30-90-1-300x225.webp\" class=\"attachment-medium size-medium wp-image-3149\" alt=\"\" srcset=\"https:\/\/www.prefabricadoscolombia.com\/wp-content\/uploads\/2025\/05\/Matera_30-30-90-1-300x225.webp 300w, https:\/\/www.prefabricadoscolombia.com\/wp-content\/uploads\/2025\/05\/Matera_30-30-90-1.webp 577w\" sizes=\"(max-width: 300px) 100vw, 300px\" \/>\t\t\t\t\t\t\t\t<\/a>\n\t\t\t\t\t\t\t\t\t\t\t<figcaption class=\"widget-image-caption wp-caption-text\"><\/figcaption>\n\t\t\t\t\t\t\t\t\t\t<\/figure>\n\t\t\t\t\t\t\t\t\t<\/div>\n\t\t\t\t<\/div>\n\t\t\t\t<\/div>\n\t\t<div class=\"elementor-element elementor-element-2f46cfe e-con-full e-flex e-con e-child\" data-id=\"2f46cfe\" data-element_type=\"container\" data-e-type=\"container\">\n\t\t<div class=\"elementor-element elementor-element-2edb81d e-con-full e-flex e-con e-child\" data-id=\"2edb81d\" data-element_type=\"container\" data-e-type=\"container\">\n\t\t\t\t<div class=\"elementor-element elementor-element-084176b elementor-widget elementor-widget-heading\" data-id=\"084176b\" data-element_type=\"widget\" data-e-type=\"widget\" data-widget_type=\"heading.default\">\n\t\t\t\t<div class=\"elementor-widget-container\">\n\t\t\t\t\t<h2 class=\"elementor-heading-title elementor-size-default\"><b>DESCRIPCI\u00d3N DEL  PRODUCTO<\/b><\/h2>\t\t\t\t<\/div>\n\t\t\t\t<\/div>\n\t\t\t\t<\/div>\n\t\t<div class=\"elementor-element elementor-element-e46dc91 e-con-full e-flex e-con e-child\" data-id=\"e46dc91\" data-element_type=\"container\" data-e-type=\"container\">\n\t\t\t\t<div class=\"elementor-element elementor-element-bbd9d82 elementor-widget elementor-widget-heading\" data-id=\"bbd9d82\" data-element_type=\"widget\" data-e-type=\"widget\" data-widget_type=\"heading.default\">\n\t\t\t\t<div class=\"elementor-widget-container\">\n\t\t\t\t\t<h2 class=\"elementor-heading-title elementor-size-default\"><div><div><div><div><span>Uso en espacios p\u00fablicos, zonas verdes, v\u00edas o interiores para plantar matas y dar vida al entorno en donde se va a instalar.<\/span><\/div><\/div><\/div><\/div>Producto de sobreponer. No requiere obras adicionales.<\/h2>\t\t\t\t<\/div>\n\t\t\t\t<\/div>\n\t\t\t\t<\/div>\n\t\t<div class=\"elementor-element elementor-element-60d3581 e-con-full e-flex e-con e-child\" data-id=\"60d3581\" data-element_type=\"container\" data-e-type=\"container\">\n\t\t\t\t<div class=\"elementor-element elementor-element-d46c547 elementor-widget elementor-widget-heading\" data-id=\"d46c547\" data-element_type=\"widget\" data-e-type=\"widget\" data-widget_type=\"heading.default\">\n\t\t\t\t<div class=\"elementor-widget-container\">\n\t\t\t\t\t<h2 class=\"elementor-heading-title elementor-size-default\"><b>INFORMACI\u00d3N DE CARACTER\u00cdSTICAS<\/b><\/h2>\t\t\t\t<\/div>\n\t\t\t\t<\/div>\n\t\t\t\t<\/div>\n\t\t<div class=\"elementor-element elementor-element-ba0dff5 e-con-full e-flex e-con e-child\" data-id=\"ba0dff5\" data-element_type=\"container\" data-e-type=\"container\">\n\t\t<div class=\"elementor-element elementor-element-2df09fe e-con-full e-flex e-con e-child\" data-id=\"2df09fe\" data-element_type=\"container\" data-e-type=\"container\">\n\t\t\t\t<div class=\"elementor-element elementor-element-e9ccaae elementor-widget elementor-widget-heading\" data-id=\"e9ccaae\" data-element_type=\"widget\" data-e-type=\"widget\" data-widget_type=\"heading.default\">\n\t\t\t\t<div class=\"elementor-widget-container\">\n\t\t\t\t\t<h2 class=\"elementor-heading-title elementor-size-default\"><table><tbody><tr><th>CARACTER\u00cdSTICAS<br>F\u00cdSICAS<\/th><td><p>\u00c1rea Nominal (M^L) <b>1.10<\/b> <br>Peso seco (kg) <b>102 kg<\/b><br>Resistencia <b>0.037 Kg\/Cm2<\/b><\/p><\/td><\/tr><\/tbody><\/table><br><table><tbody><tr><th><br>DIMENSIONES<br><\/th><td><p><b>Largo:<\/b> 90 cm<br><b>Ancho:<\/b> 30 cm<br><b>Alto: <\/b>30 cm<\/p><\/td><\/tr><\/tbody><\/table><br><table><tbody><tr><th>COLOR<\/th><td><p>Gris Natural<\/p><\/td><\/tr><\/tbody><\/table><br><table><tbody><tr><th>RESISTENCIA<\/th><td><p>3000 PSI Resistencia<\/p><\/td><\/tr><\/tbody><\/table><br><table><tbody><tr><th>NORMA<\/th><td><p>4109 NTC<\/p><\/td><\/tr><\/tbody><\/table><\/h2>\t\t\t\t<\/div>\n\t\t\t\t<\/div>\n\t\t\t\t<\/div>\n\t\t\t\t<\/div>\n\t\t\t\t<\/div>\n\t\t\t\t<\/div>\n\t\t\t\t<\/div>\n\t\t<div class=\"elementor-element elementor-element-b459a50 e-con-full e-flex e-con e-child\" data-id=\"b459a50\" data-element_type=\"container\" data-e-type=\"container\">\n\t\t\t\t<div class=\"elementor-element elementor-element-fbf3917 elementor-button-success elementor-align-center elementor-widget elementor-widget-button\" data-id=\"fbf3917\" data-element_type=\"widget\" data-e-type=\"widget\" data-widget_type=\"button.default\">\n\t\t\t\t<div class=\"elementor-widget-container\">\n\t\t\t\t\t\t\t\t\t<div class=\"elementor-button-wrapper\">\n\t\t\t\t\t<a class=\"elementor-button elementor-button-link elementor-size-sm elementor-animation-push\" href=\"#\">\n\t\t\t\t\t\t<span class=\"elementor-button-content-wrapper\">\n\t\t\t\t\t\t\t\t\t<span class=\"elementor-button-text\">COTIZACION<\/span>\n\t\t\t\t\t<\/span>\n\t\t\t\t\t<\/a>\n\t\t\t\t<\/div>\n\t\t\t\t\t\t\t\t<\/div>\n\t\t\t\t<\/div>\n\t\t<div class=\"elementor-element elementor-element-8f5512c e-con-full e-flex e-con e-child\" data-id=\"8f5512c\" data-element_type=\"container\" data-e-type=\"container\">\n\t\t<div class=\"elementor-element elementor-element-08fdc7b e-con-full e-flex e-con e-child\" data-id=\"08fdc7b\" data-element_type=\"container\" data-e-type=\"container\">\n\t\t<div class=\"elementor-element elementor-element-037a442 e-con-full e-flex e-con e-child\" data-id=\"037a442\" data-element_type=\"container\" data-e-type=\"container\" data-settings=\"{&quot;background_background&quot;:&quot;classic&quot;}\">\n\t\t\t\t<div class=\"elementor-element elementor-element-1900bfa elementor-arrows-position-outside elementor-pagination-position-inside elementor-widget elementor-widget-image-carousel\" data-id=\"1900bfa\" data-element_type=\"widget\" data-e-type=\"widget\" data-settings=\"{&quot;slides_to_show&quot;:&quot;3&quot;,&quot;image_spacing_custom&quot;:{&quot;unit&quot;:&quot;px&quot;,&quot;size&quot;:0,&quot;sizes&quot;:[]},&quot;autoplay_speed&quot;:50,&quot;speed&quot;:2000,&quot;lazyload&quot;:&quot;yes&quot;,&quot;navigation&quot;:&quot;both&quot;,&quot;autoplay&quot;:&quot;yes&quot;,&quot;pause_on_hover&quot;:&quot;yes&quot;,&quot;pause_on_interaction&quot;:&quot;yes&quot;,&quot;infinite&quot;:&quot;yes&quot;,&quot;image_spacing_custom_tablet&quot;:{&quot;unit&quot;:&quot;px&quot;,&quot;size&quot;:&quot;&quot;,&quot;sizes&quot;:[]},&quot;image_spacing_custom_mobile&quot;:{&quot;unit&quot;:&quot;px&quot;,&quot;size&quot;:&quot;&quot;,&quot;sizes&quot;:[]}}\" data-widget_type=\"image-carousel.default\">\n\t\t\t\t<div class=\"elementor-widget-container\">\n\t\t\t\t\t\t\t<div class=\"elementor-image-carousel-wrapper swiper\" role=\"region\" aria-roledescription=\"carousel\" aria-label=\"Carrusel de im\u00e1genes\" dir=\"ltr\">\n\t\t\t<div class=\"elementor-image-carousel swiper-wrapper\" aria-live=\"off\">\n\t\t\t\t\t\t\t\t<div class=\"swiper-slide\" role=\"group\" aria-roledescription=\"slide\" aria-label=\"1 de 12\"><a data-elementor-open-lightbox=\"yes\" data-elementor-lightbox-slideshow=\"1900bfa\" data-e-action-hash=\"#elementor-action%3Aaction%3Dlightbox%26settings%3DeyJpZCI6MzEyNCwidXJsIjoiaHR0cHM6XC9cL3d3dy5wcmVmYWJyaWNhZG9zY29sb21iaWEuY29tXC93cC1jb250ZW50XC91cGxvYWRzXC8yMDI1XC8wNVwvTWF0ZXJhXzMwXzMwXzkwLndlYnAiLCJzbGlkZXNob3ciOiIxOTAwYmZhIn0%3D\" href=\"https:\/\/www.prefabricadoscolombia.com\/wp-content\/uploads\/2025\/05\/Matera_30_30_90.webp\"><figure class=\"swiper-slide-inner\"><img decoding=\"async\" src=\"https:\/\/www.prefabricadoscolombia.com\/wp-content\/uploads\/2025\/05\/Matera_30_30_90-150x150.webp\" alt=\"Matera_30_30_90\" class=\"swiper-slide-image swiper-lazy\" width=\"150\" height=\"150\" \/><div class=\"swiper-lazy-preloader\"><\/div><\/figure><\/a><\/div><div class=\"swiper-slide\" role=\"group\" aria-roledescription=\"slide\" aria-label=\"2 de 12\"><a data-elementor-open-lightbox=\"yes\" data-elementor-lightbox-slideshow=\"1900bfa\" data-e-action-hash=\"#elementor-action%3Aaction%3Dlightbox%26settings%3DeyJpZCI6MzEyMywidXJsIjoiaHR0cHM6XC9cL3d3dy5wcmVmYWJyaWNhZG9zY29sb21iaWEuY29tXC93cC1jb250ZW50XC91cGxvYWRzXC8yMDI1XC8wNVwvTWF0ZXJhXzMwXzMwLTkwLndlYnAiLCJzbGlkZXNob3ciOiIxOTAwYmZhIn0%3D\" href=\"https:\/\/www.prefabricadoscolombia.com\/wp-content\/uploads\/2025\/05\/Matera_30_30-90.webp\"><figure class=\"swiper-slide-inner\"><img loading=\"lazy\" decoding=\"async\" src=\"https:\/\/www.prefabricadoscolombia.com\/wp-content\/uploads\/2025\/05\/Matera_30_30-90-150x150.webp\" alt=\"Matera_30_30 90\" class=\"swiper-slide-image swiper-lazy\" width=\"150\" height=\"150\" \/><div class=\"swiper-lazy-preloader\"><\/div><\/figure><\/a><\/div><div class=\"swiper-slide\" role=\"group\" aria-roledescription=\"slide\" aria-label=\"3 de 12\"><a data-elementor-open-lightbox=\"yes\" data-elementor-lightbox-slideshow=\"1900bfa\" data-e-action-hash=\"#elementor-action%3Aaction%3Dlightbox%26settings%3DeyJpZCI6MzEyMiwidXJsIjoiaHR0cHM6XC9cL3d3dy5wcmVmYWJyaWNhZG9zY29sb21iaWEuY29tXC93cC1jb250ZW50XC91cGxvYWRzXC8yMDI1XC8wNVwvTWF0ZXJhXzMwLTMwLTkwLndlYnAiLCJzbGlkZXNob3ciOiIxOTAwYmZhIn0%3D\" href=\"https:\/\/www.prefabricadoscolombia.com\/wp-content\/uploads\/2025\/05\/Matera_30-30-90.webp\"><figure class=\"swiper-slide-inner\"><img loading=\"lazy\" decoding=\"async\" src=\"https:\/\/www.prefabricadoscolombia.com\/wp-content\/uploads\/2025\/05\/Matera_30-30-90-150x150.webp\" alt=\"Matera_30 30 90\" class=\"swiper-slide-image swiper-lazy\" width=\"150\" height=\"150\" \/><div class=\"swiper-lazy-preloader\"><\/div><\/figure><\/a><\/div><div class=\"swiper-slide\" role=\"group\" aria-roledescription=\"slide\" aria-label=\"4 de 12\"><a data-elementor-open-lightbox=\"yes\" data-elementor-lightbox-slideshow=\"1900bfa\" data-e-action-hash=\"#elementor-action%3Aaction%3Dlightbox%26settings%3DeyJpZCI6MzEyMSwidXJsIjoiaHR0cHM6XC9cL3d3dy5wcmVmYWJyaWNhZG9zY29sb21iaWEuY29tXC93cC1jb250ZW50XC91cGxvYWRzXC8yMDI1XC8wNVwvTWF0ZXJhLTMwLTMwLTkwLndlYnAiLCJzbGlkZXNob3ciOiIxOTAwYmZhIn0%3D\" href=\"https:\/\/www.prefabricadoscolombia.com\/wp-content\/uploads\/2025\/05\/Matera-30-30-90.webp\"><figure class=\"swiper-slide-inner\"><img loading=\"lazy\" decoding=\"async\" src=\"https:\/\/www.prefabricadoscolombia.com\/wp-content\/uploads\/2025\/05\/Matera-30-30-90-150x150.webp\" alt=\"Matera 30 30 90\" class=\"swiper-slide-image swiper-lazy\" width=\"150\" height=\"150\" \/><div class=\"swiper-lazy-preloader\"><\/div><\/figure><\/a><\/div><div class=\"swiper-slide\" role=\"group\" aria-roledescription=\"slide\" aria-label=\"5 de 12\"><a data-elementor-open-lightbox=\"yes\" data-elementor-lightbox-slideshow=\"1900bfa\" data-e-action-hash=\"#elementor-action%3Aaction%3Dlightbox%26settings%3DeyJpZCI6MzExNiwidXJsIjoiaHR0cHM6XC9cL3d3dy5wcmVmYWJyaWNhZG9zY29sb21iaWEuY29tXC93cC1jb250ZW50XC91cGxvYWRzXC8yMDI1XC8wNVwvTWF0LTgwLTgwLTgwLUFybWFkdXJhLWUxNzQ2NDg1NjQ3NjUyLndlYnAiLCJzbGlkZXNob3ciOiIxOTAwYmZhIn0%3D\" href=\"https:\/\/www.prefabricadoscolombia.com\/wp-content\/uploads\/2025\/05\/Mat-80-80-80-Armadura-e1746485647652.webp\"><figure class=\"swiper-slide-inner\"><img loading=\"lazy\" decoding=\"async\" src=\"https:\/\/www.prefabricadoscolombia.com\/wp-content\/uploads\/2025\/05\/Mat-80-80-80-Armadura-e1746485647652-150x150.webp\" alt=\"Mat 80 80 80 Armadura\" class=\"swiper-slide-image swiper-lazy\" width=\"150\" height=\"150\" \/><div class=\"swiper-lazy-preloader\"><\/div><\/figure><\/a><\/div><div class=\"swiper-slide\" role=\"group\" aria-roledescription=\"slide\" aria-label=\"6 de 12\"><a data-elementor-open-lightbox=\"yes\" data-elementor-lightbox-slideshow=\"1900bfa\" data-e-action-hash=\"#elementor-action%3Aaction%3Dlightbox%26settings%3DeyJpZCI6MzExNywidXJsIjoiaHR0cHM6XC9cL3d3dy5wcmVmYWJyaWNhZG9zY29sb21iaWEuY29tXC93cC1jb250ZW50XC91cGxvYWRzXC8yMDI1XC8wNVwvTWF0LTgwLTgwLTgwLndlYnAiLCJzbGlkZXNob3ciOiIxOTAwYmZhIn0%3D\" href=\"https:\/\/www.prefabricadoscolombia.com\/wp-content\/uploads\/2025\/05\/Mat-80-80-80.webp\"><figure class=\"swiper-slide-inner\"><img loading=\"lazy\" decoding=\"async\" src=\"https:\/\/www.prefabricadoscolombia.com\/wp-content\/uploads\/2025\/05\/Mat-80-80-80-150x150.webp\" alt=\"Mat 80 80 80\" class=\"swiper-slide-image swiper-lazy\" width=\"150\" height=\"150\" \/><div class=\"swiper-lazy-preloader\"><\/div><\/figure><\/a><\/div><div class=\"swiper-slide\" role=\"group\" aria-roledescription=\"slide\" aria-label=\"7 de 12\"><a data-elementor-open-lightbox=\"yes\" data-elementor-lightbox-slideshow=\"1900bfa\" data-e-action-hash=\"#elementor-action%3Aaction%3Dlightbox%26settings%3DeyJpZCI6MzExOCwidXJsIjoiaHR0cHM6XC9cL3d3dy5wcmVmYWJyaWNhZG9zY29sb21iaWEuY29tXC93cC1jb250ZW50XC91cGxvYWRzXC8yMDI1XC8wNVwvTWF0LTgwXzgwLTgwLndlYnAiLCJzbGlkZXNob3ciOiIxOTAwYmZhIn0%3D\" href=\"https:\/\/www.prefabricadoscolombia.com\/wp-content\/uploads\/2025\/05\/Mat-80_80-80.webp\"><figure class=\"swiper-slide-inner\"><img loading=\"lazy\" decoding=\"async\" src=\"https:\/\/www.prefabricadoscolombia.com\/wp-content\/uploads\/2025\/05\/Mat-80_80-80-150x150.webp\" alt=\"Mat 80_80 80\" class=\"swiper-slide-image swiper-lazy\" width=\"150\" height=\"150\" \/><div class=\"swiper-lazy-preloader\"><\/div><\/figure><\/a><\/div><div class=\"swiper-slide\" role=\"group\" aria-roledescription=\"slide\" aria-label=\"8 de 12\"><a data-elementor-open-lightbox=\"yes\" data-elementor-lightbox-slideshow=\"1900bfa\" data-e-action-hash=\"#elementor-action%3Aaction%3Dlightbox%26settings%3DeyJpZCI6MzExOSwidXJsIjoiaHR0cHM6XC9cL3d3dy5wcmVmYWJyaWNhZG9zY29sb21iaWEuY29tXC93cC1jb250ZW50XC91cGxvYWRzXC8yMDI1XC8wNVwvTWF0XzgwLTgwLTgwLUFybWFkdXJhLWUxNzQ2NDg1NjA3ODU2LndlYnAiLCJzbGlkZXNob3ciOiIxOTAwYmZhIn0%3D\" href=\"https:\/\/www.prefabricadoscolombia.com\/wp-content\/uploads\/2025\/05\/Mat_80-80-80-Armadura-e1746485607856.webp\"><figure class=\"swiper-slide-inner\"><img loading=\"lazy\" decoding=\"async\" src=\"https:\/\/www.prefabricadoscolombia.com\/wp-content\/uploads\/2025\/05\/Mat_80-80-80-Armadura-e1746485607856-150x150.webp\" alt=\"Mat_80 80 80 Armadura\" class=\"swiper-slide-image swiper-lazy\" width=\"150\" height=\"150\" \/><div class=\"swiper-lazy-preloader\"><\/div><\/figure><\/a><\/div><div class=\"swiper-slide\" role=\"group\" aria-roledescription=\"slide\" aria-label=\"9 de 12\"><a data-elementor-open-lightbox=\"yes\" data-elementor-lightbox-slideshow=\"1900bfa\" data-e-action-hash=\"#elementor-action%3Aaction%3Dlightbox%26settings%3DeyJpZCI6MzEyMCwidXJsIjoiaHR0cHM6XC9cL3d3dy5wcmVmYWJyaWNhZG9zY29sb21iaWEuY29tXC93cC1jb250ZW50XC91cGxvYWRzXC8yMDI1XC8wNVwvTWF0XzgwLTgwLTgwLUFybWFkdXJhLTEud2VicCIsInNsaWRlc2hvdyI6IjE5MDBiZmEifQ%3D%3D\" href=\"https:\/\/www.prefabricadoscolombia.com\/wp-content\/uploads\/2025\/05\/Mat_80-80-80-Armadura-1.webp\"><figure class=\"swiper-slide-inner\"><img loading=\"lazy\" decoding=\"async\" src=\"https:\/\/www.prefabricadoscolombia.com\/wp-content\/uploads\/2025\/05\/Mat_80-80-80-Armadura-1-150x150.webp\" alt=\"Mat_80-80 80 Armadura\" class=\"swiper-slide-image swiper-lazy\" width=\"150\" height=\"150\" \/><div class=\"swiper-lazy-preloader\"><\/div><\/figure><\/a><\/div><div class=\"swiper-slide\" role=\"group\" aria-roledescription=\"slide\" aria-label=\"10 de 12\"><a data-elementor-open-lightbox=\"yes\" data-elementor-lightbox-slideshow=\"1900bfa\" data-elementor-lightbox-title=\"Matera 90*30*30\" data-e-action-hash=\"#elementor-action%3Aaction%3Dlightbox%26settings%3DeyJpZCI6MzEyOSwidXJsIjoiaHR0cHM6XC9cL3d3dy5wcmVmYWJyaWNhZG9zY29sb21iaWEuY29tXC93cC1jb250ZW50XC91cGxvYWRzXC8yMDI1XC8wNVwvQ2FwdHVyYS1kZS1wYW50YWxsYS0yMDI1LTA1LTA1LTE3MjIxMC53ZWJwIiwic2xpZGVzaG93IjoiMTkwMGJmYSJ9\" href=\"https:\/\/www.prefabricadoscolombia.com\/wp-content\/uploads\/2025\/05\/Captura-de-pantalla-2025-05-05-172210.webp\"><figure class=\"swiper-slide-inner\"><img loading=\"lazy\" decoding=\"async\" src=\"https:\/\/www.prefabricadoscolombia.com\/wp-content\/uploads\/2025\/05\/Captura-de-pantalla-2025-05-05-172210-150x150.webp\" alt=\"Matera 90*30*30\" class=\"swiper-slide-image swiper-lazy\" width=\"150\" height=\"150\" \/><div class=\"swiper-lazy-preloader\"><\/div><\/figure><\/a><\/div><div class=\"swiper-slide\" role=\"group\" aria-roledescription=\"slide\" aria-label=\"11 de 12\"><a data-elementor-open-lightbox=\"yes\" data-elementor-lightbox-slideshow=\"1900bfa\" data-e-action-hash=\"#elementor-action%3Aaction%3Dlightbox%26settings%3DeyJpZCI6MzEyNSwidXJsIjoiaHR0cHM6XC9cL3d3dy5wcmVmYWJyaWNhZG9zY29sb21iaWEuY29tXC93cC1jb250ZW50XC91cGxvYWRzXC8yMDI1XC8wNVwvSU1HXzIwMjIwMTIwXzExMzQzMC1zY2FsZWQtZTE3NDY0ODM1MDQzNTYud2VicCIsInNsaWRlc2hvdyI6IjE5MDBiZmEifQ%3D%3D\" href=\"https:\/\/www.prefabricadoscolombia.com\/wp-content\/uploads\/2025\/05\/IMG_20220120_113430-scaled-e1746483504356.webp\"><figure class=\"swiper-slide-inner\"><img loading=\"lazy\" decoding=\"async\" src=\"https:\/\/www.prefabricadoscolombia.com\/wp-content\/uploads\/2025\/05\/IMG_20220120_113430-scaled-e1746483504356-150x150.webp\" alt=\"IMG_20220120_113430\" class=\"swiper-slide-image swiper-lazy\" width=\"150\" height=\"150\" \/><div class=\"swiper-lazy-preloader\"><\/div><\/figure><\/a><\/div><div class=\"swiper-slide\" role=\"group\" aria-roledescription=\"slide\" aria-label=\"12 de 12\"><a data-elementor-open-lightbox=\"yes\" data-elementor-lightbox-slideshow=\"1900bfa\" data-e-action-hash=\"#elementor-action%3Aaction%3Dlightbox%26settings%3DeyJpZCI6MzE0OSwidXJsIjoiaHR0cHM6XC9cL3d3dy5wcmVmYWJyaWNhZG9zY29sb21iaWEuY29tXC93cC1jb250ZW50XC91cGxvYWRzXC8yMDI1XC8wNVwvTWF0ZXJhXzMwLTMwLTkwLTEud2VicCIsInNsaWRlc2hvdyI6IjE5MDBiZmEifQ%3D%3D\" href=\"https:\/\/www.prefabricadoscolombia.com\/wp-content\/uploads\/2025\/05\/Matera_30-30-90-1.webp\"><figure class=\"swiper-slide-inner\"><img loading=\"lazy\" decoding=\"async\" src=\"https:\/\/www.prefabricadoscolombia.com\/wp-content\/uploads\/2025\/05\/Matera_30-30-90-1-150x150.webp\" alt=\"Matera_30 30 90\" class=\"swiper-slide-image swiper-lazy\" width=\"150\" height=\"150\" \/><div class=\"swiper-lazy-preloader\"><\/div><\/figure><\/a><\/div>\t\t\t<\/div>\n\t\t\t\t\t\t\t\t\t\t\t\t<div class=\"elementor-swiper-button elementor-swiper-button-prev\" role=\"button\" tabindex=\"0\">\n\t\t\t\t\t\t<i aria-hidden=\"true\" class=\"eicon-chevron-left\"><\/i>\t\t\t\t\t<\/div>\n\t\t\t\t\t<div class=\"elementor-swiper-button elementor-swiper-button-next\" role=\"button\" tabindex=\"0\">\n\t\t\t\t\t\t<i aria-hidden=\"true\" class=\"eicon-chevron-right\"><\/i>\t\t\t\t\t<\/div>\n\t\t\t\t\n\t\t\t\t\t\t\t\t\t<div class=\"swiper-pagination\"><\/div>\n\t\t\t\t\t\t\t\t\t<\/div>\n\t\t\t\t\t\t<\/div>\n\t\t\t\t<\/div>\n\t\t\t\t<\/div>\n\t\t\t\t<\/div>\n\t\t\t\t<\/div>\n\t\t\t\t<\/div>\n\t\t\t\t\t<\/div>\n\t\t\t\t<\/div>\n\t\t\t\t<\/div>\n\t\t","protected":false},"excerpt":{"rendered":"<p>DESCRIPCI\u00d3N DEL PRODUCTO Uso en espacios p\u00fablicos, zonas verdes, v\u00edas o interiores para plantar matas y dar vida al entorno en donde se va a instalar.Producto de sobreponer. No requiere obras adicionales. INFORMACI\u00d3N DE CARACTER\u00cdSTICAS CARACTER\u00cdSTICASF\u00cdSICAS \u00c1rea Nominal (M^L) 1.10 Peso seco (kg) 102 kgResistencia 0.037 Kg\/Cm2 DIMENSIONES Largo: 90 cmAncho: 30 cmAlto: 30 cm [&hellip;]<\/p>\n","protected":false},"author":1,"featured_media":0,"parent":0,"menu_order":0,"comment_status":"closed","ping_status":"closed","template":"","meta":{"footnotes":""},"class_list":["post-3144","page","type-page","status-publish","hentry"],"_links":{"self":[{"href":"https:\/\/www.prefabricadoscolombia.com\/index.php?rest_route=\/wp\/v2\/pages\/3144","targetHints":{"allow":["GET"]}}],"collection":[{"href":"https:\/\/www.prefabricadoscolombia.com\/index.php?rest_route=\/wp\/v2\/pages"}],"about":[{"href":"https:\/\/www.prefabricadoscolombia.com\/index.php?rest_route=\/wp\/v2\/types\/page"}],"author":[{"embeddable":true,"href":"https:\/\/www.prefabricadoscolombia.com\/index.php?rest_route=\/wp\/v2\/users\/1"}],"replies":[{"embeddable":true,"href":"https:\/\/www.prefabricadoscolombia.com\/index.php?rest_route=%2Fwp%2Fv2%2Fcomments&post=3144"}],"version-history":[{"count":39,"href":"https:\/\/www.prefabricadoscolombia.com\/index.php?rest_route=\/wp\/v2\/pages\/3144\/revisions"}],"predecessor-version":[{"id":3377,"href":"https:\/\/www.prefabricadoscolombia.com\/index.php?rest_route=\/wp\/v2\/pages\/3144\/revisions\/3377"}],"wp:attachment":[{"href":"https:\/\/www.prefabricadoscolombia.com\/index.php?rest_route=%2Fwp%2Fv2%2Fmedia&parent=3144"}],"curies":[{"name":"wp","href":"https:\/\/api.w.org\/{rel}","templated":true}]}}