{"id":3175,"date":"2025-05-06T22:18:20","date_gmt":"2025-05-06T22:18:20","guid":{"rendered":"https:\/\/www.prefabricadoscolombia.com\/?page_id=3175"},"modified":"2025-05-29T21:48:42","modified_gmt":"2025-05-29T21:48:42","slug":"elementor-pagina-3175","status":"publish","type":"page","link":"https:\/\/www.prefabricadoscolombia.com\/?page_id=3175","title":{"rendered":"Lossetas 20*20*6"},"content":{"rendered":"\t\t<div data-elementor-type=\"wp-page\" data-elementor-id=\"3175\" class=\"elementor elementor-3175\">\n\t\t\t\t<div class=\"elementor-element elementor-element-f6d3fd0 e-flex e-con-boxed e-con e-parent\" data-id=\"f6d3fd0\" data-element_type=\"container\" data-e-type=\"container\">\n\t\t\t\t\t<div class=\"e-con-inner\">\n\t\t<div class=\"elementor-element elementor-element-b51e474 e-con-full e-flex e-con e-child\" data-id=\"b51e474\" data-element_type=\"container\" data-e-type=\"container\">\n\t\t<div class=\"elementor-element elementor-element-40ae2df e-con-full e-flex e-con e-child\" data-id=\"40ae2df\" data-element_type=\"container\" data-e-type=\"container\">\n\t\t<div class=\"elementor-element elementor-element-eb82d0a e-con-full e-grid e-con e-child\" data-id=\"eb82d0a\" data-element_type=\"container\" data-e-type=\"container\">\n\t\t\t\t<div class=\"elementor-element elementor-element-a714a9f elementor-invisible elementor-widget elementor-widget-image\" data-id=\"a714a9f\" data-element_type=\"widget\" data-e-type=\"widget\" data-settings=\"{&quot;_animation&quot;:&quot;fadeInUp&quot;}\" data-widget_type=\"image.default\">\n\t\t\t\t<div class=\"elementor-widget-container\">\n\t\t\t\t\t\t\t\t\t\t\t\t\t\t\t\t<a href=\"https:\/\/www.prefabricadoscolombia.com\/?page_id=201\">\n\t\t\t\t\t\t\t<img fetchpriority=\"high\" decoding=\"async\" width=\"385\" height=\"324\" src=\"https:\/\/www.prefabricadoscolombia.com\/wp-content\/uploads\/2025\/05\/Loseta-lisa-2020-e1746570588709.webp\" class=\"attachment-large size-large wp-image-3181\" alt=\"\" srcset=\"https:\/\/www.prefabricadoscolombia.com\/wp-content\/uploads\/2025\/05\/Loseta-lisa-2020-e1746570588709.webp 385w, https:\/\/www.prefabricadoscolombia.com\/wp-content\/uploads\/2025\/05\/Loseta-lisa-2020-e1746570588709-300x252.webp 300w\" sizes=\"(max-width: 385px) 100vw, 385px\" \/>\t\t\t\t\t\t\t\t<\/a>\n\t\t\t\t\t\t\t\t\t\t\t\t\t\t\t<\/div>\n\t\t\t\t<\/div>\n\t\t\t\t<div class=\"elementor-element elementor-element-f6e3614 elementor-invisible elementor-widget elementor-widget-image\" data-id=\"f6e3614\" data-element_type=\"widget\" data-e-type=\"widget\" data-settings=\"{&quot;_animation&quot;:&quot;fadeInDown&quot;}\" data-widget_type=\"image.default\">\n\t\t\t\t<div class=\"elementor-widget-container\">\n\t\t\t\t\t\t\t\t\t\t\t\t<figure class=\"wp-caption\">\n\t\t\t\t\t\t\t\t\t\t\t<a href=\"https:\/\/www.prefabricadoscolombia.com\/?page_id=201\">\n\t\t\t\t\t\t\t<img decoding=\"async\" width=\"300\" height=\"245\" src=\"https:\/\/www.prefabricadoscolombia.com\/wp-content\/uploads\/2025\/05\/Loseta-Toperol-2020-e1746570602410-300x245.webp\" class=\"attachment-medium size-medium wp-image-3182\" alt=\"\" srcset=\"https:\/\/www.prefabricadoscolombia.com\/wp-content\/uploads\/2025\/05\/Loseta-Toperol-2020-e1746570602410-300x245.webp 300w, https:\/\/www.prefabricadoscolombia.com\/wp-content\/uploads\/2025\/05\/Loseta-Toperol-2020-e1746570602410.webp 383w\" sizes=\"(max-width: 300px) 100vw, 300px\" \/>\t\t\t\t\t\t\t\t<\/a>\n\t\t\t\t\t\t\t\t\t\t\t<figcaption class=\"widget-image-caption wp-caption-text\"><\/figcaption>\n\t\t\t\t\t\t\t\t\t\t<\/figure>\n\t\t\t\t\t\t\t\t\t<\/div>\n\t\t\t\t<\/div>\n\t\t\t\t<\/div>\n\t\t<div class=\"elementor-element elementor-element-4e87610 e-con-full e-flex e-con e-child\" data-id=\"4e87610\" data-element_type=\"container\" data-e-type=\"container\">\n\t\t<div class=\"elementor-element elementor-element-f5863ca e-con-full e-flex e-con e-child\" data-id=\"f5863ca\" data-element_type=\"container\" data-e-type=\"container\">\n\t\t\t\t<div class=\"elementor-element elementor-element-2f75688 elementor-widget elementor-widget-heading\" data-id=\"2f75688\" data-element_type=\"widget\" data-e-type=\"widget\" data-widget_type=\"heading.default\">\n\t\t\t\t<div class=\"elementor-widget-container\">\n\t\t\t\t\t<h2 class=\"elementor-heading-title elementor-size-default\"><b>DESCRIPCI\u00d3N DEL  PRODUCTO<\/b><\/h2>\t\t\t\t<\/div>\n\t\t\t\t<\/div>\n\t\t\t\t<\/div>\n\t\t<div class=\"elementor-element elementor-element-88b4e3f e-con-full e-flex e-con e-child\" data-id=\"88b4e3f\" data-element_type=\"container\" data-e-type=\"container\">\n\t\t\t\t<div class=\"elementor-element elementor-element-1cd6340 elementor-widget elementor-widget-heading\" data-id=\"1cd6340\" data-element_type=\"widget\" data-e-type=\"widget\" data-widget_type=\"heading.default\">\n\t\t\t\t<div class=\"elementor-widget-container\">\n\t\t\t\t\t<h2 class=\"elementor-heading-title elementor-size-default\"><div><div><div><div><span>Uso en p<\/span><span>avimentaci\u00f3n de andenes, zonas peatonales, plazas, parques, senderos, zonas comunes y accesos livianos.<\/span><\/div><\/div><\/div><\/div><p data-pm-slice=\"1 1 []\"><span>Tambi\u00e9n en jardines, patios, senderos y zonas recreativas de bajo tr\u00e1nsito. <\/span>Resistencia al transito continuo y condiciones clim\u00e1ticas.<\/p><\/h2>\t\t\t\t<\/div>\n\t\t\t\t<\/div>\n\t\t\t\t<\/div>\n\t\t<div class=\"elementor-element elementor-element-938b248 e-con-full e-flex e-con e-child\" data-id=\"938b248\" data-element_type=\"container\" data-e-type=\"container\">\n\t\t\t\t<div class=\"elementor-element elementor-element-761407b elementor-widget elementor-widget-heading\" data-id=\"761407b\" data-element_type=\"widget\" data-e-type=\"widget\" data-widget_type=\"heading.default\">\n\t\t\t\t<div class=\"elementor-widget-container\">\n\t\t\t\t\t<h2 class=\"elementor-heading-title elementor-size-default\"><b>INFORMACI\u00d3N DE CARACTER\u00cdSTICAS<\/b><\/h2>\t\t\t\t<\/div>\n\t\t\t\t<\/div>\n\t\t\t\t<\/div>\n\t\t<div class=\"elementor-element elementor-element-a87fed1 e-con-full e-flex e-con e-child\" data-id=\"a87fed1\" data-element_type=\"container\" data-e-type=\"container\">\n\t\t<div class=\"elementor-element elementor-element-0cfda90 e-con-full e-flex e-con e-child\" data-id=\"0cfda90\" data-element_type=\"container\" data-e-type=\"container\">\n\t\t\t\t<div class=\"elementor-element elementor-element-f258c16 elementor-widget elementor-widget-heading\" data-id=\"f258c16\" data-element_type=\"widget\" data-e-type=\"widget\" data-widget_type=\"heading.default\">\n\t\t\t\t<div class=\"elementor-widget-container\">\n\t\t\t\t\t<h2 class=\"elementor-heading-title elementor-size-default\"><table><tbody><tr><th><br>CARACTER\u00cdSTICAS<br>F\u00cdSICAS<\/th><td><p>\u00c1rea Nominal (M^L) <b>5<\/b><br>\u00c1rea Nominal (M^2) <b>25<\/b> <br>Peso seco (kg) <b>5 kg<\/b><br>Resistencia <b>0.015 Kg\/Cm2<\/b><\/p><\/td><\/tr><\/tbody><\/table><br><table><tbody><tr><th><br>DIMENSIONES<br><\/th><td><p><b>Largo:<\/b> 20 cm<br><b>Ancho:<\/b> 20 cm<br><b>Alto: <\/b> 6 cm<\/p><\/td><\/tr><\/tbody><\/table><br><table><tbody><tr><th><br><br><br>COLOR<\/th><td><p>Gris Natural<br>Amarillo<br>Negro<br>Rojo<br>Verde<br>Azul<\/p><\/td><\/tr><\/tbody><\/table><\/h2>\t\t\t\t<\/div>\n\t\t\t\t<\/div>\n\t\t\t\t<\/div>\n\t\t\t\t<\/div>\n\t\t\t\t<\/div>\n\t\t\t\t<\/div>\n\t\t\t\t<\/div>\n\t\t\t\t\t<\/div>\n\t\t\t\t<\/div>\n\t\t<div class=\"elementor-element elementor-element-e639ad0 e-grid e-con-boxed e-con e-parent\" data-id=\"e639ad0\" data-element_type=\"container\" data-e-type=\"container\">\n\t\t\t\t\t<div class=\"e-con-inner\">\n\t\t\t\t<div class=\"elementor-element elementor-element-9dba504 elementor-widget elementor-widget-image\" data-id=\"9dba504\" data-element_type=\"widget\" data-e-type=\"widget\" data-widget_type=\"image.default\">\n\t\t\t\t<div class=\"elementor-widget-container\">\n\t\t\t\t\t\t\t\t\t\t\t\t\t\t\t\t<a href=\"https:\/\/www.prefabricadoscolombia.com\/wp-content\/uploads\/2025\/05\/Triatica-color-2020.jpg\" data-elementor-open-lightbox=\"yes\" data-e-action-hash=\"#elementor-action%3Aaction%3Dlightbox%26settings%3DeyJpZCI6MzIxNSwidXJsIjoiaHR0cHM6XC9cL3d3dy5wcmVmYWJyaWNhZG9zY29sb21iaWEuY29tXC93cC1jb250ZW50XC91cGxvYWRzXC8yMDI1XC8wNVwvVHJpYXRpY2EtY29sb3ItMjAyMC53ZWJwIn0%3D\">\n\t\t\t\t\t\t\t<img decoding=\"async\" width=\"800\" height=\"451\" src=\"https:\/\/www.prefabricadoscolombia.com\/wp-content\/uploads\/2025\/05\/Triatica-color-2020-1024x577.webp\" class=\"attachment-large size-large wp-image-3215\" alt=\"\" srcset=\"https:\/\/www.prefabricadoscolombia.com\/wp-content\/uploads\/2025\/05\/Triatica-color-2020-1024x577.webp 1024w, https:\/\/www.prefabricadoscolombia.com\/wp-content\/uploads\/2025\/05\/Triatica-color-2020-300x169.webp 300w, https:\/\/www.prefabricadoscolombia.com\/wp-content\/uploads\/2025\/05\/Triatica-color-2020-768x433.webp 768w, https:\/\/www.prefabricadoscolombia.com\/wp-content\/uploads\/2025\/05\/Triatica-color-2020.webp 1280w\" sizes=\"(max-width: 800px) 100vw, 800px\" \/>\t\t\t\t\t\t\t\t<\/a>\n\t\t\t\t\t\t\t\t\t\t\t\t\t\t\t<\/div>\n\t\t\t\t<\/div>\n\t\t\t\t<div class=\"elementor-element elementor-element-32e1b1b elementor-widget elementor-widget-image\" data-id=\"32e1b1b\" data-element_type=\"widget\" data-e-type=\"widget\" data-widget_type=\"image.default\">\n\t\t\t\t<div class=\"elementor-widget-container\">\n\t\t\t\t\t\t\t\t\t\t\t\t\t\t\t\t<a href=\"https:\/\/www.prefabricadoscolombia.com\/wp-content\/uploads\/2025\/05\/Guia-Color-2020.jpg\" data-elementor-open-lightbox=\"yes\" data-e-action-hash=\"#elementor-action%3Aaction%3Dlightbox%26settings%3DeyJpZCI6MzIxNCwidXJsIjoiaHR0cHM6XC9cL3d3dy5wcmVmYWJyaWNhZG9zY29sb21iaWEuY29tXC93cC1jb250ZW50XC91cGxvYWRzXC8yMDI1XC8wNVwvR3VpYS1Db2xvci0yMDIwLndlYnAifQ%3D%3D\">\n\t\t\t\t\t\t\t<img loading=\"lazy\" decoding=\"async\" width=\"800\" height=\"451\" src=\"https:\/\/www.prefabricadoscolombia.com\/wp-content\/uploads\/2025\/05\/Guia-Color-2020-1024x577.webp\" class=\"attachment-large size-large wp-image-3214\" alt=\"\" srcset=\"https:\/\/www.prefabricadoscolombia.com\/wp-content\/uploads\/2025\/05\/Guia-Color-2020-1024x577.webp 1024w, https:\/\/www.prefabricadoscolombia.com\/wp-content\/uploads\/2025\/05\/Guia-Color-2020-300x169.webp 300w, https:\/\/www.prefabricadoscolombia.com\/wp-content\/uploads\/2025\/05\/Guia-Color-2020-768x433.webp 768w, https:\/\/www.prefabricadoscolombia.com\/wp-content\/uploads\/2025\/05\/Guia-Color-2020.webp 1280w\" sizes=\"(max-width: 800px) 100vw, 800px\" \/>\t\t\t\t\t\t\t\t<\/a>\n\t\t\t\t\t\t\t\t\t\t\t\t\t\t\t<\/div>\n\t\t\t\t<\/div>\n\t\t\t\t<div class=\"elementor-element elementor-element-f37d0ce elementor-widget elementor-widget-image\" data-id=\"f37d0ce\" data-element_type=\"widget\" data-e-type=\"widget\" data-widget_type=\"image.default\">\n\t\t\t\t<div class=\"elementor-widget-container\">\n\t\t\t\t\t\t\t\t\t\t\t\t\t\t\t\t<a href=\"https:\/\/www.prefabricadoscolombia.com\/wp-content\/uploads\/2025\/05\/Atencion-Color-2020.jpg\" data-elementor-open-lightbox=\"yes\" data-e-action-hash=\"#elementor-action%3Aaction%3Dlightbox%26settings%3DeyJpZCI6MzIxMywidXJsIjoiaHR0cHM6XC9cL3d3dy5wcmVmYWJyaWNhZG9zY29sb21iaWEuY29tXC93cC1jb250ZW50XC91cGxvYWRzXC8yMDI1XC8wNVwvQXRlbmNpb24tQ29sb3ItMjAyMC53ZWJwIn0%3D\">\n\t\t\t\t\t\t\t<img loading=\"lazy\" decoding=\"async\" width=\"800\" height=\"451\" src=\"https:\/\/www.prefabricadoscolombia.com\/wp-content\/uploads\/2025\/05\/Atencion-Color-2020-1024x577.webp\" class=\"attachment-large size-large wp-image-3213\" alt=\"\" srcset=\"https:\/\/www.prefabricadoscolombia.com\/wp-content\/uploads\/2025\/05\/Atencion-Color-2020-1024x577.webp 1024w, https:\/\/www.prefabricadoscolombia.com\/wp-content\/uploads\/2025\/05\/Atencion-Color-2020-300x169.webp 300w, https:\/\/www.prefabricadoscolombia.com\/wp-content\/uploads\/2025\/05\/Atencion-Color-2020-768x433.webp 768w, https:\/\/www.prefabricadoscolombia.com\/wp-content\/uploads\/2025\/05\/Atencion-Color-2020.webp 1280w\" sizes=\"(max-width: 800px) 100vw, 800px\" \/>\t\t\t\t\t\t\t\t<\/a>\n\t\t\t\t\t\t\t\t\t\t\t\t\t\t\t<\/div>\n\t\t\t\t<\/div>\n\t\t\t\t\t<\/div>\n\t\t\t\t<\/div>\n\t\t<div class=\"elementor-element elementor-element-530939c e-flex e-con-boxed e-con e-parent\" data-id=\"530939c\" data-element_type=\"container\" data-e-type=\"container\">\n\t\t\t\t\t<div class=\"e-con-inner\">\n\t\t\t\t<div class=\"elementor-element elementor-element-cd60c78 elementor-button-success elementor-align-center elementor-widget elementor-widget-button\" data-id=\"cd60c78\" data-element_type=\"widget\" data-e-type=\"widget\" data-widget_type=\"button.default\">\n\t\t\t\t<div class=\"elementor-widget-container\">\n\t\t\t\t\t\t\t\t\t<div class=\"elementor-button-wrapper\">\n\t\t\t\t\t<a class=\"elementor-button elementor-button-link elementor-size-sm elementor-animation-push\" href=\"#\">\n\t\t\t\t\t\t<span class=\"elementor-button-content-wrapper\">\n\t\t\t\t\t\t\t\t\t<span class=\"elementor-button-text\">COTIZACION<\/span>\n\t\t\t\t\t<\/span>\n\t\t\t\t\t<\/a>\n\t\t\t\t<\/div>\n\t\t\t\t\t\t\t\t<\/div>\n\t\t\t\t<\/div>\n\t\t<div class=\"elementor-element elementor-element-1cfbfed e-con-full e-flex e-con e-child\" data-id=\"1cfbfed\" data-element_type=\"container\" data-e-type=\"container\">\n\t\t<div class=\"elementor-element elementor-element-7c1dc8b e-con-full e-flex e-con e-child\" data-id=\"7c1dc8b\" data-element_type=\"container\" data-e-type=\"container\">\n\t\t<div class=\"elementor-element elementor-element-0dbefbe e-con-full e-flex e-con e-child\" data-id=\"0dbefbe\" data-element_type=\"container\" data-e-type=\"container\" data-settings=\"{&quot;background_background&quot;:&quot;classic&quot;}\">\n\t\t\t\t<div class=\"elementor-element elementor-element-3042290 elementor-arrows-position-outside elementor-pagination-position-inside elementor-widget elementor-widget-image-carousel\" data-id=\"3042290\" data-element_type=\"widget\" data-e-type=\"widget\" data-settings=\"{&quot;slides_to_show&quot;:&quot;3&quot;,&quot;image_spacing_custom&quot;:{&quot;unit&quot;:&quot;px&quot;,&quot;size&quot;:0,&quot;sizes&quot;:[]},&quot;autoplay_speed&quot;:50,&quot;speed&quot;:2000,&quot;lazyload&quot;:&quot;yes&quot;,&quot;navigation&quot;:&quot;both&quot;,&quot;autoplay&quot;:&quot;yes&quot;,&quot;pause_on_hover&quot;:&quot;yes&quot;,&quot;pause_on_interaction&quot;:&quot;yes&quot;,&quot;infinite&quot;:&quot;yes&quot;,&quot;image_spacing_custom_tablet&quot;:{&quot;unit&quot;:&quot;px&quot;,&quot;size&quot;:&quot;&quot;,&quot;sizes&quot;:[]},&quot;image_spacing_custom_mobile&quot;:{&quot;unit&quot;:&quot;px&quot;,&quot;size&quot;:&quot;&quot;,&quot;sizes&quot;:[]}}\" data-widget_type=\"image-carousel.default\">\n\t\t\t\t<div class=\"elementor-widget-container\">\n\t\t\t\t\t\t\t<div class=\"elementor-image-carousel-wrapper swiper\" role=\"region\" aria-roledescription=\"carousel\" aria-label=\"Carrusel de im\u00e1genes\" dir=\"ltr\">\n\t\t\t<div class=\"elementor-image-carousel swiper-wrapper\" aria-live=\"off\">\n\t\t\t\t\t\t\t\t<div class=\"swiper-slide\" role=\"group\" aria-roledescription=\"slide\" aria-label=\"1 de 8\"><a data-elementor-open-lightbox=\"yes\" data-elementor-lightbox-slideshow=\"3042290\" data-e-action-hash=\"#elementor-action%3Aaction%3Dlightbox%26settings%3DeyJpZCI6MzE3NywidXJsIjoiaHR0cHM6XC9cL3d3dy5wcmVmYWJyaWNhZG9zY29sb21iaWEuY29tXC93cC1jb250ZW50XC91cGxvYWRzXC8yMDI1XC8wNVwvY3VhZHJhdGljYS00MC00MC1lMTc0NjU3MDE1MDgyNS53ZWJwIiwic2xpZGVzaG93IjoiMzA0MjI5MCJ9\" href=\"https:\/\/www.prefabricadoscolombia.com\/wp-content\/uploads\/2025\/05\/cuadratica-40-40-e1746570150825.webp\"><figure class=\"swiper-slide-inner\"><img loading=\"lazy\" decoding=\"async\" src=\"https:\/\/www.prefabricadoscolombia.com\/wp-content\/uploads\/2025\/05\/cuadratica-40-40-e1746570150825-150x150.webp\" alt=\"cuadr\u00e1tica 40 40\" class=\"swiper-slide-image swiper-lazy\" width=\"150\" height=\"150\" \/><div class=\"swiper-lazy-preloader\"><\/div><\/figure><\/a><\/div><div class=\"swiper-slide\" role=\"group\" aria-roledescription=\"slide\" aria-label=\"2 de 8\"><a data-elementor-open-lightbox=\"yes\" data-elementor-lightbox-slideshow=\"3042290\" data-e-action-hash=\"#elementor-action%3Aaction%3Dlightbox%26settings%3DeyJpZCI6MzE3OCwidXJsIjoiaHR0cHM6XC9cL3d3dy5wcmVmYWJyaWNhZG9zY29sb21iaWEuY29tXC93cC1jb250ZW50XC91cGxvYWRzXC8yMDI1XC8wNVwvR3VpYS00MC00MC53ZWJwIiwic2xpZGVzaG93IjoiMzA0MjI5MCJ9\" href=\"https:\/\/www.prefabricadoscolombia.com\/wp-content\/uploads\/2025\/05\/Guia-40-40.webp\"><figure class=\"swiper-slide-inner\"><img loading=\"lazy\" decoding=\"async\" src=\"https:\/\/www.prefabricadoscolombia.com\/wp-content\/uploads\/2025\/05\/Guia-40-40-150x150.webp\" alt=\"Guia 40 40\" class=\"swiper-slide-image swiper-lazy\" width=\"150\" height=\"150\" \/><div class=\"swiper-lazy-preloader\"><\/div><\/figure><\/a><\/div><div class=\"swiper-slide\" role=\"group\" aria-roledescription=\"slide\" aria-label=\"3 de 8\"><a data-elementor-open-lightbox=\"yes\" data-elementor-lightbox-slideshow=\"3042290\" data-e-action-hash=\"#elementor-action%3Aaction%3Dlightbox%26settings%3DeyJpZCI6MzE3OSwidXJsIjoiaHR0cHM6XC9cL3d3dy5wcmVmYWJyaWNhZG9zY29sb21iaWEuY29tXC93cC1jb250ZW50XC91cGxvYWRzXC8yMDI1XC8wNVwvTGlzYS00MC00MC53ZWJwIiwic2xpZGVzaG93IjoiMzA0MjI5MCJ9\" href=\"https:\/\/www.prefabricadoscolombia.com\/wp-content\/uploads\/2025\/05\/Lisa-40-40.webp\"><figure class=\"swiper-slide-inner\"><img loading=\"lazy\" decoding=\"async\" src=\"https:\/\/www.prefabricadoscolombia.com\/wp-content\/uploads\/2025\/05\/Lisa-40-40-150x150.webp\" alt=\"Lisa 40 40\" class=\"swiper-slide-image swiper-lazy\" width=\"150\" height=\"150\" \/><div class=\"swiper-lazy-preloader\"><\/div><\/figure><\/a><\/div><div class=\"swiper-slide\" role=\"group\" aria-roledescription=\"slide\" aria-label=\"4 de 8\"><a data-elementor-open-lightbox=\"yes\" data-elementor-lightbox-slideshow=\"3042290\" data-e-action-hash=\"#elementor-action%3Aaction%3Dlightbox%26settings%3DeyJpZCI6MzE4MCwidXJsIjoiaHR0cHM6XC9cL3d3dy5wcmVmYWJyaWNhZG9zY29sb21iaWEuY29tXC93cC1jb250ZW50XC91cGxvYWRzXC8yMDI1XC8wNVwvTG9zZXRhLWd1aWEtMjAyMC1lMTc0NjU3MDYyNjk2My53ZWJwIiwic2xpZGVzaG93IjoiMzA0MjI5MCJ9\" href=\"https:\/\/www.prefabricadoscolombia.com\/wp-content\/uploads\/2025\/05\/Loseta-guia-2020-e1746570626963.webp\"><figure class=\"swiper-slide-inner\"><img loading=\"lazy\" decoding=\"async\" src=\"https:\/\/www.prefabricadoscolombia.com\/wp-content\/uploads\/2025\/05\/Loseta-guia-2020-e1746570626963-150x150.webp\" alt=\"Loseta guia 2020\" class=\"swiper-slide-image swiper-lazy\" width=\"150\" height=\"150\" \/><div class=\"swiper-lazy-preloader\"><\/div><\/figure><\/a><\/div><div class=\"swiper-slide\" role=\"group\" aria-roledescription=\"slide\" aria-label=\"5 de 8\"><a data-elementor-open-lightbox=\"yes\" data-elementor-lightbox-slideshow=\"3042290\" data-e-action-hash=\"#elementor-action%3Aaction%3Dlightbox%26settings%3DeyJpZCI6MzE4MSwidXJsIjoiaHR0cHM6XC9cL3d3dy5wcmVmYWJyaWNhZG9zY29sb21iaWEuY29tXC93cC1jb250ZW50XC91cGxvYWRzXC8yMDI1XC8wNVwvTG9zZXRhLWxpc2EtMjAyMC1lMTc0NjU3MDU4ODcwOS53ZWJwIiwic2xpZGVzaG93IjoiMzA0MjI5MCJ9\" href=\"https:\/\/www.prefabricadoscolombia.com\/wp-content\/uploads\/2025\/05\/Loseta-lisa-2020-e1746570588709.webp\"><figure class=\"swiper-slide-inner\"><img loading=\"lazy\" decoding=\"async\" src=\"https:\/\/www.prefabricadoscolombia.com\/wp-content\/uploads\/2025\/05\/Loseta-lisa-2020-e1746570588709-150x150.webp\" alt=\"Loseta lisa 2020\" class=\"swiper-slide-image swiper-lazy\" width=\"150\" height=\"150\" \/><div class=\"swiper-lazy-preloader\"><\/div><\/figure><\/a><\/div><div class=\"swiper-slide\" role=\"group\" aria-roledescription=\"slide\" aria-label=\"6 de 8\"><a data-elementor-open-lightbox=\"yes\" data-elementor-lightbox-slideshow=\"3042290\" data-e-action-hash=\"#elementor-action%3Aaction%3Dlightbox%26settings%3DeyJpZCI6MzE4MiwidXJsIjoiaHR0cHM6XC9cL3d3dy5wcmVmYWJyaWNhZG9zY29sb21iaWEuY29tXC93cC1jb250ZW50XC91cGxvYWRzXC8yMDI1XC8wNVwvTG9zZXRhLVRvcGVyb2wtMjAyMC1lMTc0NjU3MDYwMjQxMC53ZWJwIiwic2xpZGVzaG93IjoiMzA0MjI5MCJ9\" href=\"https:\/\/www.prefabricadoscolombia.com\/wp-content\/uploads\/2025\/05\/Loseta-Toperol-2020-e1746570602410.webp\"><figure class=\"swiper-slide-inner\"><img loading=\"lazy\" decoding=\"async\" src=\"https:\/\/www.prefabricadoscolombia.com\/wp-content\/uploads\/2025\/05\/Loseta-Toperol-2020-e1746570602410-150x150.webp\" alt=\"Loseta Toperol 2020\" class=\"swiper-slide-image swiper-lazy\" width=\"150\" height=\"150\" \/><div class=\"swiper-lazy-preloader\"><\/div><\/figure><\/a><\/div><div class=\"swiper-slide\" role=\"group\" aria-roledescription=\"slide\" aria-label=\"7 de 8\"><a data-elementor-open-lightbox=\"yes\" data-elementor-lightbox-slideshow=\"3042290\" data-e-action-hash=\"#elementor-action%3Aaction%3Dlightbox%26settings%3DeyJpZCI6MzE4MywidXJsIjoiaHR0cHM6XC9cL3d3dy5wcmVmYWJyaWNhZG9zY29sb21iaWEuY29tXC93cC1jb250ZW50XC91cGxvYWRzXC8yMDI1XC8wNVwvTG9zZXRhLVRyaWF0aWNhLTIwMjAtZTE3NDY1NzA1NjYyMzQud2VicCIsInNsaWRlc2hvdyI6IjMwNDIyOTAifQ%3D%3D\" href=\"https:\/\/www.prefabricadoscolombia.com\/wp-content\/uploads\/2025\/05\/Loseta-Triatica-2020-e1746570566234.webp\"><figure class=\"swiper-slide-inner\"><img loading=\"lazy\" decoding=\"async\" src=\"https:\/\/www.prefabricadoscolombia.com\/wp-content\/uploads\/2025\/05\/Loseta-Triatica-2020-150x150.webp\" alt=\"Loseta Triatica 2020\" class=\"swiper-slide-image swiper-lazy\" width=\"150\" height=\"150\" \/><div class=\"swiper-lazy-preloader\"><\/div><\/figure><\/a><\/div><div class=\"swiper-slide\" role=\"group\" aria-roledescription=\"slide\" aria-label=\"8 de 8\"><a data-elementor-open-lightbox=\"yes\" data-elementor-lightbox-slideshow=\"3042290\" data-e-action-hash=\"#elementor-action%3Aaction%3Dlightbox%26settings%3DeyJpZCI6MzE4NCwidXJsIjoiaHR0cHM6XC9cL3d3dy5wcmVmYWJyaWNhZG9zY29sb21iaWEuY29tXC93cC1jb250ZW50XC91cGxvYWRzXC8yMDI1XC8wNVwvVG9wZXJvbC00MC00MC53ZWJwIiwic2xpZGVzaG93IjoiMzA0MjI5MCJ9\" href=\"https:\/\/www.prefabricadoscolombia.com\/wp-content\/uploads\/2025\/05\/Toperol-40-40.webp\"><figure class=\"swiper-slide-inner\"><img loading=\"lazy\" decoding=\"async\" src=\"https:\/\/www.prefabricadoscolombia.com\/wp-content\/uploads\/2025\/05\/Toperol-40-40-150x150.webp\" alt=\"Toperol 40 40\" class=\"swiper-slide-image swiper-lazy\" width=\"150\" height=\"150\" \/><div class=\"swiper-lazy-preloader\"><\/div><\/figure><\/a><\/div>\t\t\t<\/div>\n\t\t\t\t\t\t\t\t\t\t\t\t<div class=\"elementor-swiper-button elementor-swiper-button-prev\" role=\"button\" tabindex=\"0\">\n\t\t\t\t\t\t<i aria-hidden=\"true\" class=\"eicon-chevron-left\"><\/i>\t\t\t\t\t<\/div>\n\t\t\t\t\t<div class=\"elementor-swiper-button elementor-swiper-button-next\" role=\"button\" tabindex=\"0\">\n\t\t\t\t\t\t<i aria-hidden=\"true\" class=\"eicon-chevron-right\"><\/i>\t\t\t\t\t<\/div>\n\t\t\t\t\n\t\t\t\t\t\t\t\t\t<div class=\"swiper-pagination\"><\/div>\n\t\t\t\t\t\t\t\t\t<\/div>\n\t\t\t\t\t\t<\/div>\n\t\t\t\t<\/div>\n\t\t\t\t<\/div>\n\t\t\t\t<\/div>\n\t\t\t\t<\/div>\n\t\t\t\t\t<\/div>\n\t\t\t\t<\/div>\n\t\t\t\t<\/div>\n\t\t","protected":false},"excerpt":{"rendered":"<p>DESCRIPCI\u00d3N DEL PRODUCTO Uso en pavimentaci\u00f3n de andenes, zonas peatonales, plazas, parques, senderos, zonas comunes y accesos livianos. Tambi\u00e9n en jardines, patios, senderos y zonas recreativas de bajo tr\u00e1nsito. Resistencia al transito continuo y condiciones clim\u00e1ticas. INFORMACI\u00d3N DE CARACTER\u00cdSTICAS CARACTER\u00cdSTICASF\u00cdSICAS \u00c1rea Nominal (M^L) 5\u00c1rea Nominal (M^2) 25 Peso seco (kg) 5 kgResistencia 0.015 Kg\/Cm2 DIMENSIONES [&hellip;]<\/p>\n","protected":false},"author":1,"featured_media":0,"parent":0,"menu_order":0,"comment_status":"closed","ping_status":"closed","template":"","meta":{"footnotes":""},"class_list":["post-3175","page","type-page","status-publish","hentry"],"_links":{"self":[{"href":"https:\/\/www.prefabricadoscolombia.com\/index.php?rest_route=\/wp\/v2\/pages\/3175","targetHints":{"allow":["GET"]}}],"collection":[{"href":"https:\/\/www.prefabricadoscolombia.com\/index.php?rest_route=\/wp\/v2\/pages"}],"about":[{"href":"https:\/\/www.prefabricadoscolombia.com\/index.php?rest_route=\/wp\/v2\/types\/page"}],"author":[{"embeddable":true,"href":"https:\/\/www.prefabricadoscolombia.com\/index.php?rest_route=\/wp\/v2\/users\/1"}],"replies":[{"embeddable":true,"href":"https:\/\/www.prefabricadoscolombia.com\/index.php?rest_route=%2Fwp%2Fv2%2Fcomments&post=3175"}],"version-history":[{"count":50,"href":"https:\/\/www.prefabricadoscolombia.com\/index.php?rest_route=\/wp\/v2\/pages\/3175\/revisions"}],"predecessor-version":[{"id":3586,"href":"https:\/\/www.prefabricadoscolombia.com\/index.php?rest_route=\/wp\/v2\/pages\/3175\/revisions\/3586"}],"wp:attachment":[{"href":"https:\/\/www.prefabricadoscolombia.com\/index.php?rest_route=%2Fwp%2Fv2%2Fmedia&parent=3175"}],"curies":[{"name":"wp","href":"https:\/\/api.w.org\/{rel}","templated":true}]}}